{"id":3604,"date":"2025-12-07T12:16:30","date_gmt":"2025-12-07T12:16:30","guid":{"rendered":"https:\/\/realflex.com.br\/sitenovo\/?page_id=3604"},"modified":"2025-12-16T00:15:00","modified_gmt":"2025-12-16T00:15:00","slug":"dragagem","status":"publish","type":"page","link":"https:\/\/realflex.com.br\/sitenovo\/dragagem\/","title":{"rendered":"Dragagem"},"content":{"rendered":"\t\t<div data-elementor-type=\"wp-page\" data-elementor-id=\"3604\" class=\"elementor elementor-3604\" data-elementor-post-type=\"page\">\n\t\t\t\t<div class=\"elementor-element elementor-element-fd220de e-flex e-con-boxed e-con e-parent\" data-id=\"fd220de\" data-element_type=\"container\">\n\t\t\t\t\t<div class=\"e-con-inner\">\n\t\t\t\t<div class=\"elementor-element elementor-element-db30cb9 elementor-widget elementor-widget-text-editor\" data-id=\"db30cb9\" data-element_type=\"widget\" data-widget_type=\"text-editor.default\">\n\t\t\t\t<div class=\"elementor-widget-container\">\n\t\t\t\t\t\t\t\t\t<div class=\"wpb_text_column wpb_content_element \"><div class=\"wpb_wrapper\"><p>Mangueiras especialmente desenvolvidas para forte suc\u00e7\u00e3o e abras\u00e3o no atendimento do mercado de extra\u00e7\u00e3o de areia e ouro e na dragagem de lagoas, rios , represas e desassoreamentos de leitos.<\/p><\/div><\/div>\t\t\t\t\t\t\t\t<\/div>\n\t\t\t\t<\/div>\n\t\t\t\t\t<\/div>\n\t\t\t\t<\/div>\n\t\t<div class=\"elementor-element elementor-element-2961bd4 e-grid e-con-boxed e-con e-parent\" data-id=\"2961bd4\" data-element_type=\"container\">\n\t\t\t\t\t<div class=\"e-con-inner\">\n\t\t\t\t<div class=\"elementor-element elementor-element-b0ab226 elementor-grid-4 elementor-grid-tablet-3 elementor-grid-mobile-2 elementor-products-grid elementor-wc-products elementor-widget elementor-widget-woocommerce-products\" data-id=\"b0ab226\" data-element_type=\"widget\" data-widget_type=\"woocommerce-products.default\">\n\t\t\t\t<div class=\"elementor-widget-container\">\n\t\t\t\t\t<div class=\"woocommerce columns-4 \"><ul class=\"products elementor-grid columns-4\">\n<li class=\"product type-product post-3508 status-publish first instock product_cat-mangueiras-industriais product_tag-abrasivos has-post-thumbnail sold-individually shipping-taxable product-type-simple\">\n\t<a href=\"https:\/\/realflex.com.br\/sitenovo\/produto\/abrasiflex-hd\/\" class=\"woocommerce-LoopProduct-link woocommerce-loop-product__link\"><div class=\"xtra-product-thumbnail\"><div class=\"xtra-product-icons cz_tooltip_left\" data-id=\"3508\"><i class=\"fa czico-146-search-4 xtra-product-quick-view\" data-title=\"Quick view\" data-nonce=\"4d257611ee\"><\/i><\/div><img fetchpriority=\"high\" decoding=\"async\" width=\"600\" height=\"600\" src=\"data:image\/svg+xml,%3Csvg%20xmlns%3D&#39;http%3A%2F%2Fwww.w3.org%2F2000%2Fsvg&#39;%20width=&#39;600&#39;%20height=&#39;600&#39;%20viewBox%3D&#39;0%200%20600%20600&#39;%2F%3E\" data-czlz data-src=\"https:\/\/realflex.com.br\/sitenovo\/wp-content\/uploads\/2025\/08\/abrasiflex.jpg\" class=\"attachment-woocommerce_thumbnail size-woocommerce_thumbnail\" alt=\"Abrasiflex HD\" data-data-srcset=\"https:\/\/realflex.com.br\/sitenovo\/wp-content\/uploads\/2025\/08\/abrasiflex.jpg 600w, https:\/\/realflex.com.br\/sitenovo\/wp-content\/uploads\/2025\/08\/abrasiflex-300x300.jpg 300w, https:\/\/realflex.com.br\/sitenovo\/wp-content\/uploads\/2025\/08\/abrasiflex-150x150.jpg 150w, https:\/\/realflex.com.br\/sitenovo\/wp-content\/uploads\/2025\/08\/abrasiflex-100x100.jpg 100w\" data-data-sizes=\"(max-width: 600px) 100vw, 600px\" \/><\/div><h2 class=\"woocommerce-loop-product__title\">Abrasiflex HD<\/h2>\n<\/a>\t\t<a id=\"sendbtn\" href=\"https:\/\/web.whatsapp.com\/send?phone=5515991800112&text=Ol%C3%A1%20gostaria%20de%20receber%20um%20or%C3%A7amento%20para%20o%20produto.%0D%0A%0D%0A%2AAbrasiflex%20HD%2A%0D%0A%0D%0AObrigado%21&app_absent=0\" title=\"Complete order on WhatsApp to buy Abrasiflex HD\" target=\"_blank\" class=\"button add_to_cart_button wa-shop-button product_type_simple\">\r\n\t\t\tSolicite um Or\u00e7amento!\t\t<\/a>\r\n\t<\/li>\n<li class=\"product type-product post-2728 status-publish instock product_cat-agua-e-ar product_cat-linha-normal product_cat-mangueiras-industriais product_tag-agua-ar product_tag-mangueiras-borracha has-post-thumbnail sold-individually shipping-taxable product-type-simple\">\n\t<a href=\"https:\/\/realflex.com.br\/sitenovo\/produto\/agua-ar\/\" class=\"woocommerce-LoopProduct-link woocommerce-loop-product__link\"><div class=\"xtra-product-thumbnail\"><div class=\"xtra-product-icons cz_tooltip_left\" data-id=\"2728\"><i class=\"fa czico-146-search-4 xtra-product-quick-view\" data-title=\"Quick view\" data-nonce=\"4d257611ee\"><\/i><\/div><img decoding=\"async\" width=\"600\" height=\"600\" src=\"data:image\/svg+xml,%3Csvg%20xmlns%3D&#39;http%3A%2F%2Fwww.w3.org%2F2000%2Fsvg&#39;%20width=&#39;600&#39;%20height=&#39;600&#39;%20viewBox%3D&#39;0%200%20600%20600&#39;%2F%3E\" data-czlz data-src=\"https:\/\/realflex.com.br\/sitenovo\/wp-content\/uploads\/2025\/03\/agua_ar.jpg\" class=\"attachment-woocommerce_thumbnail size-woocommerce_thumbnail\" alt=\"\u00c1gua Ar\" data-data-srcset=\"https:\/\/realflex.com.br\/sitenovo\/wp-content\/uploads\/2025\/03\/agua_ar.jpg 600w, https:\/\/realflex.com.br\/sitenovo\/wp-content\/uploads\/2025\/03\/agua_ar-300x300.jpg 300w, https:\/\/realflex.com.br\/sitenovo\/wp-content\/uploads\/2025\/03\/agua_ar-150x150.jpg 150w, https:\/\/realflex.com.br\/sitenovo\/wp-content\/uploads\/2025\/03\/agua_ar-100x100.jpg 100w\" data-data-sizes=\"(max-width: 600px) 100vw, 600px\" \/><\/div><h2 class=\"woocommerce-loop-product__title\">\u00c1gua Ar<\/h2>\n<\/a>\t\t<a id=\"sendbtn\" href=\"https:\/\/web.whatsapp.com\/send?phone=5515991800112&text=Ol%C3%A1%20gostaria%20de%20receber%20um%20or%C3%A7amento%20para%20o%20produto.%0D%0A%0D%0A%2A%C3%81gua%20Ar%2A%0D%0A%0D%0AObrigado%21&app_absent=0\" title=\"Complete order on WhatsApp to buy \u00c1gua Ar\" target=\"_blank\" class=\"button add_to_cart_button wa-shop-button product_type_simple\">\r\n\t\t\tSolicite um Or\u00e7amento!\t\t<\/a>\r\n\t<\/li>\n<li class=\"product type-product post-3478 status-publish instock product_cat-mangueiras-industriais product_tag-agua-e-ar has-post-thumbnail sold-individually shipping-taxable product-type-simple\">\n\t<a href=\"https:\/\/realflex.com.br\/sitenovo\/produto\/agua-ar-sb\/\" class=\"woocommerce-LoopProduct-link woocommerce-loop-product__link\"><div class=\"xtra-product-thumbnail\"><div class=\"xtra-product-icons cz_tooltip_left\" data-id=\"3478\"><i class=\"fa czico-146-search-4 xtra-product-quick-view\" data-title=\"Quick view\" data-nonce=\"4d257611ee\"><\/i><\/div><img decoding=\"async\" width=\"600\" height=\"600\" src=\"data:image\/svg+xml,%3Csvg%20xmlns%3D&#39;http%3A%2F%2Fwww.w3.org%2F2000%2Fsvg&#39;%20width=&#39;600&#39;%20height=&#39;600&#39;%20viewBox%3D&#39;0%200%20600%20600&#39;%2F%3E\" data-czlz data-src=\"https:\/\/realflex.com.br\/sitenovo\/wp-content\/uploads\/2025\/08\/agua-ar-sb.jpg\" class=\"attachment-woocommerce_thumbnail size-woocommerce_thumbnail\" alt=\"\u00c1gua Ar SB\" data-data-srcset=\"https:\/\/realflex.com.br\/sitenovo\/wp-content\/uploads\/2025\/08\/agua-ar-sb.jpg 600w, https:\/\/realflex.com.br\/sitenovo\/wp-content\/uploads\/2025\/08\/agua-ar-sb-300x300.jpg 300w, https:\/\/realflex.com.br\/sitenovo\/wp-content\/uploads\/2025\/08\/agua-ar-sb-150x150.jpg 150w, https:\/\/realflex.com.br\/sitenovo\/wp-content\/uploads\/2025\/08\/agua-ar-sb-100x100.jpg 100w\" data-data-sizes=\"(max-width: 600px) 100vw, 600px\" \/><\/div><h2 class=\"woocommerce-loop-product__title\">\u00c1gua Ar SB<\/h2>\n<\/a>\t\t<a id=\"sendbtn\" href=\"https:\/\/web.whatsapp.com\/send?phone=5515991800112&text=Ol%C3%A1%20gostaria%20de%20receber%20um%20or%C3%A7amento%20para%20o%20produto.%0D%0A%0D%0A%2A%C3%81gua%20Ar%20SB%2A%0D%0A%0D%0AObrigado%21&app_absent=0\" title=\"Complete order on WhatsApp to buy \u00c1gua Ar SB\" target=\"_blank\" class=\"button add_to_cart_button wa-shop-button product_type_simple\">\r\n\t\t\tSolicite um Or\u00e7amento!\t\t<\/a>\r\n\t<\/li>\n<li class=\"product type-product post-3488 status-publish last instock product_cat-mangueiras-industriais product_tag-agua-e-ar has-post-thumbnail sold-individually shipping-taxable product-type-simple\">\n\t<a href=\"https:\/\/realflex.com.br\/sitenovo\/produto\/aguabruta-hd\/\" class=\"woocommerce-LoopProduct-link woocommerce-loop-product__link\"><div class=\"xtra-product-thumbnail\"><div class=\"xtra-product-icons cz_tooltip_left\" data-id=\"3488\"><i class=\"fa czico-146-search-4 xtra-product-quick-view\" data-title=\"Quick view\" data-nonce=\"4d257611ee\"><\/i><\/div><img loading=\"lazy\" decoding=\"async\" width=\"600\" height=\"600\" src=\"data:image\/svg+xml,%3Csvg%20xmlns%3D&#39;http%3A%2F%2Fwww.w3.org%2F2000%2Fsvg&#39;%20width=&#39;600&#39;%20height=&#39;600&#39;%20viewBox%3D&#39;0%200%20600%20600&#39;%2F%3E\" data-czlz data-src=\"https:\/\/realflex.com.br\/sitenovo\/wp-content\/uploads\/2025\/03\/agua_ar.jpg\" class=\"attachment-woocommerce_thumbnail size-woocommerce_thumbnail\" alt=\"Aguabruta HD\" data-data-srcset=\"https:\/\/realflex.com.br\/sitenovo\/wp-content\/uploads\/2025\/03\/agua_ar.jpg 600w, https:\/\/realflex.com.br\/sitenovo\/wp-content\/uploads\/2025\/03\/agua_ar-300x300.jpg 300w, https:\/\/realflex.com.br\/sitenovo\/wp-content\/uploads\/2025\/03\/agua_ar-150x150.jpg 150w, https:\/\/realflex.com.br\/sitenovo\/wp-content\/uploads\/2025\/03\/agua_ar-100x100.jpg 100w\" data-data-sizes=\"(max-width: 600px) 100vw, 600px\" \/><\/div><h2 class=\"woocommerce-loop-product__title\">Aguabruta HD<\/h2>\n<\/a>\t\t<a id=\"sendbtn\" href=\"https:\/\/web.whatsapp.com\/send?phone=5515991800112&text=Ol%C3%A1%20gostaria%20de%20receber%20um%20or%C3%A7amento%20para%20o%20produto.%0D%0A%0D%0A%2AAguabruta%20HD%2A%0D%0A%0D%0AObrigado%21&app_absent=0\" title=\"Complete order on WhatsApp to buy Aguabruta HD\" target=\"_blank\" class=\"button add_to_cart_button wa-shop-button product_type_simple\">\r\n\t\t\tSolicite um Or\u00e7amento!\t\t<\/a>\r\n\t<\/li>\n<li class=\"product type-product post-3491 status-publish first instock product_cat-mangueiras-industriais product_tag-agua-e-ar has-post-thumbnail sold-individually shipping-taxable product-type-simple\">\n\t<a href=\"https:\/\/realflex.com.br\/sitenovo\/produto\/cordflex\/\" class=\"woocommerce-LoopProduct-link woocommerce-loop-product__link\"><div class=\"xtra-product-thumbnail\"><div class=\"xtra-product-icons cz_tooltip_left\" data-id=\"3491\"><i class=\"fa czico-146-search-4 xtra-product-quick-view\" data-title=\"Quick view\" data-nonce=\"4d257611ee\"><\/i><\/div><img loading=\"lazy\" decoding=\"async\" width=\"600\" height=\"600\" src=\"data:image\/svg+xml,%3Csvg%20xmlns%3D&#39;http%3A%2F%2Fwww.w3.org%2F2000%2Fsvg&#39;%20width=&#39;600&#39;%20height=&#39;600&#39;%20viewBox%3D&#39;0%200%20600%20600&#39;%2F%3E\" data-czlz data-src=\"https:\/\/realflex.com.br\/sitenovo\/wp-content\/uploads\/2025\/08\/cordflex.jpg\" class=\"attachment-woocommerce_thumbnail size-woocommerce_thumbnail\" alt=\"Cordflex\" data-data-srcset=\"https:\/\/realflex.com.br\/sitenovo\/wp-content\/uploads\/2025\/08\/cordflex.jpg 600w, https:\/\/realflex.com.br\/sitenovo\/wp-content\/uploads\/2025\/08\/cordflex-300x300.jpg 300w, https:\/\/realflex.com.br\/sitenovo\/wp-content\/uploads\/2025\/08\/cordflex-150x150.jpg 150w, https:\/\/realflex.com.br\/sitenovo\/wp-content\/uploads\/2025\/08\/cordflex-100x100.jpg 100w\" data-data-sizes=\"(max-width: 600px) 100vw, 600px\" \/><\/div><h2 class=\"woocommerce-loop-product__title\">Cordflex<\/h2>\n<\/a>\t\t<a id=\"sendbtn\" href=\"https:\/\/web.whatsapp.com\/send?phone=5515991800112&text=Ol%C3%A1%20gostaria%20de%20receber%20um%20or%C3%A7amento%20para%20o%20produto.%0D%0A%0D%0A%2ACordflex%2A%0D%0A%0D%0AObrigado%21&app_absent=0\" title=\"Complete order on WhatsApp to buy Cordflex\" target=\"_blank\" class=\"button add_to_cart_button wa-shop-button product_type_simple\">\r\n\t\t\tSolicite um Or\u00e7amento!\t\t<\/a>\r\n\t<\/li>\n<li class=\"product type-product post-3504 status-publish instock product_cat-mangueiras-industriais product_tag-abrasivos has-post-thumbnail sold-individually shipping-taxable product-type-simple\">\n\t<a href=\"https:\/\/realflex.com.br\/sitenovo\/produto\/curva-dragaflex\/\" class=\"woocommerce-LoopProduct-link woocommerce-loop-product__link\"><div class=\"xtra-product-thumbnail\"><div class=\"xtra-product-icons cz_tooltip_left\" data-id=\"3504\"><i class=\"fa czico-146-search-4 xtra-product-quick-view\" data-title=\"Quick view\" data-nonce=\"4d257611ee\"><\/i><\/div><img loading=\"lazy\" decoding=\"async\" width=\"600\" height=\"600\" src=\"data:image\/svg+xml,%3Csvg%20xmlns%3D&#39;http%3A%2F%2Fwww.w3.org%2F2000%2Fsvg&#39;%20width=&#39;600&#39;%20height=&#39;600&#39;%20viewBox%3D&#39;0%200%20600%20600&#39;%2F%3E\" data-czlz data-src=\"https:\/\/realflex.com.br\/sitenovo\/wp-content\/uploads\/2025\/08\/curva-dragaflex.jpg\" class=\"attachment-woocommerce_thumbnail size-woocommerce_thumbnail\" alt=\"Curva Dragaflex\" data-data-srcset=\"https:\/\/realflex.com.br\/sitenovo\/wp-content\/uploads\/2025\/08\/curva-dragaflex.jpg 600w, https:\/\/realflex.com.br\/sitenovo\/wp-content\/uploads\/2025\/08\/curva-dragaflex-300x300.jpg 300w, https:\/\/realflex.com.br\/sitenovo\/wp-content\/uploads\/2025\/08\/curva-dragaflex-150x150.jpg 150w, https:\/\/realflex.com.br\/sitenovo\/wp-content\/uploads\/2025\/08\/curva-dragaflex-100x100.jpg 100w\" data-data-sizes=\"(max-width: 600px) 100vw, 600px\" \/><\/div><h2 class=\"woocommerce-loop-product__title\">Curva Dragaflex<\/h2>\n<\/a>\t\t<a id=\"sendbtn\" href=\"https:\/\/web.whatsapp.com\/send?phone=5515991800112&text=Ol%C3%A1%20gostaria%20de%20receber%20um%20or%C3%A7amento%20para%20o%20produto.%0D%0A%0D%0A%2ACurva%20Dragaflex%2A%0D%0A%0D%0AObrigado%21&app_absent=0\" title=\"Complete order on WhatsApp to buy Curva Dragaflex\" target=\"_blank\" class=\"button add_to_cart_button wa-shop-button product_type_simple\">\r\n\t\t\tSolicite um Or\u00e7amento!\t\t<\/a>\r\n\t<\/li>\n<li class=\"product type-product post-3505 status-publish instock product_cat-mangueiras-industriais product_tag-abrasivos has-post-thumbnail sold-individually shipping-taxable product-type-simple\">\n\t<a href=\"https:\/\/realflex.com.br\/sitenovo\/produto\/dragaflex\/\" class=\"woocommerce-LoopProduct-link woocommerce-loop-product__link\"><div class=\"xtra-product-thumbnail\"><div class=\"xtra-product-icons cz_tooltip_left\" data-id=\"3505\"><i class=\"fa czico-146-search-4 xtra-product-quick-view\" data-title=\"Quick view\" data-nonce=\"4d257611ee\"><\/i><\/div><img loading=\"lazy\" decoding=\"async\" width=\"600\" height=\"600\" src=\"data:image\/svg+xml,%3Csvg%20xmlns%3D&#39;http%3A%2F%2Fwww.w3.org%2F2000%2Fsvg&#39;%20width=&#39;600&#39;%20height=&#39;600&#39;%20viewBox%3D&#39;0%200%20600%20600&#39;%2F%3E\" data-czlz data-src=\"https:\/\/realflex.com.br\/sitenovo\/wp-content\/uploads\/2025\/08\/dragaflex.jpg\" class=\"attachment-woocommerce_thumbnail size-woocommerce_thumbnail\" alt=\"Dragaflex\" data-data-srcset=\"https:\/\/realflex.com.br\/sitenovo\/wp-content\/uploads\/2025\/08\/dragaflex.jpg 600w, https:\/\/realflex.com.br\/sitenovo\/wp-content\/uploads\/2025\/08\/dragaflex-300x300.jpg 300w, https:\/\/realflex.com.br\/sitenovo\/wp-content\/uploads\/2025\/08\/dragaflex-150x150.jpg 150w, https:\/\/realflex.com.br\/sitenovo\/wp-content\/uploads\/2025\/08\/dragaflex-100x100.jpg 100w\" data-data-sizes=\"(max-width: 600px) 100vw, 600px\" \/><\/div><h2 class=\"woocommerce-loop-product__title\">Dragaflex<\/h2>\n<\/a>\t\t<a id=\"sendbtn\" href=\"https:\/\/web.whatsapp.com\/send?phone=5515991800112&text=Ol%C3%A1%20gostaria%20de%20receber%20um%20or%C3%A7amento%20para%20o%20produto.%0D%0A%0D%0A%2ADragaflex%2A%0D%0A%0D%0AObrigado%21&app_absent=0\" title=\"Complete order on WhatsApp to buy Dragaflex\" target=\"_blank\" class=\"button add_to_cart_button wa-shop-button product_type_simple\">\r\n\t\t\tSolicite um Or\u00e7amento!\t\t<\/a>\r\n\t<\/li>\n<li class=\"product type-product post-3502 status-publish last instock product_cat-mangueiras-industriais product_tag-abrasivos has-post-thumbnail sold-individually shipping-taxable product-type-simple\">\n\t<a href=\"https:\/\/realflex.com.br\/sitenovo\/produto\/dragaflex-hd\/\" class=\"woocommerce-LoopProduct-link woocommerce-loop-product__link\"><div class=\"xtra-product-thumbnail\"><div class=\"xtra-product-icons cz_tooltip_left\" data-id=\"3502\"><i class=\"fa czico-146-search-4 xtra-product-quick-view\" data-title=\"Quick view\" data-nonce=\"4d257611ee\"><\/i><\/div><img loading=\"lazy\" decoding=\"async\" width=\"600\" height=\"600\" src=\"data:image\/svg+xml,%3Csvg%20xmlns%3D&#39;http%3A%2F%2Fwww.w3.org%2F2000%2Fsvg&#39;%20width=&#39;600&#39;%20height=&#39;600&#39;%20viewBox%3D&#39;0%200%20600%20600&#39;%2F%3E\" data-czlz data-src=\"https:\/\/realflex.com.br\/sitenovo\/wp-content\/uploads\/2025\/08\/dragaflexHD.jpg\" class=\"attachment-woocommerce_thumbnail size-woocommerce_thumbnail\" alt=\"Dragaflex HD\" data-data-srcset=\"https:\/\/realflex.com.br\/sitenovo\/wp-content\/uploads\/2025\/08\/dragaflexHD.jpg 600w, https:\/\/realflex.com.br\/sitenovo\/wp-content\/uploads\/2025\/08\/dragaflexHD-300x300.jpg 300w, https:\/\/realflex.com.br\/sitenovo\/wp-content\/uploads\/2025\/08\/dragaflexHD-150x150.jpg 150w, https:\/\/realflex.com.br\/sitenovo\/wp-content\/uploads\/2025\/08\/dragaflexHD-100x100.jpg 100w\" data-data-sizes=\"(max-width: 600px) 100vw, 600px\" \/><\/div><h2 class=\"woocommerce-loop-product__title\">Dragaflex HD<\/h2>\n<\/a>\t\t<a id=\"sendbtn\" href=\"https:\/\/web.whatsapp.com\/send?phone=5515991800112&text=Ol%C3%A1%20gostaria%20de%20receber%20um%20or%C3%A7amento%20para%20o%20produto.%0D%0A%0D%0A%2ADragaflex%20HD%2A%0D%0A%0D%0AObrigado%21&app_absent=0\" title=\"Complete order on WhatsApp to buy Dragaflex HD\" target=\"_blank\" class=\"button add_to_cart_button wa-shop-button product_type_simple\">\r\n\t\t\tSolicite um Or\u00e7amento!\t\t<\/a>\r\n\t<\/li>\n<li class=\"product type-product post-3481 status-publish first instock product_cat-mangueiras-industriais product_tag-agua-e-ar has-post-thumbnail sold-individually shipping-taxable product-type-simple\">\n\t<a href=\"https:\/\/realflex.com.br\/sitenovo\/produto\/hidroflex-lava-auto\/\" class=\"woocommerce-LoopProduct-link woocommerce-loop-product__link\"><div class=\"xtra-product-thumbnail\"><div class=\"xtra-product-icons cz_tooltip_left\" data-id=\"3481\"><i class=\"fa czico-146-search-4 xtra-product-quick-view\" data-title=\"Quick view\" data-nonce=\"4d257611ee\"><\/i><\/div><img loading=\"lazy\" decoding=\"async\" width=\"600\" height=\"600\" src=\"data:image\/svg+xml,%3Csvg%20xmlns%3D&#39;http%3A%2F%2Fwww.w3.org%2F2000%2Fsvg&#39;%20width=&#39;600&#39;%20height=&#39;600&#39;%20viewBox%3D&#39;0%200%20600%20600&#39;%2F%3E\" data-czlz data-src=\"https:\/\/realflex.com.br\/sitenovo\/wp-content\/uploads\/2025\/08\/1.jpg\" class=\"attachment-woocommerce_thumbnail size-woocommerce_thumbnail\" alt=\"Hidroflex (Lava-Auto)\" data-data-srcset=\"https:\/\/realflex.com.br\/sitenovo\/wp-content\/uploads\/2025\/08\/1.jpg 600w, https:\/\/realflex.com.br\/sitenovo\/wp-content\/uploads\/2025\/08\/1-300x300.jpg 300w, https:\/\/realflex.com.br\/sitenovo\/wp-content\/uploads\/2025\/08\/1-150x150.jpg 150w, https:\/\/realflex.com.br\/sitenovo\/wp-content\/uploads\/2025\/08\/1-100x100.jpg 100w\" data-data-sizes=\"(max-width: 600px) 100vw, 600px\" \/><\/div><h2 class=\"woocommerce-loop-product__title\">Hidroflex (Lava-Auto)<\/h2>\n<\/a>\t\t<a id=\"sendbtn\" href=\"https:\/\/web.whatsapp.com\/send?phone=5515991800112&text=Ol%C3%A1%20gostaria%20de%20receber%20um%20or%C3%A7amento%20para%20o%20produto.%0D%0A%0D%0A%2AHidroflex%20%28Lava-Auto%29%2A%0D%0A%0D%0AObrigado%21&app_absent=0\" title=\"Complete order on WhatsApp to buy Hidroflex (Lava-Auto)\" target=\"_blank\" class=\"button add_to_cart_button wa-shop-button product_type_simple\">\r\n\t\t\tSolicite um Or\u00e7amento!\t\t<\/a>\r\n\t<\/li>\n<li class=\"product type-product post-3486 status-publish instock product_cat-mangueiras-industriais product_tag-agua-e-ar has-post-thumbnail sold-individually shipping-taxable product-type-simple\">\n\t<a href=\"https:\/\/realflex.com.br\/sitenovo\/produto\/multiflex\/\" class=\"woocommerce-LoopProduct-link woocommerce-loop-product__link\"><div class=\"xtra-product-thumbnail\"><div class=\"xtra-product-icons cz_tooltip_left\" data-id=\"3486\"><i class=\"fa czico-146-search-4 xtra-product-quick-view\" data-title=\"Quick view\" data-nonce=\"4d257611ee\"><\/i><\/div><img loading=\"lazy\" decoding=\"async\" width=\"600\" height=\"600\" src=\"data:image\/svg+xml,%3Csvg%20xmlns%3D&#39;http%3A%2F%2Fwww.w3.org%2F2000%2Fsvg&#39;%20width=&#39;600&#39;%20height=&#39;600&#39;%20viewBox%3D&#39;0%200%20600%20600&#39;%2F%3E\" data-czlz data-src=\"https:\/\/realflex.com.br\/sitenovo\/wp-content\/uploads\/2025\/08\/multiflex.jpg\" class=\"attachment-woocommerce_thumbnail size-woocommerce_thumbnail\" alt=\"Multiflex\" data-data-srcset=\"https:\/\/realflex.com.br\/sitenovo\/wp-content\/uploads\/2025\/08\/multiflex.jpg 600w, https:\/\/realflex.com.br\/sitenovo\/wp-content\/uploads\/2025\/08\/multiflex-300x300.jpg 300w, https:\/\/realflex.com.br\/sitenovo\/wp-content\/uploads\/2025\/08\/multiflex-150x150.jpg 150w, https:\/\/realflex.com.br\/sitenovo\/wp-content\/uploads\/2025\/08\/multiflex-100x100.jpg 100w\" data-data-sizes=\"(max-width: 600px) 100vw, 600px\" \/><\/div><h2 class=\"woocommerce-loop-product__title\">Multiflex<\/h2>\n<\/a>\t\t<a id=\"sendbtn\" href=\"https:\/\/web.whatsapp.com\/send?phone=5515991800112&text=Ol%C3%A1%20gostaria%20de%20receber%20um%20or%C3%A7amento%20para%20o%20produto.%0D%0A%0D%0A%2AMultiflex%2A%0D%0A%0D%0AObrigado%21&app_absent=0\" title=\"Complete order on WhatsApp to buy Multiflex\" target=\"_blank\" class=\"button add_to_cart_button wa-shop-button product_type_simple\">\r\n\t\t\tSolicite um Or\u00e7amento!\t\t<\/a>\r\n\t<\/li>\n<li class=\"product type-product post-3497 status-publish instock product_cat-mangueiras-industriais product_tag-agua-e-ar has-post-thumbnail sold-individually shipping-taxable product-type-simple\">\n\t<a href=\"https:\/\/realflex.com.br\/sitenovo\/produto\/multiflex-sy\/\" class=\"woocommerce-LoopProduct-link woocommerce-loop-product__link\"><div class=\"xtra-product-thumbnail\"><div class=\"xtra-product-icons cz_tooltip_left\" data-id=\"3497\"><i class=\"fa czico-146-search-4 xtra-product-quick-view\" data-title=\"Quick view\" data-nonce=\"4d257611ee\"><\/i><\/div><img loading=\"lazy\" decoding=\"async\" width=\"600\" height=\"600\" src=\"data:image\/svg+xml,%3Csvg%20xmlns%3D&#39;http%3A%2F%2Fwww.w3.org%2F2000%2Fsvg&#39;%20width=&#39;600&#39;%20height=&#39;600&#39;%20viewBox%3D&#39;0%200%20600%20600&#39;%2F%3E\" data-czlz data-src=\"https:\/\/realflex.com.br\/sitenovo\/wp-content\/uploads\/2025\/03\/agua_ar.jpg\" class=\"attachment-woocommerce_thumbnail size-woocommerce_thumbnail\" alt=\"Multiflex SY\" data-data-srcset=\"https:\/\/realflex.com.br\/sitenovo\/wp-content\/uploads\/2025\/03\/agua_ar.jpg 600w, https:\/\/realflex.com.br\/sitenovo\/wp-content\/uploads\/2025\/03\/agua_ar-300x300.jpg 300w, https:\/\/realflex.com.br\/sitenovo\/wp-content\/uploads\/2025\/03\/agua_ar-150x150.jpg 150w, https:\/\/realflex.com.br\/sitenovo\/wp-content\/uploads\/2025\/03\/agua_ar-100x100.jpg 100w\" data-data-sizes=\"(max-width: 600px) 100vw, 600px\" \/><\/div><h2 class=\"woocommerce-loop-product__title\">Multiflex SY<\/h2>\n<\/a>\t\t<a id=\"sendbtn\" href=\"https:\/\/web.whatsapp.com\/send?phone=5515991800112&text=Ol%C3%A1%20gostaria%20de%20receber%20um%20or%C3%A7amento%20para%20o%20produto.%0D%0A%0D%0A%2AMultiflex%20SY%2A%0D%0A%0D%0AObrigado%21&app_absent=0\" title=\"Complete order on WhatsApp to buy Multiflex SY\" target=\"_blank\" class=\"button add_to_cart_button wa-shop-button product_type_simple\">\r\n\t\t\tSolicite um Or\u00e7amento!\t\t<\/a>\r\n\t<\/li>\n<\/ul>\n<div id=\"cz_xtra_quick_view\" class=\"cz_xtra_quick_view\"><div id=\"xtra_quick_view\" class=\"cz_popup_modal clr\"><div class=\"cz_popup_in\"><div><\/div><\/div><i class=\"fa czico-198-cancel cz_close_popup\"><\/i><div class=\"cz_overlay\"><\/div><\/div><\/div><div class=\"codevz-added-to-cart-notif\"><i class=\"fa fa-check\"><\/i><span>\"<strong><\/strong>\" has been added to your cart.<a class=\"button\" href=\"https:\/\/realflex.com.br\/sitenovo\/cart\/\">View cart<\/a><\/span><\/div><\/div>\t\t\t\t<\/div>\n\t\t\t\t<\/div>\n\t\t\t\t\t<\/div>\n\t\t\t\t<\/div>\n\t\t\t\t<\/div>\n\t\t","protected":false},"excerpt":{"rendered":"<p>Mangueiras especialmente desenvolvidas para forte suc\u00e7\u00e3o e abras\u00e3o no atendimento do &#8230; <\/p>\n","protected":false},"author":1,"featured_media":0,"parent":0,"menu_order":0,"comment_status":"closed","ping_status":"closed","template":"","meta":{"pagelayer_contact_templates":[],"_pagelayer_content":"","footnotes":""},"class_list":["post-3604","page","type-page","status-publish","hentry"],"_links":{"self":[{"href":"https:\/\/realflex.com.br\/sitenovo\/wp-json\/wp\/v2\/pages\/3604","targetHints":{"allow":["GET"]}}],"collection":[{"href":"https:\/\/realflex.com.br\/sitenovo\/wp-json\/wp\/v2\/pages"}],"about":[{"href":"https:\/\/realflex.com.br\/sitenovo\/wp-json\/wp\/v2\/types\/page"}],"author":[{"embeddable":true,"href":"https:\/\/realflex.com.br\/sitenovo\/wp-json\/wp\/v2\/users\/1"}],"replies":[{"embeddable":true,"href":"https:\/\/realflex.com.br\/sitenovo\/wp-json\/wp\/v2\/comments?post=3604"}],"version-history":[{"count":13,"href":"https:\/\/realflex.com.br\/sitenovo\/wp-json\/wp\/v2\/pages\/3604\/revisions"}],"predecessor-version":[{"id":3774,"href":"https:\/\/realflex.com.br\/sitenovo\/wp-json\/wp\/v2\/pages\/3604\/revisions\/3774"}],"wp:attachment":[{"href":"https:\/\/realflex.com.br\/sitenovo\/wp-json\/wp\/v2\/media?parent=3604"}],"curies":[{"name":"wp","href":"https:\/\/api.w.org\/{rel}","templated":true}]}}