{"id":3609,"date":"2025-12-07T12:25:40","date_gmt":"2025-12-07T12:25:40","guid":{"rendered":"https:\/\/realflex.com.br\/sitenovo\/?page_id=3609"},"modified":"2025-12-16T00:18:39","modified_gmt":"2025-12-16T00:18:39","slug":"industria-de-bebidas-alimentos-e-cosmeticos-farmaceutico","status":"publish","type":"page","link":"https:\/\/realflex.com.br\/sitenovo\/industria-de-bebidas-alimentos-e-cosmeticos-farmaceutico\/","title":{"rendered":"Ind\u00fastria de Bebidas, Alimentos e Cosm\u00e9ticos\/Farmac\u00eautico"},"content":{"rendered":"\t\t<div data-elementor-type=\"wp-page\" data-elementor-id=\"3609\" class=\"elementor elementor-3609\" data-elementor-post-type=\"page\">\n\t\t\t\t<div class=\"elementor-element elementor-element-fd220de e-flex e-con-boxed e-con e-parent\" data-id=\"fd220de\" data-element_type=\"container\">\n\t\t\t\t\t<div class=\"e-con-inner\">\n\t\t\t\t<div class=\"elementor-element elementor-element-db30cb9 elementor-widget elementor-widget-text-editor\" data-id=\"db30cb9\" data-element_type=\"widget\" data-widget_type=\"text-editor.default\">\n\t\t\t\t<div class=\"elementor-widget-container\">\n\t\t\t\t\t\t\t\t\t<div class=\"wpb_text_column wpb_content_element \"><div class=\"wpb_wrapper\"><p>Mangueiras at\u00f3xicas, leve e flex\u00edveis que atendem normas especificas para mercado de alimentos, cosm\u00e9ticos e farmac\u00eautico.<\/p><\/div><\/div>\t\t\t\t\t\t\t\t<\/div>\n\t\t\t\t<\/div>\n\t\t\t\t\t<\/div>\n\t\t\t\t<\/div>\n\t\t<div class=\"elementor-element elementor-element-2961bd4 e-grid e-con-boxed e-con e-parent\" data-id=\"2961bd4\" data-element_type=\"container\">\n\t\t\t\t\t<div class=\"e-con-inner\">\n\t\t\t\t<div class=\"elementor-element elementor-element-b0ab226 elementor-grid-4 elementor-grid-tablet-3 elementor-grid-mobile-2 elementor-products-grid elementor-wc-products elementor-widget elementor-widget-woocommerce-products\" data-id=\"b0ab226\" data-element_type=\"widget\" data-widget_type=\"woocommerce-products.default\">\n\t\t\t\t<div class=\"elementor-widget-container\">\n\t\t\t\t\t<div class=\"woocommerce columns-4 \"><ul class=\"products elementor-grid columns-4\">\n<li class=\"product type-product post-3464 status-publish first instock product_cat-mangueiras-industriais product_tag-produtos-alimenticios has-post-thumbnail sold-individually shipping-taxable product-type-simple\">\n\t<a href=\"https:\/\/realflex.com.br\/sitenovo\/produto\/aliflex-d\/\" class=\"woocommerce-LoopProduct-link woocommerce-loop-product__link\"><div class=\"xtra-product-thumbnail\"><div class=\"xtra-product-icons cz_tooltip_left\" data-id=\"3464\"><i class=\"fa czico-146-search-4 xtra-product-quick-view\" data-title=\"Quick view\" data-nonce=\"4d257611ee\"><\/i><\/div><img fetchpriority=\"high\" decoding=\"async\" width=\"600\" height=\"600\" src=\"data:image\/svg+xml,%3Csvg%20xmlns%3D&#39;http%3A%2F%2Fwww.w3.org%2F2000%2Fsvg&#39;%20width=&#39;600&#39;%20height=&#39;600&#39;%20viewBox%3D&#39;0%200%20600%20600&#39;%2F%3E\" data-czlz data-src=\"https:\/\/realflex.com.br\/sitenovo\/wp-content\/uploads\/2025\/07\/aliflexD.jpg\" class=\"attachment-woocommerce_thumbnail size-woocommerce_thumbnail\" alt=\"Aliflex D\" data-data-srcset=\"https:\/\/realflex.com.br\/sitenovo\/wp-content\/uploads\/2025\/07\/aliflexD.jpg 600w, https:\/\/realflex.com.br\/sitenovo\/wp-content\/uploads\/2025\/07\/aliflexD-300x300.jpg 300w, https:\/\/realflex.com.br\/sitenovo\/wp-content\/uploads\/2025\/07\/aliflexD-150x150.jpg 150w, https:\/\/realflex.com.br\/sitenovo\/wp-content\/uploads\/2025\/07\/aliflexD-100x100.jpg 100w\" data-data-sizes=\"(max-width: 600px) 100vw, 600px\" \/><\/div><h2 class=\"woocommerce-loop-product__title\">Aliflex D<\/h2>\n<\/a>\t\t<a id=\"sendbtn\" href=\"https:\/\/web.whatsapp.com\/send?phone=5515991800112&text=Ol%C3%A1%20gostaria%20de%20receber%20um%20or%C3%A7amento%20para%20o%20produto.%0D%0A%0D%0A%2AAliflex%20D%2A%0D%0A%0D%0AObrigado%21&app_absent=0\" title=\"Complete order on WhatsApp to buy Aliflex D\" target=\"_blank\" class=\"button add_to_cart_button wa-shop-button product_type_simple\">\r\n\t\t\tSolicite um Or\u00e7amento!\t\t<\/a>\r\n\t<\/li>\n<li class=\"product type-product post-3458 status-publish instock product_cat-mangueiras-industriais product_tag-produtos-alimenticios has-post-thumbnail sold-individually shipping-taxable product-type-simple\">\n\t<a href=\"https:\/\/realflex.com.br\/sitenovo\/produto\/aliflex-sd\/\" class=\"woocommerce-LoopProduct-link woocommerce-loop-product__link\"><div class=\"xtra-product-thumbnail\"><div class=\"xtra-product-icons cz_tooltip_left\" data-id=\"3458\"><i class=\"fa czico-146-search-4 xtra-product-quick-view\" data-title=\"Quick view\" data-nonce=\"4d257611ee\"><\/i><\/div><img decoding=\"async\" width=\"600\" height=\"600\" src=\"data:image\/svg+xml,%3Csvg%20xmlns%3D&#39;http%3A%2F%2Fwww.w3.org%2F2000%2Fsvg&#39;%20width=&#39;600&#39;%20height=&#39;600&#39;%20viewBox%3D&#39;0%200%20600%20600&#39;%2F%3E\" data-czlz data-src=\"https:\/\/realflex.com.br\/sitenovo\/wp-content\/uploads\/2025\/07\/aliflexSD.jpg\" class=\"attachment-woocommerce_thumbnail size-woocommerce_thumbnail\" alt=\"Aliflex SD\" data-data-srcset=\"https:\/\/realflex.com.br\/sitenovo\/wp-content\/uploads\/2025\/07\/aliflexSD.jpg 600w, https:\/\/realflex.com.br\/sitenovo\/wp-content\/uploads\/2025\/07\/aliflexSD-300x300.jpg 300w, https:\/\/realflex.com.br\/sitenovo\/wp-content\/uploads\/2025\/07\/aliflexSD-150x150.jpg 150w, https:\/\/realflex.com.br\/sitenovo\/wp-content\/uploads\/2025\/07\/aliflexSD-100x100.jpg 100w\" data-data-sizes=\"(max-width: 600px) 100vw, 600px\" \/><\/div><h2 class=\"woocommerce-loop-product__title\">Aliflex SD<\/h2>\n<\/a>\t\t<a id=\"sendbtn\" href=\"https:\/\/web.whatsapp.com\/send?phone=5515991800112&text=Ol%C3%A1%20gostaria%20de%20receber%20um%20or%C3%A7amento%20para%20o%20produto.%0D%0A%0D%0A%2AAliflex%20SD%2A%0D%0A%0D%0AObrigado%21&app_absent=0\" title=\"Complete order on WhatsApp to buy Aliflex SD\" target=\"_blank\" class=\"button add_to_cart_button wa-shop-button product_type_simple\">\r\n\t\t\tSolicite um Or\u00e7amento!\t\t<\/a>\r\n\t<\/li>\n<li class=\"product type-product post-3459 status-publish instock product_cat-mangueiras-industriais product_tag-produtos-alimenticios has-post-thumbnail sold-individually shipping-taxable product-type-simple\">\n\t<a href=\"https:\/\/realflex.com.br\/sitenovo\/produto\/atoxiflex-hd\/\" class=\"woocommerce-LoopProduct-link woocommerce-loop-product__link\"><div class=\"xtra-product-thumbnail\"><div class=\"xtra-product-icons cz_tooltip_left\" data-id=\"3459\"><i class=\"fa czico-146-search-4 xtra-product-quick-view\" data-title=\"Quick view\" data-nonce=\"4d257611ee\"><\/i><\/div><img decoding=\"async\" width=\"600\" height=\"600\" src=\"data:image\/svg+xml,%3Csvg%20xmlns%3D&#39;http%3A%2F%2Fwww.w3.org%2F2000%2Fsvg&#39;%20width=&#39;600&#39;%20height=&#39;600&#39;%20viewBox%3D&#39;0%200%20600%20600&#39;%2F%3E\" data-czlz data-src=\"https:\/\/realflex.com.br\/sitenovo\/wp-content\/uploads\/2025\/07\/atoxiflexHD.jpg\" class=\"attachment-woocommerce_thumbnail size-woocommerce_thumbnail\" alt=\"Atoxiflex HD\" data-data-srcset=\"https:\/\/realflex.com.br\/sitenovo\/wp-content\/uploads\/2025\/07\/atoxiflexHD.jpg 600w, https:\/\/realflex.com.br\/sitenovo\/wp-content\/uploads\/2025\/07\/atoxiflexHD-300x300.jpg 300w, https:\/\/realflex.com.br\/sitenovo\/wp-content\/uploads\/2025\/07\/atoxiflexHD-150x150.jpg 150w, https:\/\/realflex.com.br\/sitenovo\/wp-content\/uploads\/2025\/07\/atoxiflexHD-100x100.jpg 100w\" data-data-sizes=\"(max-width: 600px) 100vw, 600px\" \/><\/div><h2 class=\"woocommerce-loop-product__title\">Atoxiflex HD<\/h2>\n<\/a>\t\t<a id=\"sendbtn\" href=\"https:\/\/web.whatsapp.com\/send?phone=5515991800112&text=Ol%C3%A1%20gostaria%20de%20receber%20um%20or%C3%A7amento%20para%20o%20produto.%0D%0A%0D%0A%2AAtoxiflex%20HD%2A%0D%0A%0D%0AObrigado%21&app_absent=0\" title=\"Complete order on WhatsApp to buy Atoxiflex HD\" target=\"_blank\" class=\"button add_to_cart_button wa-shop-button product_type_simple\">\r\n\t\t\tSolicite um Or\u00e7amento!\t\t<\/a>\r\n\t<\/li>\n<li class=\"product type-product post-3460 status-publish last instock product_cat-mangueiras-industriais product_tag-produtos-alimenticios has-post-thumbnail sold-individually shipping-taxable product-type-simple\">\n\t<a href=\"https:\/\/realflex.com.br\/sitenovo\/produto\/atoxiflex-succao-hd\/\" class=\"woocommerce-LoopProduct-link woocommerce-loop-product__link\"><div class=\"xtra-product-thumbnail\"><div class=\"xtra-product-icons cz_tooltip_left\" data-id=\"3460\"><i class=\"fa czico-146-search-4 xtra-product-quick-view\" data-title=\"Quick view\" data-nonce=\"4d257611ee\"><\/i><\/div><img loading=\"lazy\" decoding=\"async\" width=\"600\" height=\"600\" src=\"data:image\/svg+xml,%3Csvg%20xmlns%3D&#39;http%3A%2F%2Fwww.w3.org%2F2000%2Fsvg&#39;%20width=&#39;600&#39;%20height=&#39;600&#39;%20viewBox%3D&#39;0%200%20600%20600&#39;%2F%3E\" data-czlz data-src=\"https:\/\/realflex.com.br\/sitenovo\/wp-content\/uploads\/2025\/07\/atoxiflexSuccaoHD.jpg\" class=\"attachment-woocommerce_thumbnail size-woocommerce_thumbnail\" alt=\"Atoxiflex Suc\u00e7\u00e3o HD\" data-data-srcset=\"https:\/\/realflex.com.br\/sitenovo\/wp-content\/uploads\/2025\/07\/atoxiflexSuccaoHD.jpg 600w, https:\/\/realflex.com.br\/sitenovo\/wp-content\/uploads\/2025\/07\/atoxiflexSuccaoHD-300x300.jpg 300w, https:\/\/realflex.com.br\/sitenovo\/wp-content\/uploads\/2025\/07\/atoxiflexSuccaoHD-150x150.jpg 150w, https:\/\/realflex.com.br\/sitenovo\/wp-content\/uploads\/2025\/07\/atoxiflexSuccaoHD-100x100.jpg 100w\" data-data-sizes=\"(max-width: 600px) 100vw, 600px\" \/><\/div><h2 class=\"woocommerce-loop-product__title\">Atoxiflex Suc\u00e7\u00e3o HD<\/h2>\n<\/a>\t\t<a id=\"sendbtn\" href=\"https:\/\/web.whatsapp.com\/send?phone=5515991800112&text=Ol%C3%A1%20gostaria%20de%20receber%20um%20or%C3%A7amento%20para%20o%20produto.%0D%0A%0D%0A%2AAtoxiflex%20Suc%C3%A7%C3%A3o%20HD%2A%0D%0A%0D%0AObrigado%21&app_absent=0\" title=\"Complete order on WhatsApp to buy Atoxiflex Suc\u00e7\u00e3o HD\" target=\"_blank\" class=\"button add_to_cart_button wa-shop-button product_type_simple\">\r\n\t\t\tSolicite um Or\u00e7amento!\t\t<\/a>\r\n\t<\/li>\n<li class=\"product type-product post-3455 status-publish first instock product_cat-mangueiras-industriais product_tag-produtos-alimenticios has-post-thumbnail sold-individually shipping-taxable product-type-simple\">\n\t<a href=\"https:\/\/realflex.com.br\/sitenovo\/produto\/bioflex-sbu\/\" class=\"woocommerce-LoopProduct-link woocommerce-loop-product__link\"><div class=\"xtra-product-thumbnail\"><div class=\"xtra-product-icons cz_tooltip_left\" data-id=\"3455\"><i class=\"fa czico-146-search-4 xtra-product-quick-view\" data-title=\"Quick view\" data-nonce=\"4d257611ee\"><\/i><\/div><img loading=\"lazy\" decoding=\"async\" width=\"600\" height=\"600\" src=\"data:image\/svg+xml,%3Csvg%20xmlns%3D&#39;http%3A%2F%2Fwww.w3.org%2F2000%2Fsvg&#39;%20width=&#39;600&#39;%20height=&#39;600&#39;%20viewBox%3D&#39;0%200%20600%20600&#39;%2F%3E\" data-czlz data-src=\"https:\/\/realflex.com.br\/sitenovo\/wp-content\/uploads\/2025\/08\/1.jpg\" class=\"attachment-woocommerce_thumbnail size-woocommerce_thumbnail\" alt=\"Bioflex SBU\" data-data-srcset=\"https:\/\/realflex.com.br\/sitenovo\/wp-content\/uploads\/2025\/08\/1.jpg 600w, https:\/\/realflex.com.br\/sitenovo\/wp-content\/uploads\/2025\/08\/1-300x300.jpg 300w, https:\/\/realflex.com.br\/sitenovo\/wp-content\/uploads\/2025\/08\/1-150x150.jpg 150w, https:\/\/realflex.com.br\/sitenovo\/wp-content\/uploads\/2025\/08\/1-100x100.jpg 100w\" data-data-sizes=\"(max-width: 600px) 100vw, 600px\" \/><\/div><h2 class=\"woocommerce-loop-product__title\">Bioflex SBU<\/h2>\n<\/a>\t\t<a id=\"sendbtn\" href=\"https:\/\/web.whatsapp.com\/send?phone=5515991800112&text=Ol%C3%A1%20gostaria%20de%20receber%20um%20or%C3%A7amento%20para%20o%20produto.%0D%0A%0D%0A%2ABioflex%20SBU%2A%0D%0A%0D%0AObrigado%21&app_absent=0\" title=\"Complete order on WhatsApp to buy Bioflex SBU\" target=\"_blank\" class=\"button add_to_cart_button wa-shop-button product_type_simple\">\r\n\t\t\tSolicite um Or\u00e7amento!\t\t<\/a>\r\n\t<\/li>\n<li class=\"product type-product post-3461 status-publish instock product_cat-mangueiras-industriais product_tag-produtos-alimenticios has-post-thumbnail sold-individually shipping-taxable product-type-simple\">\n\t<a href=\"https:\/\/realflex.com.br\/sitenovo\/produto\/brewflex-d\/\" class=\"woocommerce-LoopProduct-link woocommerce-loop-product__link\"><div class=\"xtra-product-thumbnail\"><div class=\"xtra-product-icons cz_tooltip_left\" data-id=\"3461\"><i class=\"fa czico-146-search-4 xtra-product-quick-view\" data-title=\"Quick view\" data-nonce=\"4d257611ee\"><\/i><\/div><img loading=\"lazy\" decoding=\"async\" width=\"600\" height=\"600\" src=\"data:image\/svg+xml,%3Csvg%20xmlns%3D&#39;http%3A%2F%2Fwww.w3.org%2F2000%2Fsvg&#39;%20width=&#39;600&#39;%20height=&#39;600&#39;%20viewBox%3D&#39;0%200%20600%20600&#39;%2F%3E\" data-czlz data-src=\"https:\/\/realflex.com.br\/sitenovo\/wp-content\/uploads\/2025\/07\/BrewflexD.jpg\" class=\"attachment-woocommerce_thumbnail size-woocommerce_thumbnail\" alt=\"Brewflex D\" data-data-srcset=\"https:\/\/realflex.com.br\/sitenovo\/wp-content\/uploads\/2025\/07\/BrewflexD.jpg 600w, https:\/\/realflex.com.br\/sitenovo\/wp-content\/uploads\/2025\/07\/BrewflexD-300x300.jpg 300w, https:\/\/realflex.com.br\/sitenovo\/wp-content\/uploads\/2025\/07\/BrewflexD-150x150.jpg 150w, https:\/\/realflex.com.br\/sitenovo\/wp-content\/uploads\/2025\/07\/BrewflexD-100x100.jpg 100w\" data-data-sizes=\"(max-width: 600px) 100vw, 600px\" \/><\/div><h2 class=\"woocommerce-loop-product__title\">Brewflex D<\/h2>\n<\/a>\t\t<a id=\"sendbtn\" href=\"https:\/\/web.whatsapp.com\/send?phone=5515991800112&text=Ol%C3%A1%20gostaria%20de%20receber%20um%20or%C3%A7amento%20para%20o%20produto.%0D%0A%0D%0A%2ABrewflex%20D%2A%0D%0A%0D%0AObrigado%21&app_absent=0\" title=\"Complete order on WhatsApp to buy Brewflex D\" target=\"_blank\" class=\"button add_to_cart_button wa-shop-button product_type_simple\">\r\n\t\t\tSolicite um Or\u00e7amento!\t\t<\/a>\r\n\t<\/li>\n<li class=\"product type-product post-3463 status-publish instock product_cat-mangueiras-industriais product_tag-produtos-alimenticios has-post-thumbnail sold-individually shipping-taxable product-type-simple\">\n\t<a href=\"https:\/\/realflex.com.br\/sitenovo\/produto\/brewflex-sd\/\" class=\"woocommerce-LoopProduct-link woocommerce-loop-product__link\"><div class=\"xtra-product-thumbnail\"><div class=\"xtra-product-icons cz_tooltip_left\" data-id=\"3463\"><i class=\"fa czico-146-search-4 xtra-product-quick-view\" data-title=\"Quick view\" data-nonce=\"4d257611ee\"><\/i><\/div><img loading=\"lazy\" decoding=\"async\" width=\"600\" height=\"600\" src=\"data:image\/svg+xml,%3Csvg%20xmlns%3D&#39;http%3A%2F%2Fwww.w3.org%2F2000%2Fsvg&#39;%20width=&#39;600&#39;%20height=&#39;600&#39;%20viewBox%3D&#39;0%200%20600%20600&#39;%2F%3E\" data-czlz data-src=\"https:\/\/realflex.com.br\/sitenovo\/wp-content\/uploads\/2025\/07\/BrewflexSD.jpg\" class=\"attachment-woocommerce_thumbnail size-woocommerce_thumbnail\" alt=\"Brewflex SD\" data-data-srcset=\"https:\/\/realflex.com.br\/sitenovo\/wp-content\/uploads\/2025\/07\/BrewflexSD.jpg 600w, https:\/\/realflex.com.br\/sitenovo\/wp-content\/uploads\/2025\/07\/BrewflexSD-300x300.jpg 300w, https:\/\/realflex.com.br\/sitenovo\/wp-content\/uploads\/2025\/07\/BrewflexSD-150x150.jpg 150w, https:\/\/realflex.com.br\/sitenovo\/wp-content\/uploads\/2025\/07\/BrewflexSD-100x100.jpg 100w\" data-data-sizes=\"(max-width: 600px) 100vw, 600px\" \/><\/div><h2 class=\"woocommerce-loop-product__title\">Brewflex SD<\/h2>\n<\/a>\t\t<a id=\"sendbtn\" href=\"https:\/\/web.whatsapp.com\/send?phone=5515991800112&text=Ol%C3%A1%20gostaria%20de%20receber%20um%20or%C3%A7amento%20para%20o%20produto.%0D%0A%0D%0A%2ABrewflex%20SD%2A%0D%0A%0D%0AObrigado%21&app_absent=0\" title=\"Complete order on WhatsApp to buy Brewflex SD\" target=\"_blank\" class=\"button add_to_cart_button wa-shop-button product_type_simple\">\r\n\t\t\tSolicite um Or\u00e7amento!\t\t<\/a>\r\n\t<\/li>\n<li class=\"product type-product post-3456 status-publish last instock product_cat-mangueiras-industriais product_tag-produtos-alimenticios has-post-thumbnail sold-individually shipping-taxable product-type-simple\">\n\t<a href=\"https:\/\/realflex.com.br\/sitenovo\/produto\/springflex\/\" class=\"woocommerce-LoopProduct-link woocommerce-loop-product__link\"><div class=\"xtra-product-thumbnail\"><div class=\"xtra-product-icons cz_tooltip_left\" data-id=\"3456\"><i class=\"fa czico-146-search-4 xtra-product-quick-view\" data-title=\"Quick view\" data-nonce=\"4d257611ee\"><\/i><\/div><img loading=\"lazy\" decoding=\"async\" width=\"600\" height=\"600\" src=\"data:image\/svg+xml,%3Csvg%20xmlns%3D&#39;http%3A%2F%2Fwww.w3.org%2F2000%2Fsvg&#39;%20width=&#39;600&#39;%20height=&#39;600&#39;%20viewBox%3D&#39;0%200%20600%20600&#39;%2F%3E\" data-czlz data-src=\"https:\/\/realflex.com.br\/sitenovo\/wp-content\/uploads\/2025\/08\/1.jpg\" class=\"attachment-woocommerce_thumbnail size-woocommerce_thumbnail\" alt=\"Springflex\" data-data-srcset=\"https:\/\/realflex.com.br\/sitenovo\/wp-content\/uploads\/2025\/08\/1.jpg 600w, https:\/\/realflex.com.br\/sitenovo\/wp-content\/uploads\/2025\/08\/1-300x300.jpg 300w, https:\/\/realflex.com.br\/sitenovo\/wp-content\/uploads\/2025\/08\/1-150x150.jpg 150w, https:\/\/realflex.com.br\/sitenovo\/wp-content\/uploads\/2025\/08\/1-100x100.jpg 100w\" data-data-sizes=\"(max-width: 600px) 100vw, 600px\" \/><\/div><h2 class=\"woocommerce-loop-product__title\">Springflex<\/h2>\n<\/a>\t\t<a id=\"sendbtn\" href=\"https:\/\/web.whatsapp.com\/send?phone=5515991800112&text=Ol%C3%A1%20gostaria%20de%20receber%20um%20or%C3%A7amento%20para%20o%20produto.%0D%0A%0D%0A%2ASpringflex%2A%0D%0A%0D%0AObrigado%21&app_absent=0\" title=\"Complete order on WhatsApp to buy Springflex\" target=\"_blank\" class=\"button add_to_cart_button wa-shop-button product_type_simple\">\r\n\t\t\tSolicite um Or\u00e7amento!\t\t<\/a>\r\n\t<\/li>\n<li class=\"product type-product post-3433 status-publish first instock product_cat-mangueiras-industriais product_tag-agua-quente product_tag-mangueiras-borracha product_tag-vapor has-post-thumbnail sold-individually shipping-taxable product-type-simple\">\n\t<a href=\"https:\/\/realflex.com.br\/sitenovo\/produto\/vapor-frigorifico\/\" class=\"woocommerce-LoopProduct-link woocommerce-loop-product__link\"><div class=\"xtra-product-thumbnail\"><div class=\"xtra-product-icons cz_tooltip_left\" data-id=\"3433\"><i class=\"fa czico-146-search-4 xtra-product-quick-view\" data-title=\"Quick view\" data-nonce=\"4d257611ee\"><\/i><\/div><img loading=\"lazy\" decoding=\"async\" width=\"600\" height=\"600\" src=\"data:image\/svg+xml,%3Csvg%20xmlns%3D&#39;http%3A%2F%2Fwww.w3.org%2F2000%2Fsvg&#39;%20width=&#39;600&#39;%20height=&#39;600&#39;%20viewBox%3D&#39;0%200%20600%20600&#39;%2F%3E\" data-czlz data-src=\"https:\/\/realflex.com.br\/sitenovo\/wp-content\/uploads\/2025\/05\/vapor-frigorifico.jpg\" class=\"attachment-woocommerce_thumbnail size-woocommerce_thumbnail\" alt=\"Vapor Frigorif\u00edco\" data-data-srcset=\"https:\/\/realflex.com.br\/sitenovo\/wp-content\/uploads\/2025\/05\/vapor-frigorifico.jpg 600w, https:\/\/realflex.com.br\/sitenovo\/wp-content\/uploads\/2025\/05\/vapor-frigorifico-300x300.jpg 300w, https:\/\/realflex.com.br\/sitenovo\/wp-content\/uploads\/2025\/05\/vapor-frigorifico-150x150.jpg 150w, https:\/\/realflex.com.br\/sitenovo\/wp-content\/uploads\/2025\/05\/vapor-frigorifico-100x100.jpg 100w\" data-data-sizes=\"(max-width: 600px) 100vw, 600px\" \/><\/div><h2 class=\"woocommerce-loop-product__title\">Vapor Frigorif\u00edco<\/h2>\n<\/a>\t\t<a id=\"sendbtn\" href=\"https:\/\/web.whatsapp.com\/send?phone=5515991800112&text=Ol%C3%A1%20gostaria%20de%20receber%20um%20or%C3%A7amento%20para%20o%20produto.%0D%0A%0D%0A%2AVapor%20Frigorif%C3%ADco%2A%0D%0A%0D%0AObrigado%21&app_absent=0\" title=\"Complete order on WhatsApp to buy Vapor Frigorif\u00edco\" target=\"_blank\" class=\"button add_to_cart_button wa-shop-button product_type_simple\">\r\n\t\t\tSolicite um Or\u00e7amento!\t\t<\/a>\r\n\t<\/li>\n<li class=\"product type-product post-3457 status-publish instock product_cat-mangueiras-industriais product_tag-produtos-alimenticios has-post-thumbnail sold-individually shipping-taxable product-type-simple\">\n\t<a href=\"https:\/\/realflex.com.br\/sitenovo\/produto\/wash-flex-sw\/\" class=\"woocommerce-LoopProduct-link woocommerce-loop-product__link\"><div class=\"xtra-product-thumbnail\"><div class=\"xtra-product-icons cz_tooltip_left\" data-id=\"3457\"><i class=\"fa czico-146-search-4 xtra-product-quick-view\" data-title=\"Quick view\" data-nonce=\"4d257611ee\"><\/i><\/div><img loading=\"lazy\" decoding=\"async\" width=\"600\" height=\"600\" src=\"data:image\/svg+xml,%3Csvg%20xmlns%3D&#39;http%3A%2F%2Fwww.w3.org%2F2000%2Fsvg&#39;%20width=&#39;600&#39;%20height=&#39;600&#39;%20viewBox%3D&#39;0%200%20600%20600&#39;%2F%3E\" data-czlz data-src=\"https:\/\/realflex.com.br\/sitenovo\/wp-content\/uploads\/2025\/08\/1.jpg\" class=\"attachment-woocommerce_thumbnail size-woocommerce_thumbnail\" alt=\"Wash-Flex SW\" data-data-srcset=\"https:\/\/realflex.com.br\/sitenovo\/wp-content\/uploads\/2025\/08\/1.jpg 600w, https:\/\/realflex.com.br\/sitenovo\/wp-content\/uploads\/2025\/08\/1-300x300.jpg 300w, https:\/\/realflex.com.br\/sitenovo\/wp-content\/uploads\/2025\/08\/1-150x150.jpg 150w, https:\/\/realflex.com.br\/sitenovo\/wp-content\/uploads\/2025\/08\/1-100x100.jpg 100w\" data-data-sizes=\"(max-width: 600px) 100vw, 600px\" \/><\/div><h2 class=\"woocommerce-loop-product__title\">Wash-Flex SW<\/h2>\n<\/a>\t\t<a id=\"sendbtn\" href=\"https:\/\/web.whatsapp.com\/send?phone=5515991800112&text=Ol%C3%A1%20gostaria%20de%20receber%20um%20or%C3%A7amento%20para%20o%20produto.%0D%0A%0D%0A%2AWash-Flex%20SW%2A%0D%0A%0D%0AObrigado%21&app_absent=0\" title=\"Complete order on WhatsApp to buy Wash-Flex SW\" target=\"_blank\" class=\"button add_to_cart_button wa-shop-button product_type_simple\">\r\n\t\t\tSolicite um Or\u00e7amento!\t\t<\/a>\r\n\t<\/li>\n<\/ul>\n<div id=\"cz_xtra_quick_view\" class=\"cz_xtra_quick_view\"><div id=\"xtra_quick_view\" class=\"cz_popup_modal clr\"><div class=\"cz_popup_in\"><div><\/div><\/div><i class=\"fa czico-198-cancel cz_close_popup\"><\/i><div class=\"cz_overlay\"><\/div><\/div><\/div><div class=\"codevz-added-to-cart-notif\"><i class=\"fa fa-check\"><\/i><span>\"<strong><\/strong>\" has been added to your cart.<a class=\"button\" href=\"https:\/\/realflex.com.br\/sitenovo\/cart\/\">View cart<\/a><\/span><\/div><\/div>\t\t\t\t<\/div>\n\t\t\t\t<\/div>\n\t\t\t\t\t<\/div>\n\t\t\t\t<\/div>\n\t\t\t\t<\/div>\n\t\t","protected":false},"excerpt":{"rendered":"<p>Mangueiras at\u00f3xicas, leve e flex\u00edveis que atendem normas especificas para mercado &#8230; <\/p>\n","protected":false},"author":1,"featured_media":0,"parent":0,"menu_order":0,"comment_status":"closed","ping_status":"closed","template":"","meta":{"pagelayer_contact_templates":[],"_pagelayer_content":"","footnotes":""},"class_list":["post-3609","page","type-page","status-publish","hentry"],"_links":{"self":[{"href":"https:\/\/realflex.com.br\/sitenovo\/wp-json\/wp\/v2\/pages\/3609","targetHints":{"allow":["GET"]}}],"collection":[{"href":"https:\/\/realflex.com.br\/sitenovo\/wp-json\/wp\/v2\/pages"}],"about":[{"href":"https:\/\/realflex.com.br\/sitenovo\/wp-json\/wp\/v2\/types\/page"}],"author":[{"embeddable":true,"href":"https:\/\/realflex.com.br\/sitenovo\/wp-json\/wp\/v2\/users\/1"}],"replies":[{"embeddable":true,"href":"https:\/\/realflex.com.br\/sitenovo\/wp-json\/wp\/v2\/comments?post=3609"}],"version-history":[{"count":13,"href":"https:\/\/realflex.com.br\/sitenovo\/wp-json\/wp\/v2\/pages\/3609\/revisions"}],"predecessor-version":[{"id":3783,"href":"https:\/\/realflex.com.br\/sitenovo\/wp-json\/wp\/v2\/pages\/3609\/revisions\/3783"}],"wp:attachment":[{"href":"https:\/\/realflex.com.br\/sitenovo\/wp-json\/wp\/v2\/media?parent=3609"}],"curies":[{"name":"wp","href":"https:\/\/api.w.org\/{rel}","templated":true}]}}