{"id":3614,"date":"2025-12-07T15:19:41","date_gmt":"2025-12-07T15:19:41","guid":{"rendered":"https:\/\/realflex.com.br\/sitenovo\/?page_id=3614"},"modified":"2025-12-16T00:22:15","modified_gmt":"2025-12-16T00:22:15","slug":"industria-quimica","status":"publish","type":"page","link":"https:\/\/realflex.com.br\/sitenovo\/industria-quimica\/","title":{"rendered":"Ind\u00fastria Qu\u00edmica"},"content":{"rendered":"\t\t<div data-elementor-type=\"wp-page\" data-elementor-id=\"3614\" class=\"elementor elementor-3614\" data-elementor-post-type=\"page\">\n\t\t\t\t<div class=\"elementor-element elementor-element-fd220de e-flex e-con-boxed e-con e-parent\" data-id=\"fd220de\" data-element_type=\"container\">\n\t\t\t\t\t<div class=\"e-con-inner\">\n\t\t\t\t<div class=\"elementor-element elementor-element-db30cb9 elementor-widget elementor-widget-text-editor\" data-id=\"db30cb9\" data-element_type=\"widget\" data-widget_type=\"text-editor.default\">\n\t\t\t\t<div class=\"elementor-widget-container\">\n\t\t\t\t\t\t\t\t\t<div class=\"wpb_text_column wpb_content_element \"><div class=\"wpb_wrapper\"><p>Mangueiras leves e flex\u00edveis, desenvolvidas para suportar transporte de produtos qu\u00edmicos na ind\u00fastria qu\u00edmica.<\/p><\/div><\/div>\t\t\t\t\t\t\t\t<\/div>\n\t\t\t\t<\/div>\n\t\t\t\t\t<\/div>\n\t\t\t\t<\/div>\n\t\t<div class=\"elementor-element elementor-element-2961bd4 e-grid e-con-boxed e-con e-parent\" data-id=\"2961bd4\" data-element_type=\"container\">\n\t\t\t\t\t<div class=\"e-con-inner\">\n\t\t\t\t<div class=\"elementor-element elementor-element-b0ab226 elementor-grid-4 elementor-grid-tablet-3 elementor-grid-mobile-2 elementor-products-grid elementor-wc-products elementor-widget elementor-widget-woocommerce-products\" data-id=\"b0ab226\" data-element_type=\"widget\" data-widget_type=\"woocommerce-products.default\">\n\t\t\t\t<div class=\"elementor-widget-container\">\n\t\t\t\t\t<div class=\"woocommerce columns-4 \"><ul class=\"products elementor-grid columns-4\">\n<li class=\"product type-product post-3492 status-publish first instock product_cat-mangueiras-industriais product_tag-agua-e-ar has-post-thumbnail sold-individually shipping-taxable product-type-simple\">\n\t<a href=\"https:\/\/realflex.com.br\/sitenovo\/produto\/cordflex-hd\/\" class=\"woocommerce-LoopProduct-link woocommerce-loop-product__link\"><div class=\"xtra-product-thumbnail\"><div class=\"xtra-product-icons cz_tooltip_left\" data-id=\"3492\"><i class=\"fa czico-146-search-4 xtra-product-quick-view\" data-title=\"Quick view\" data-nonce=\"4d257611ee\"><\/i><\/div><img fetchpriority=\"high\" decoding=\"async\" width=\"600\" height=\"600\" src=\"data:image\/svg+xml,%3Csvg%20xmlns%3D&#39;http%3A%2F%2Fwww.w3.org%2F2000%2Fsvg&#39;%20width=&#39;600&#39;%20height=&#39;600&#39;%20viewBox%3D&#39;0%200%20600%20600&#39;%2F%3E\" data-czlz data-src=\"https:\/\/realflex.com.br\/sitenovo\/wp-content\/uploads\/2025\/08\/cordflexHD.jpg\" class=\"attachment-woocommerce_thumbnail size-woocommerce_thumbnail\" alt=\"Cordflex HD\" data-data-srcset=\"https:\/\/realflex.com.br\/sitenovo\/wp-content\/uploads\/2025\/08\/cordflexHD.jpg 600w, https:\/\/realflex.com.br\/sitenovo\/wp-content\/uploads\/2025\/08\/cordflexHD-300x300.jpg 300w, https:\/\/realflex.com.br\/sitenovo\/wp-content\/uploads\/2025\/08\/cordflexHD-150x150.jpg 150w, https:\/\/realflex.com.br\/sitenovo\/wp-content\/uploads\/2025\/08\/cordflexHD-100x100.jpg 100w\" data-data-sizes=\"(max-width: 600px) 100vw, 600px\" \/><\/div><h2 class=\"woocommerce-loop-product__title\">Cordflex HD<\/h2>\n<\/a>\t\t<a id=\"sendbtn\" href=\"https:\/\/web.whatsapp.com\/send?phone=5515991800112&text=Ol%C3%A1%20gostaria%20de%20receber%20um%20or%C3%A7amento%20para%20o%20produto.%0D%0A%0D%0A%2ACordflex%20HD%2A%0D%0A%0D%0AObrigado%21&app_absent=0\" title=\"Complete order on WhatsApp to buy Cordflex HD\" target=\"_blank\" class=\"button add_to_cart_button wa-shop-button product_type_simple\">\r\n\t\t\tSolicite um Or\u00e7amento!\t\t<\/a>\r\n\t<\/li>\n<li class=\"product type-product post-3447 status-publish instock product_cat-mangueiras-industriais product_tag-produtos-quimicos has-post-thumbnail sold-individually shipping-taxable product-type-simple\">\n\t<a href=\"https:\/\/realflex.com.br\/sitenovo\/produto\/ct-quimiflex\/\" class=\"woocommerce-LoopProduct-link woocommerce-loop-product__link\"><div class=\"xtra-product-thumbnail\"><div class=\"xtra-product-icons cz_tooltip_left\" data-id=\"3447\"><i class=\"fa czico-146-search-4 xtra-product-quick-view\" data-title=\"Quick view\" data-nonce=\"4d257611ee\"><\/i><\/div><img decoding=\"async\" width=\"600\" height=\"600\" src=\"data:image\/svg+xml,%3Csvg%20xmlns%3D&#39;http%3A%2F%2Fwww.w3.org%2F2000%2Fsvg&#39;%20width=&#39;600&#39;%20height=&#39;600&#39;%20viewBox%3D&#39;0%200%20600%20600&#39;%2F%3E\" data-czlz data-src=\"https:\/\/realflex.com.br\/sitenovo\/wp-content\/uploads\/2025\/08\/1.jpg\" class=\"attachment-woocommerce_thumbnail size-woocommerce_thumbnail\" alt=\"CT Quimiflex\" data-data-srcset=\"https:\/\/realflex.com.br\/sitenovo\/wp-content\/uploads\/2025\/08\/1.jpg 600w, https:\/\/realflex.com.br\/sitenovo\/wp-content\/uploads\/2025\/08\/1-300x300.jpg 300w, https:\/\/realflex.com.br\/sitenovo\/wp-content\/uploads\/2025\/08\/1-150x150.jpg 150w, https:\/\/realflex.com.br\/sitenovo\/wp-content\/uploads\/2025\/08\/1-100x100.jpg 100w\" data-data-sizes=\"(max-width: 600px) 100vw, 600px\" \/><\/div><h2 class=\"woocommerce-loop-product__title\">CT Quimiflex<\/h2>\n<\/a>\t\t<a id=\"sendbtn\" href=\"https:\/\/web.whatsapp.com\/send?phone=5515991800112&text=Ol%C3%A1%20gostaria%20de%20receber%20um%20or%C3%A7amento%20para%20o%20produto.%0D%0A%0D%0A%2ACT%20Quimiflex%2A%0D%0A%0D%0AObrigado%21&app_absent=0\" title=\"Complete order on WhatsApp to buy CT Quimiflex\" target=\"_blank\" class=\"button add_to_cart_button wa-shop-button product_type_simple\">\r\n\t\t\tSolicite um Or\u00e7amento!\t\t<\/a>\r\n\t<\/li>\n<li class=\"product type-product post-3454 status-publish instock product_cat-mangueiras-industriais product_tag-produtos-quimicos has-post-thumbnail sold-individually shipping-taxable product-type-simple\">\n\t<a href=\"https:\/\/realflex.com.br\/sitenovo\/produto\/epflex-d\/\" class=\"woocommerce-LoopProduct-link woocommerce-loop-product__link\"><div class=\"xtra-product-thumbnail\"><div class=\"xtra-product-icons cz_tooltip_left\" data-id=\"3454\"><i class=\"fa czico-146-search-4 xtra-product-quick-view\" data-title=\"Quick view\" data-nonce=\"4d257611ee\"><\/i><\/div><img decoding=\"async\" width=\"600\" height=\"600\" src=\"data:image\/svg+xml,%3Csvg%20xmlns%3D&#39;http%3A%2F%2Fwww.w3.org%2F2000%2Fsvg&#39;%20width=&#39;600&#39;%20height=&#39;600&#39;%20viewBox%3D&#39;0%200%20600%20600&#39;%2F%3E\" data-czlz data-src=\"https:\/\/realflex.com.br\/sitenovo\/wp-content\/uploads\/2025\/07\/epflex-d.jpg\" class=\"attachment-woocommerce_thumbnail size-woocommerce_thumbnail\" alt=\"Epflex D\" data-data-srcset=\"https:\/\/realflex.com.br\/sitenovo\/wp-content\/uploads\/2025\/07\/epflex-d.jpg 600w, https:\/\/realflex.com.br\/sitenovo\/wp-content\/uploads\/2025\/07\/epflex-d-300x300.jpg 300w, https:\/\/realflex.com.br\/sitenovo\/wp-content\/uploads\/2025\/07\/epflex-d-150x150.jpg 150w, https:\/\/realflex.com.br\/sitenovo\/wp-content\/uploads\/2025\/07\/epflex-d-100x100.jpg 100w\" data-data-sizes=\"(max-width: 600px) 100vw, 600px\" \/><\/div><h2 class=\"woocommerce-loop-product__title\">Epflex D<\/h2>\n<\/a>\t\t<a id=\"sendbtn\" href=\"https:\/\/web.whatsapp.com\/send?phone=5515991800112&text=Ol%C3%A1%20gostaria%20de%20receber%20um%20or%C3%A7amento%20para%20o%20produto.%0D%0A%0D%0A%2AEpflex%20D%2A%0D%0A%0D%0AObrigado%21&app_absent=0\" title=\"Complete order on WhatsApp to buy Epflex D\" target=\"_blank\" class=\"button add_to_cart_button wa-shop-button product_type_simple\">\r\n\t\t\tSolicite um Or\u00e7amento!\t\t<\/a>\r\n\t<\/li>\n<li class=\"product type-product post-3448 status-publish last instock product_cat-mangueiras-industriais product_tag-produtos-quimicos has-post-thumbnail sold-individually shipping-taxable product-type-simple\">\n\t<a href=\"https:\/\/realflex.com.br\/sitenovo\/produto\/epflex-sd\/\" class=\"woocommerce-LoopProduct-link woocommerce-loop-product__link\"><div class=\"xtra-product-thumbnail\"><div class=\"xtra-product-icons cz_tooltip_left\" data-id=\"3448\"><i class=\"fa czico-146-search-4 xtra-product-quick-view\" data-title=\"Quick view\" data-nonce=\"4d257611ee\"><\/i><\/div><img loading=\"lazy\" decoding=\"async\" width=\"600\" height=\"600\" src=\"data:image\/svg+xml,%3Csvg%20xmlns%3D&#39;http%3A%2F%2Fwww.w3.org%2F2000%2Fsvg&#39;%20width=&#39;600&#39;%20height=&#39;600&#39;%20viewBox%3D&#39;0%200%20600%20600&#39;%2F%3E\" data-czlz data-src=\"https:\/\/realflex.com.br\/sitenovo\/wp-content\/uploads\/2025\/07\/epflex-sd.jpg\" class=\"attachment-woocommerce_thumbnail size-woocommerce_thumbnail\" alt=\"Epflex SD\" data-data-srcset=\"https:\/\/realflex.com.br\/sitenovo\/wp-content\/uploads\/2025\/07\/epflex-sd.jpg 600w, https:\/\/realflex.com.br\/sitenovo\/wp-content\/uploads\/2025\/07\/epflex-sd-300x300.jpg 300w, https:\/\/realflex.com.br\/sitenovo\/wp-content\/uploads\/2025\/07\/epflex-sd-150x150.jpg 150w, https:\/\/realflex.com.br\/sitenovo\/wp-content\/uploads\/2025\/07\/epflex-sd-100x100.jpg 100w\" data-data-sizes=\"(max-width: 600px) 100vw, 600px\" \/><\/div><h2 class=\"woocommerce-loop-product__title\">Epflex SD<\/h2>\n<\/a>\t\t<a id=\"sendbtn\" href=\"https:\/\/web.whatsapp.com\/send?phone=5515991800112&text=Ol%C3%A1%20gostaria%20de%20receber%20um%20or%C3%A7amento%20para%20o%20produto.%0D%0A%0D%0A%2AEpflex%20SD%2A%0D%0A%0D%0AObrigado%21&app_absent=0\" title=\"Complete order on WhatsApp to buy Epflex SD\" target=\"_blank\" class=\"button add_to_cart_button wa-shop-button product_type_simple\">\r\n\t\t\tSolicite um Or\u00e7amento!\t\t<\/a>\r\n\t<\/li>\n<li class=\"product type-product post-3451 status-publish first instock product_cat-mangueiras-industriais product_tag-produtos-quimicos has-post-thumbnail sold-individually shipping-taxable product-type-simple\">\n\t<a href=\"https:\/\/realflex.com.br\/sitenovo\/produto\/haloflex-d\/\" class=\"woocommerce-LoopProduct-link woocommerce-loop-product__link\"><div class=\"xtra-product-thumbnail\"><div class=\"xtra-product-icons cz_tooltip_left\" data-id=\"3451\"><i class=\"fa czico-146-search-4 xtra-product-quick-view\" data-title=\"Quick view\" data-nonce=\"4d257611ee\"><\/i><\/div><img loading=\"lazy\" decoding=\"async\" width=\"600\" height=\"600\" src=\"data:image\/svg+xml,%3Csvg%20xmlns%3D&#39;http%3A%2F%2Fwww.w3.org%2F2000%2Fsvg&#39;%20width=&#39;600&#39;%20height=&#39;600&#39;%20viewBox%3D&#39;0%200%20600%20600&#39;%2F%3E\" data-czlz data-src=\"https:\/\/realflex.com.br\/sitenovo\/wp-content\/uploads\/2025\/07\/haloflex-D.jpg\" class=\"attachment-woocommerce_thumbnail size-woocommerce_thumbnail\" alt=\"Haloflex D\" data-data-srcset=\"https:\/\/realflex.com.br\/sitenovo\/wp-content\/uploads\/2025\/07\/haloflex-D.jpg 600w, https:\/\/realflex.com.br\/sitenovo\/wp-content\/uploads\/2025\/07\/haloflex-D-300x300.jpg 300w, https:\/\/realflex.com.br\/sitenovo\/wp-content\/uploads\/2025\/07\/haloflex-D-150x150.jpg 150w, https:\/\/realflex.com.br\/sitenovo\/wp-content\/uploads\/2025\/07\/haloflex-D-100x100.jpg 100w\" data-data-sizes=\"(max-width: 600px) 100vw, 600px\" \/><\/div><h2 class=\"woocommerce-loop-product__title\">Haloflex D<\/h2>\n<\/a>\t\t<a id=\"sendbtn\" href=\"https:\/\/web.whatsapp.com\/send?phone=5515991800112&text=Ol%C3%A1%20gostaria%20de%20receber%20um%20or%C3%A7amento%20para%20o%20produto.%0D%0A%0D%0A%2AHaloflex%20D%2A%0D%0A%0D%0AObrigado%21&app_absent=0\" title=\"Complete order on WhatsApp to buy Haloflex D\" target=\"_blank\" class=\"button add_to_cart_button wa-shop-button product_type_simple\">\r\n\t\t\tSolicite um Or\u00e7amento!\t\t<\/a>\r\n\t<\/li>\n<li class=\"product type-product post-3450 status-publish instock product_cat-mangueiras-industriais product_tag-produtos-quimicos has-post-thumbnail sold-individually shipping-taxable product-type-simple\">\n\t<a href=\"https:\/\/realflex.com.br\/sitenovo\/produto\/haloflex-sd\/\" class=\"woocommerce-LoopProduct-link woocommerce-loop-product__link\"><div class=\"xtra-product-thumbnail\"><div class=\"xtra-product-icons cz_tooltip_left\" data-id=\"3450\"><i class=\"fa czico-146-search-4 xtra-product-quick-view\" data-title=\"Quick view\" data-nonce=\"4d257611ee\"><\/i><\/div><img loading=\"lazy\" decoding=\"async\" width=\"600\" height=\"600\" src=\"data:image\/svg+xml,%3Csvg%20xmlns%3D&#39;http%3A%2F%2Fwww.w3.org%2F2000%2Fsvg&#39;%20width=&#39;600&#39;%20height=&#39;600&#39;%20viewBox%3D&#39;0%200%20600%20600&#39;%2F%3E\" data-czlz data-src=\"https:\/\/realflex.com.br\/sitenovo\/wp-content\/uploads\/2025\/07\/haloflex-SD.jpg\" class=\"attachment-woocommerce_thumbnail size-woocommerce_thumbnail\" alt=\"Haloflex SD\" data-data-srcset=\"https:\/\/realflex.com.br\/sitenovo\/wp-content\/uploads\/2025\/07\/haloflex-SD.jpg 600w, https:\/\/realflex.com.br\/sitenovo\/wp-content\/uploads\/2025\/07\/haloflex-SD-300x300.jpg 300w, https:\/\/realflex.com.br\/sitenovo\/wp-content\/uploads\/2025\/07\/haloflex-SD-150x150.jpg 150w, https:\/\/realflex.com.br\/sitenovo\/wp-content\/uploads\/2025\/07\/haloflex-SD-100x100.jpg 100w\" data-data-sizes=\"(max-width: 600px) 100vw, 600px\" \/><\/div><h2 class=\"woocommerce-loop-product__title\">Haloflex SD<\/h2>\n<\/a>\t\t<a id=\"sendbtn\" href=\"https:\/\/web.whatsapp.com\/send?phone=5515991800112&text=Ol%C3%A1%20gostaria%20de%20receber%20um%20or%C3%A7amento%20para%20o%20produto.%0D%0A%0D%0A%2AHaloflex%20SD%2A%0D%0A%0D%0AObrigado%21&app_absent=0\" title=\"Complete order on WhatsApp to buy Haloflex SD\" target=\"_blank\" class=\"button add_to_cart_button wa-shop-button product_type_simple\">\r\n\t\t\tSolicite um Or\u00e7amento!\t\t<\/a>\r\n\t<\/li>\n<li class=\"product type-product post-3453 status-publish instock product_cat-mangueiras-industriais product_tag-produtos-quimicos has-post-thumbnail sold-individually shipping-taxable product-type-simple\">\n\t<a href=\"https:\/\/realflex.com.br\/sitenovo\/produto\/hypflex-d\/\" class=\"woocommerce-LoopProduct-link woocommerce-loop-product__link\"><div class=\"xtra-product-thumbnail\"><div class=\"xtra-product-icons cz_tooltip_left\" data-id=\"3453\"><i class=\"fa czico-146-search-4 xtra-product-quick-view\" data-title=\"Quick view\" data-nonce=\"4d257611ee\"><\/i><\/div><img loading=\"lazy\" decoding=\"async\" width=\"600\" height=\"600\" src=\"data:image\/svg+xml,%3Csvg%20xmlns%3D&#39;http%3A%2F%2Fwww.w3.org%2F2000%2Fsvg&#39;%20width=&#39;600&#39;%20height=&#39;600&#39;%20viewBox%3D&#39;0%200%20600%20600&#39;%2F%3E\" data-czlz data-src=\"https:\/\/realflex.com.br\/sitenovo\/wp-content\/uploads\/2025\/07\/hypflex-D.jpg\" class=\"attachment-woocommerce_thumbnail size-woocommerce_thumbnail\" alt=\"Hypflex D\" data-data-srcset=\"https:\/\/realflex.com.br\/sitenovo\/wp-content\/uploads\/2025\/07\/hypflex-D.jpg 600w, https:\/\/realflex.com.br\/sitenovo\/wp-content\/uploads\/2025\/07\/hypflex-D-300x300.jpg 300w, https:\/\/realflex.com.br\/sitenovo\/wp-content\/uploads\/2025\/07\/hypflex-D-150x150.jpg 150w, https:\/\/realflex.com.br\/sitenovo\/wp-content\/uploads\/2025\/07\/hypflex-D-100x100.jpg 100w\" data-data-sizes=\"(max-width: 600px) 100vw, 600px\" \/><\/div><h2 class=\"woocommerce-loop-product__title\">Hypflex D<\/h2>\n<\/a>\t\t<a id=\"sendbtn\" href=\"https:\/\/web.whatsapp.com\/send?phone=5515991800112&text=Ol%C3%A1%20gostaria%20de%20receber%20um%20or%C3%A7amento%20para%20o%20produto.%0D%0A%0D%0A%2AHypflex%20D%2A%0D%0A%0D%0AObrigado%21&app_absent=0\" title=\"Complete order on WhatsApp to buy Hypflex D\" target=\"_blank\" class=\"button add_to_cart_button wa-shop-button product_type_simple\">\r\n\t\t\tSolicite um Or\u00e7amento!\t\t<\/a>\r\n\t<\/li>\n<li class=\"product type-product post-3452 status-publish last instock product_cat-mangueiras-industriais product_tag-produtos-quimicos has-post-thumbnail sold-individually shipping-taxable product-type-simple\">\n\t<a href=\"https:\/\/realflex.com.br\/sitenovo\/produto\/hypflex-sd\/\" class=\"woocommerce-LoopProduct-link woocommerce-loop-product__link\"><div class=\"xtra-product-thumbnail\"><div class=\"xtra-product-icons cz_tooltip_left\" data-id=\"3452\"><i class=\"fa czico-146-search-4 xtra-product-quick-view\" data-title=\"Quick view\" data-nonce=\"4d257611ee\"><\/i><\/div><img loading=\"lazy\" decoding=\"async\" width=\"600\" height=\"600\" src=\"data:image\/svg+xml,%3Csvg%20xmlns%3D&#39;http%3A%2F%2Fwww.w3.org%2F2000%2Fsvg&#39;%20width=&#39;600&#39;%20height=&#39;600&#39;%20viewBox%3D&#39;0%200%20600%20600&#39;%2F%3E\" data-czlz data-src=\"https:\/\/realflex.com.br\/sitenovo\/wp-content\/uploads\/2025\/07\/hypflex-SD.jpg\" class=\"attachment-woocommerce_thumbnail size-woocommerce_thumbnail\" alt=\"Hypflex SD\" data-data-srcset=\"https:\/\/realflex.com.br\/sitenovo\/wp-content\/uploads\/2025\/07\/hypflex-SD.jpg 600w, https:\/\/realflex.com.br\/sitenovo\/wp-content\/uploads\/2025\/07\/hypflex-SD-300x300.jpg 300w, https:\/\/realflex.com.br\/sitenovo\/wp-content\/uploads\/2025\/07\/hypflex-SD-150x150.jpg 150w, https:\/\/realflex.com.br\/sitenovo\/wp-content\/uploads\/2025\/07\/hypflex-SD-100x100.jpg 100w\" data-data-sizes=\"(max-width: 600px) 100vw, 600px\" \/><\/div><h2 class=\"woocommerce-loop-product__title\">Hypflex SD<\/h2>\n<\/a>\t\t<a id=\"sendbtn\" href=\"https:\/\/web.whatsapp.com\/send?phone=5515991800112&text=Ol%C3%A1%20gostaria%20de%20receber%20um%20or%C3%A7amento%20para%20o%20produto.%0D%0A%0D%0A%2AHypflex%20SD%2A%0D%0A%0D%0AObrigado%21&app_absent=0\" title=\"Complete order on WhatsApp to buy Hypflex SD\" target=\"_blank\" class=\"button add_to_cart_button wa-shop-button product_type_simple\">\r\n\t\t\tSolicite um Or\u00e7amento!\t\t<\/a>\r\n\t<\/li>\n<\/ul>\n<div id=\"cz_xtra_quick_view\" class=\"cz_xtra_quick_view\"><div id=\"xtra_quick_view\" class=\"cz_popup_modal clr\"><div class=\"cz_popup_in\"><div><\/div><\/div><i class=\"fa czico-198-cancel cz_close_popup\"><\/i><div class=\"cz_overlay\"><\/div><\/div><\/div><div class=\"codevz-added-to-cart-notif\"><i class=\"fa fa-check\"><\/i><span>\"<strong><\/strong>\" has been added to your cart.<a class=\"button\" href=\"https:\/\/realflex.com.br\/sitenovo\/cart\/\">View cart<\/a><\/span><\/div><\/div>\t\t\t\t<\/div>\n\t\t\t\t<\/div>\n\t\t\t\t\t<\/div>\n\t\t\t\t<\/div>\n\t\t\t\t<\/div>\n\t\t","protected":false},"excerpt":{"rendered":"<p>Mangueiras leves e flex\u00edveis, desenvolvidas para suportar transporte de produtos qu\u00edmicos &#8230; <\/p>\n","protected":false},"author":1,"featured_media":0,"parent":0,"menu_order":0,"comment_status":"closed","ping_status":"closed","template":"","meta":{"pagelayer_contact_templates":[],"_pagelayer_content":"","footnotes":""},"class_list":["post-3614","page","type-page","status-publish","hentry"],"_links":{"self":[{"href":"https:\/\/realflex.com.br\/sitenovo\/wp-json\/wp\/v2\/pages\/3614","targetHints":{"allow":["GET"]}}],"collection":[{"href":"https:\/\/realflex.com.br\/sitenovo\/wp-json\/wp\/v2\/pages"}],"about":[{"href":"https:\/\/realflex.com.br\/sitenovo\/wp-json\/wp\/v2\/types\/page"}],"author":[{"embeddable":true,"href":"https:\/\/realflex.com.br\/sitenovo\/wp-json\/wp\/v2\/users\/1"}],"replies":[{"embeddable":true,"href":"https:\/\/realflex.com.br\/sitenovo\/wp-json\/wp\/v2\/comments?post=3614"}],"version-history":[{"count":9,"href":"https:\/\/realflex.com.br\/sitenovo\/wp-json\/wp\/v2\/pages\/3614\/revisions"}],"predecessor-version":[{"id":3786,"href":"https:\/\/realflex.com.br\/sitenovo\/wp-json\/wp\/v2\/pages\/3614\/revisions\/3786"}],"wp:attachment":[{"href":"https:\/\/realflex.com.br\/sitenovo\/wp-json\/wp\/v2\/media?parent=3614"}],"curies":[{"name":"wp","href":"https:\/\/api.w.org\/{rel}","templated":true}]}}