{"id":3622,"date":"2025-12-07T15:28:43","date_gmt":"2025-12-07T15:28:43","guid":{"rendered":"https:\/\/realflex.com.br\/sitenovo\/?page_id=3622"},"modified":"2025-12-16T00:46:12","modified_gmt":"2025-12-16T00:46:12","slug":"mercado-ferroviario","status":"publish","type":"page","link":"https:\/\/realflex.com.br\/sitenovo\/mercado-ferroviario\/","title":{"rendered":"Mercado Ferrovi\u00e1rio"},"content":{"rendered":"\t\t<div data-elementor-type=\"wp-page\" data-elementor-id=\"3622\" class=\"elementor elementor-3622\" data-elementor-post-type=\"page\">\n\t\t\t\t<div class=\"elementor-element elementor-element-fd220de e-flex e-con-boxed e-con e-parent\" data-id=\"fd220de\" data-element_type=\"container\">\n\t\t\t\t\t<div class=\"e-con-inner\">\n\t\t\t\t<div class=\"elementor-element elementor-element-db30cb9 elementor-widget elementor-widget-text-editor\" data-id=\"db30cb9\" data-element_type=\"widget\" data-widget_type=\"text-editor.default\">\n\t\t\t\t<div class=\"elementor-widget-container\">\n\t\t\t\t\t\t\t\t\t<div class=\"wpb_text_column wpb_content_element \"><div class=\"wpb_wrapper\"><p>Mangueiras especificas com alta complexidade e que atendem normas especificas para atendimento do mercado ferrovi\u00e1rio.<\/p><\/div><\/div>\t\t\t\t\t\t\t\t<\/div>\n\t\t\t\t<\/div>\n\t\t\t\t\t<\/div>\n\t\t\t\t<\/div>\n\t\t<div class=\"elementor-element elementor-element-2961bd4 e-grid e-con-boxed e-con e-parent\" data-id=\"2961bd4\" data-element_type=\"container\">\n\t\t\t\t\t<div class=\"e-con-inner\">\n\t\t\t\t<div class=\"elementor-element elementor-element-b0ab226 elementor-grid-4 elementor-grid-tablet-3 elementor-grid-mobile-2 elementor-products-grid elementor-wc-products elementor-widget elementor-widget-woocommerce-products\" data-id=\"b0ab226\" data-element_type=\"widget\" data-widget_type=\"woocommerce-products.default\">\n\t\t\t\t<div class=\"elementor-widget-container\">\n\t\t\t\t\t<div class=\"woocommerce columns-4 \"><ul class=\"products elementor-grid columns-4\">\n<li class=\"product type-product post-2728 status-publish first instock product_cat-agua-e-ar product_cat-linha-normal product_cat-mangueiras-industriais product_tag-agua-ar product_tag-mangueiras-borracha has-post-thumbnail sold-individually shipping-taxable product-type-simple\">\n\t<a href=\"https:\/\/realflex.com.br\/sitenovo\/produto\/agua-ar\/\" class=\"woocommerce-LoopProduct-link woocommerce-loop-product__link\"><div class=\"xtra-product-thumbnail\"><div class=\"xtra-product-icons cz_tooltip_left\" data-id=\"2728\"><i class=\"fa czico-146-search-4 xtra-product-quick-view\" data-title=\"Quick view\" data-nonce=\"4d257611ee\"><\/i><\/div><img fetchpriority=\"high\" decoding=\"async\" width=\"600\" height=\"600\" src=\"data:image\/svg+xml,%3Csvg%20xmlns%3D&#39;http%3A%2F%2Fwww.w3.org%2F2000%2Fsvg&#39;%20width=&#39;600&#39;%20height=&#39;600&#39;%20viewBox%3D&#39;0%200%20600%20600&#39;%2F%3E\" data-czlz data-src=\"https:\/\/realflex.com.br\/sitenovo\/wp-content\/uploads\/2025\/03\/agua_ar.jpg\" class=\"attachment-woocommerce_thumbnail size-woocommerce_thumbnail\" alt=\"\u00c1gua Ar\" data-data-srcset=\"https:\/\/realflex.com.br\/sitenovo\/wp-content\/uploads\/2025\/03\/agua_ar.jpg 600w, https:\/\/realflex.com.br\/sitenovo\/wp-content\/uploads\/2025\/03\/agua_ar-300x300.jpg 300w, https:\/\/realflex.com.br\/sitenovo\/wp-content\/uploads\/2025\/03\/agua_ar-150x150.jpg 150w, https:\/\/realflex.com.br\/sitenovo\/wp-content\/uploads\/2025\/03\/agua_ar-100x100.jpg 100w\" data-data-sizes=\"(max-width: 600px) 100vw, 600px\" \/><\/div><h2 class=\"woocommerce-loop-product__title\">\u00c1gua Ar<\/h2>\n<\/a>\t\t<a id=\"sendbtn\" href=\"https:\/\/web.whatsapp.com\/send?phone=5515991800112&text=Ol%C3%A1%20gostaria%20de%20receber%20um%20or%C3%A7amento%20para%20o%20produto.%0D%0A%0D%0A%2A%C3%81gua%20Ar%2A%0D%0A%0D%0AObrigado%21&app_absent=0\" title=\"Complete order on WhatsApp to buy \u00c1gua Ar\" target=\"_blank\" class=\"button add_to_cart_button wa-shop-button product_type_simple\">\r\n\t\t\tSolicite um Or\u00e7amento!\t\t<\/a>\r\n\t<\/li>\n<li class=\"product type-product post-3491 status-publish instock product_cat-mangueiras-industriais product_tag-agua-e-ar has-post-thumbnail sold-individually shipping-taxable product-type-simple\">\n\t<a href=\"https:\/\/realflex.com.br\/sitenovo\/produto\/cordflex\/\" class=\"woocommerce-LoopProduct-link woocommerce-loop-product__link\"><div class=\"xtra-product-thumbnail\"><div class=\"xtra-product-icons cz_tooltip_left\" data-id=\"3491\"><i class=\"fa czico-146-search-4 xtra-product-quick-view\" data-title=\"Quick view\" data-nonce=\"4d257611ee\"><\/i><\/div><img decoding=\"async\" width=\"600\" height=\"600\" src=\"data:image\/svg+xml,%3Csvg%20xmlns%3D&#39;http%3A%2F%2Fwww.w3.org%2F2000%2Fsvg&#39;%20width=&#39;600&#39;%20height=&#39;600&#39;%20viewBox%3D&#39;0%200%20600%20600&#39;%2F%3E\" data-czlz data-src=\"https:\/\/realflex.com.br\/sitenovo\/wp-content\/uploads\/2025\/08\/cordflex.jpg\" class=\"attachment-woocommerce_thumbnail size-woocommerce_thumbnail\" alt=\"Cordflex\" data-data-srcset=\"https:\/\/realflex.com.br\/sitenovo\/wp-content\/uploads\/2025\/08\/cordflex.jpg 600w, https:\/\/realflex.com.br\/sitenovo\/wp-content\/uploads\/2025\/08\/cordflex-300x300.jpg 300w, https:\/\/realflex.com.br\/sitenovo\/wp-content\/uploads\/2025\/08\/cordflex-150x150.jpg 150w, https:\/\/realflex.com.br\/sitenovo\/wp-content\/uploads\/2025\/08\/cordflex-100x100.jpg 100w\" data-data-sizes=\"(max-width: 600px) 100vw, 600px\" \/><\/div><h2 class=\"woocommerce-loop-product__title\">Cordflex<\/h2>\n<\/a>\t\t<a id=\"sendbtn\" href=\"https:\/\/web.whatsapp.com\/send?phone=5515991800112&text=Ol%C3%A1%20gostaria%20de%20receber%20um%20or%C3%A7amento%20para%20o%20produto.%0D%0A%0D%0A%2ACordflex%2A%0D%0A%0D%0AObrigado%21&app_absent=0\" title=\"Complete order on WhatsApp to buy Cordflex\" target=\"_blank\" class=\"button add_to_cart_button wa-shop-button product_type_simple\">\r\n\t\t\tSolicite um Or\u00e7amento!\t\t<\/a>\r\n\t<\/li>\n<li class=\"product type-product post-3492 status-publish instock product_cat-mangueiras-industriais product_tag-agua-e-ar has-post-thumbnail sold-individually shipping-taxable product-type-simple\">\n\t<a href=\"https:\/\/realflex.com.br\/sitenovo\/produto\/cordflex-hd\/\" class=\"woocommerce-LoopProduct-link woocommerce-loop-product__link\"><div class=\"xtra-product-thumbnail\"><div class=\"xtra-product-icons cz_tooltip_left\" data-id=\"3492\"><i class=\"fa czico-146-search-4 xtra-product-quick-view\" data-title=\"Quick view\" data-nonce=\"4d257611ee\"><\/i><\/div><img decoding=\"async\" width=\"600\" height=\"600\" src=\"data:image\/svg+xml,%3Csvg%20xmlns%3D&#39;http%3A%2F%2Fwww.w3.org%2F2000%2Fsvg&#39;%20width=&#39;600&#39;%20height=&#39;600&#39;%20viewBox%3D&#39;0%200%20600%20600&#39;%2F%3E\" data-czlz data-src=\"https:\/\/realflex.com.br\/sitenovo\/wp-content\/uploads\/2025\/08\/cordflexHD.jpg\" class=\"attachment-woocommerce_thumbnail size-woocommerce_thumbnail\" alt=\"Cordflex HD\" data-data-srcset=\"https:\/\/realflex.com.br\/sitenovo\/wp-content\/uploads\/2025\/08\/cordflexHD.jpg 600w, https:\/\/realflex.com.br\/sitenovo\/wp-content\/uploads\/2025\/08\/cordflexHD-300x300.jpg 300w, https:\/\/realflex.com.br\/sitenovo\/wp-content\/uploads\/2025\/08\/cordflexHD-150x150.jpg 150w, https:\/\/realflex.com.br\/sitenovo\/wp-content\/uploads\/2025\/08\/cordflexHD-100x100.jpg 100w\" data-data-sizes=\"(max-width: 600px) 100vw, 600px\" \/><\/div><h2 class=\"woocommerce-loop-product__title\">Cordflex HD<\/h2>\n<\/a>\t\t<a id=\"sendbtn\" href=\"https:\/\/web.whatsapp.com\/send?phone=5515991800112&text=Ol%C3%A1%20gostaria%20de%20receber%20um%20or%C3%A7amento%20para%20o%20produto.%0D%0A%0D%0A%2ACordflex%20HD%2A%0D%0A%0D%0AObrigado%21&app_absent=0\" title=\"Complete order on WhatsApp to buy Cordflex HD\" target=\"_blank\" class=\"button add_to_cart_button wa-shop-button product_type_simple\">\r\n\t\t\tSolicite um Or\u00e7amento!\t\t<\/a>\r\n\t<\/li>\n<li class=\"product type-product post-3494 status-publish last instock product_cat-mangueiras-industriais product_tag-agua-e-ar has-post-thumbnail sold-individually shipping-taxable product-type-simple\">\n\t<a href=\"https:\/\/realflex.com.br\/sitenovo\/produto\/freioflex\/\" class=\"woocommerce-LoopProduct-link woocommerce-loop-product__link\"><div class=\"xtra-product-thumbnail\"><div class=\"xtra-product-icons cz_tooltip_left\" data-id=\"3494\"><i class=\"fa czico-146-search-4 xtra-product-quick-view\" data-title=\"Quick view\" data-nonce=\"4d257611ee\"><\/i><\/div><img loading=\"lazy\" decoding=\"async\" width=\"600\" height=\"600\" src=\"data:image\/svg+xml,%3Csvg%20xmlns%3D&#39;http%3A%2F%2Fwww.w3.org%2F2000%2Fsvg&#39;%20width=&#39;600&#39;%20height=&#39;600&#39;%20viewBox%3D&#39;0%200%20600%20600&#39;%2F%3E\" data-czlz data-src=\"https:\/\/realflex.com.br\/sitenovo\/wp-content\/uploads\/2025\/08\/freio-flex.jpg\" class=\"attachment-woocommerce_thumbnail size-woocommerce_thumbnail\" alt=\"Freioflex\" data-data-srcset=\"https:\/\/realflex.com.br\/sitenovo\/wp-content\/uploads\/2025\/08\/freio-flex.jpg 600w, https:\/\/realflex.com.br\/sitenovo\/wp-content\/uploads\/2025\/08\/freio-flex-300x300.jpg 300w, https:\/\/realflex.com.br\/sitenovo\/wp-content\/uploads\/2025\/08\/freio-flex-150x150.jpg 150w, https:\/\/realflex.com.br\/sitenovo\/wp-content\/uploads\/2025\/08\/freio-flex-100x100.jpg 100w\" data-data-sizes=\"(max-width: 600px) 100vw, 600px\" \/><\/div><h2 class=\"woocommerce-loop-product__title\">Freioflex<\/h2>\n<\/a>\t\t<a id=\"sendbtn\" href=\"https:\/\/web.whatsapp.com\/send?phone=5515991800112&text=Ol%C3%A1%20gostaria%20de%20receber%20um%20or%C3%A7amento%20para%20o%20produto.%0D%0A%0D%0A%2AFreioflex%2A%0D%0A%0D%0AObrigado%21&app_absent=0\" title=\"Complete order on WhatsApp to buy Freioflex\" target=\"_blank\" class=\"button add_to_cart_button wa-shop-button product_type_simple\">\r\n\t\t\tSolicite um Or\u00e7amento!\t\t<\/a>\r\n\t<\/li>\n<li class=\"product type-product post-3486 status-publish first instock product_cat-mangueiras-industriais product_tag-agua-e-ar has-post-thumbnail sold-individually shipping-taxable product-type-simple\">\n\t<a href=\"https:\/\/realflex.com.br\/sitenovo\/produto\/multiflex\/\" class=\"woocommerce-LoopProduct-link woocommerce-loop-product__link\"><div class=\"xtra-product-thumbnail\"><div class=\"xtra-product-icons cz_tooltip_left\" data-id=\"3486\"><i class=\"fa czico-146-search-4 xtra-product-quick-view\" data-title=\"Quick view\" data-nonce=\"4d257611ee\"><\/i><\/div><img loading=\"lazy\" decoding=\"async\" width=\"600\" height=\"600\" src=\"data:image\/svg+xml,%3Csvg%20xmlns%3D&#39;http%3A%2F%2Fwww.w3.org%2F2000%2Fsvg&#39;%20width=&#39;600&#39;%20height=&#39;600&#39;%20viewBox%3D&#39;0%200%20600%20600&#39;%2F%3E\" data-czlz data-src=\"https:\/\/realflex.com.br\/sitenovo\/wp-content\/uploads\/2025\/08\/multiflex.jpg\" class=\"attachment-woocommerce_thumbnail size-woocommerce_thumbnail\" alt=\"Multiflex\" data-data-srcset=\"https:\/\/realflex.com.br\/sitenovo\/wp-content\/uploads\/2025\/08\/multiflex.jpg 600w, https:\/\/realflex.com.br\/sitenovo\/wp-content\/uploads\/2025\/08\/multiflex-300x300.jpg 300w, https:\/\/realflex.com.br\/sitenovo\/wp-content\/uploads\/2025\/08\/multiflex-150x150.jpg 150w, https:\/\/realflex.com.br\/sitenovo\/wp-content\/uploads\/2025\/08\/multiflex-100x100.jpg 100w\" data-data-sizes=\"(max-width: 600px) 100vw, 600px\" \/><\/div><h2 class=\"woocommerce-loop-product__title\">Multiflex<\/h2>\n<\/a>\t\t<a id=\"sendbtn\" href=\"https:\/\/web.whatsapp.com\/send?phone=5515991800112&text=Ol%C3%A1%20gostaria%20de%20receber%20um%20or%C3%A7amento%20para%20o%20produto.%0D%0A%0D%0A%2AMultiflex%2A%0D%0A%0D%0AObrigado%21&app_absent=0\" title=\"Complete order on WhatsApp to buy Multiflex\" target=\"_blank\" class=\"button add_to_cart_button wa-shop-button product_type_simple\">\r\n\t\t\tSolicite um Or\u00e7amento!\t\t<\/a>\r\n\t<\/li>\n<li class=\"product type-product post-3476 status-publish instock product_cat-mangueiras-industriais product_tag-oleo-e-derivados-de-petroleo has-post-thumbnail sold-individually shipping-taxable product-type-simple\">\n\t<a href=\"https:\/\/realflex.com.br\/sitenovo\/produto\/oleo\/\" class=\"woocommerce-LoopProduct-link woocommerce-loop-product__link\"><div class=\"xtra-product-thumbnail\"><div class=\"xtra-product-icons cz_tooltip_left\" data-id=\"3476\"><i class=\"fa czico-146-search-4 xtra-product-quick-view\" data-title=\"Quick view\" data-nonce=\"4d257611ee\"><\/i><\/div><img loading=\"lazy\" decoding=\"async\" width=\"600\" height=\"600\" src=\"data:image\/svg+xml,%3Csvg%20xmlns%3D&#39;http%3A%2F%2Fwww.w3.org%2F2000%2Fsvg&#39;%20width=&#39;600&#39;%20height=&#39;600&#39;%20viewBox%3D&#39;0%200%20600%20600&#39;%2F%3E\" data-czlz data-src=\"https:\/\/realflex.com.br\/sitenovo\/wp-content\/uploads\/2025\/08\/oleo.jpg\" class=\"attachment-woocommerce_thumbnail size-woocommerce_thumbnail\" alt=\"\u00d3leo\" data-data-srcset=\"https:\/\/realflex.com.br\/sitenovo\/wp-content\/uploads\/2025\/08\/oleo.jpg 600w, https:\/\/realflex.com.br\/sitenovo\/wp-content\/uploads\/2025\/08\/oleo-300x300.jpg 300w, https:\/\/realflex.com.br\/sitenovo\/wp-content\/uploads\/2025\/08\/oleo-150x150.jpg 150w, https:\/\/realflex.com.br\/sitenovo\/wp-content\/uploads\/2025\/08\/oleo-100x100.jpg 100w\" data-data-sizes=\"(max-width: 600px) 100vw, 600px\" \/><\/div><h2 class=\"woocommerce-loop-product__title\">\u00d3leo<\/h2>\n<\/a>\t\t<a id=\"sendbtn\" href=\"https:\/\/web.whatsapp.com\/send?phone=5515991800112&text=Ol%C3%A1%20gostaria%20de%20receber%20um%20or%C3%A7amento%20para%20o%20produto.%0D%0A%0D%0A%2A%C3%93leo%2A%0D%0A%0D%0AObrigado%21&app_absent=0\" title=\"Complete order on WhatsApp to buy \u00d3leo\" target=\"_blank\" class=\"button add_to_cart_button wa-shop-button product_type_simple\">\r\n\t\t\tSolicite um Or\u00e7amento!\t\t<\/a>\r\n\t<\/li>\n<li class=\"product type-product post-3471 status-publish instock product_cat-mangueiras-industriais product_tag-oleo-e-derivados-de-petroleo has-post-thumbnail sold-individually shipping-taxable product-type-simple\">\n\t<a href=\"https:\/\/realflex.com.br\/sitenovo\/produto\/oleo-hd\/\" class=\"woocommerce-LoopProduct-link woocommerce-loop-product__link\"><div class=\"xtra-product-thumbnail\"><div class=\"xtra-product-icons cz_tooltip_left\" data-id=\"3471\"><i class=\"fa czico-146-search-4 xtra-product-quick-view\" data-title=\"Quick view\" data-nonce=\"4d257611ee\"><\/i><\/div><img loading=\"lazy\" decoding=\"async\" width=\"600\" height=\"600\" src=\"data:image\/svg+xml,%3Csvg%20xmlns%3D&#39;http%3A%2F%2Fwww.w3.org%2F2000%2Fsvg&#39;%20width=&#39;600&#39;%20height=&#39;600&#39;%20viewBox%3D&#39;0%200%20600%20600&#39;%2F%3E\" data-czlz data-src=\"https:\/\/realflex.com.br\/sitenovo\/wp-content\/uploads\/2025\/08\/oleoHD.jpg\" class=\"attachment-woocommerce_thumbnail size-woocommerce_thumbnail\" alt=\"\u00d3leo HD\" data-data-srcset=\"https:\/\/realflex.com.br\/sitenovo\/wp-content\/uploads\/2025\/08\/oleoHD.jpg 600w, https:\/\/realflex.com.br\/sitenovo\/wp-content\/uploads\/2025\/08\/oleoHD-300x300.jpg 300w, https:\/\/realflex.com.br\/sitenovo\/wp-content\/uploads\/2025\/08\/oleoHD-150x150.jpg 150w, https:\/\/realflex.com.br\/sitenovo\/wp-content\/uploads\/2025\/08\/oleoHD-100x100.jpg 100w\" data-data-sizes=\"(max-width: 600px) 100vw, 600px\" \/><\/div><h2 class=\"woocommerce-loop-product__title\">\u00d3leo HD<\/h2>\n<\/a>\t\t<a id=\"sendbtn\" href=\"https:\/\/web.whatsapp.com\/send?phone=5515991800112&text=Ol%C3%A1%20gostaria%20de%20receber%20um%20or%C3%A7amento%20para%20o%20produto.%0D%0A%0D%0A%2A%C3%93leo%20HD%2A%0D%0A%0D%0AObrigado%21&app_absent=0\" title=\"Complete order on WhatsApp to buy \u00d3leo HD\" target=\"_blank\" class=\"button add_to_cart_button wa-shop-button product_type_simple\">\r\n\t\t\tSolicite um Or\u00e7amento!\t\t<\/a>\r\n\t<\/li>\n<li class=\"product type-product post-3470 status-publish last instock product_cat-mangueiras-industriais product_tag-oleo-e-derivados-de-petroleo has-post-thumbnail sold-individually shipping-taxable product-type-simple\">\n\t<a href=\"https:\/\/realflex.com.br\/sitenovo\/produto\/succao-e-descarga-de-oleo\/\" class=\"woocommerce-LoopProduct-link woocommerce-loop-product__link\"><div class=\"xtra-product-thumbnail\"><div class=\"xtra-product-icons cz_tooltip_left\" data-id=\"3470\"><i class=\"fa czico-146-search-4 xtra-product-quick-view\" data-title=\"Quick view\" data-nonce=\"4d257611ee\"><\/i><\/div><img loading=\"lazy\" decoding=\"async\" width=\"600\" height=\"600\" src=\"data:image\/svg+xml,%3Csvg%20xmlns%3D&#39;http%3A%2F%2Fwww.w3.org%2F2000%2Fsvg&#39;%20width=&#39;600&#39;%20height=&#39;600&#39;%20viewBox%3D&#39;0%200%20600%20600&#39;%2F%3E\" data-czlz data-src=\"https:\/\/realflex.com.br\/sitenovo\/wp-content\/uploads\/2025\/08\/succao-descarga-oleo.jpg\" class=\"attachment-woocommerce_thumbnail size-woocommerce_thumbnail\" alt=\"Suc\u00e7\u00e3o e Descarga  de \u00d3leo\" data-data-srcset=\"https:\/\/realflex.com.br\/sitenovo\/wp-content\/uploads\/2025\/08\/succao-descarga-oleo.jpg 600w, https:\/\/realflex.com.br\/sitenovo\/wp-content\/uploads\/2025\/08\/succao-descarga-oleo-300x300.jpg 300w, https:\/\/realflex.com.br\/sitenovo\/wp-content\/uploads\/2025\/08\/succao-descarga-oleo-150x150.jpg 150w, https:\/\/realflex.com.br\/sitenovo\/wp-content\/uploads\/2025\/08\/succao-descarga-oleo-100x100.jpg 100w\" data-data-sizes=\"(max-width: 600px) 100vw, 600px\" \/><\/div><h2 class=\"woocommerce-loop-product__title\">Suc\u00e7\u00e3o e Descarga  de \u00d3leo<\/h2>\n<\/a>\t\t<a id=\"sendbtn\" href=\"https:\/\/web.whatsapp.com\/send?phone=5515991800112&text=Ol%C3%A1%20gostaria%20de%20receber%20um%20or%C3%A7amento%20para%20o%20produto.%0D%0A%0D%0A%2ASuc%C3%A7%C3%A3o%20e%20Descarga%20%20de%20%C3%93leo%2A%0D%0A%0D%0AObrigado%21&app_absent=0\" title=\"Complete order on WhatsApp to buy Suc\u00e7\u00e3o e Descarga  de \u00d3leo\" target=\"_blank\" class=\"button add_to_cart_button wa-shop-button product_type_simple\">\r\n\t\t\tSolicite um Or\u00e7amento!\t\t<\/a>\r\n\t<\/li>\n<li class=\"product type-product post-3473 status-publish first instock product_cat-mangueiras-industriais product_tag-oleo-e-derivados-de-petroleo has-post-thumbnail sold-individually shipping-taxable product-type-simple\">\n\t<a href=\"https:\/\/realflex.com.br\/sitenovo\/produto\/succao-e-descarga-de-oleo-hd\/\" class=\"woocommerce-LoopProduct-link woocommerce-loop-product__link\"><div class=\"xtra-product-thumbnail\"><div class=\"xtra-product-icons cz_tooltip_left\" data-id=\"3473\"><i class=\"fa czico-146-search-4 xtra-product-quick-view\" data-title=\"Quick view\" data-nonce=\"4d257611ee\"><\/i><\/div><img loading=\"lazy\" decoding=\"async\" width=\"600\" height=\"600\" src=\"data:image\/svg+xml,%3Csvg%20xmlns%3D&#39;http%3A%2F%2Fwww.w3.org%2F2000%2Fsvg&#39;%20width=&#39;600&#39;%20height=&#39;600&#39;%20viewBox%3D&#39;0%200%20600%20600&#39;%2F%3E\" data-czlz data-src=\"https:\/\/realflex.com.br\/sitenovo\/wp-content\/uploads\/2025\/08\/succao-descarga-oleoHD.jpg\" class=\"attachment-woocommerce_thumbnail size-woocommerce_thumbnail\" alt=\"Suc\u00e7\u00e3o e Descarga de \u00d3leo HD\" data-data-srcset=\"https:\/\/realflex.com.br\/sitenovo\/wp-content\/uploads\/2025\/08\/succao-descarga-oleoHD.jpg 600w, https:\/\/realflex.com.br\/sitenovo\/wp-content\/uploads\/2025\/08\/succao-descarga-oleoHD-300x300.jpg 300w, https:\/\/realflex.com.br\/sitenovo\/wp-content\/uploads\/2025\/08\/succao-descarga-oleoHD-150x150.jpg 150w, https:\/\/realflex.com.br\/sitenovo\/wp-content\/uploads\/2025\/08\/succao-descarga-oleoHD-100x100.jpg 100w\" data-data-sizes=\"(max-width: 600px) 100vw, 600px\" \/><\/div><h2 class=\"woocommerce-loop-product__title\">Suc\u00e7\u00e3o e Descarga de \u00d3leo HD<\/h2>\n<\/a>\t\t<a id=\"sendbtn\" href=\"https:\/\/web.whatsapp.com\/send?phone=5515991800112&text=Ol%C3%A1%20gostaria%20de%20receber%20um%20or%C3%A7amento%20para%20o%20produto.%0D%0A%0D%0A%2ASuc%C3%A7%C3%A3o%20e%20Descarga%20de%20%C3%93leo%20HD%2A%0D%0A%0D%0AObrigado%21&app_absent=0\" title=\"Complete order on WhatsApp to buy Suc\u00e7\u00e3o e Descarga de \u00d3leo HD\" target=\"_blank\" class=\"button add_to_cart_button wa-shop-button product_type_simple\">\r\n\t\t\tSolicite um Or\u00e7amento!\t\t<\/a>\r\n\t<\/li>\n<\/ul>\n<div id=\"cz_xtra_quick_view\" class=\"cz_xtra_quick_view\"><div id=\"xtra_quick_view\" class=\"cz_popup_modal clr\"><div class=\"cz_popup_in\"><div><\/div><\/div><i class=\"fa czico-198-cancel cz_close_popup\"><\/i><div class=\"cz_overlay\"><\/div><\/div><\/div><div class=\"codevz-added-to-cart-notif\"><i class=\"fa fa-check\"><\/i><span>\"<strong><\/strong>\" has been added to your cart.<a class=\"button\" href=\"https:\/\/realflex.com.br\/sitenovo\/cart\/\">View cart<\/a><\/span><\/div><\/div>\t\t\t\t<\/div>\n\t\t\t\t<\/div>\n\t\t\t\t\t<\/div>\n\t\t\t\t<\/div>\n\t\t\t\t<\/div>\n\t\t","protected":false},"excerpt":{"rendered":"<p>Mangueiras especificas com alta complexidade e que atendem normas especificas para &#8230; <\/p>\n","protected":false},"author":1,"featured_media":0,"parent":0,"menu_order":0,"comment_status":"closed","ping_status":"closed","template":"","meta":{"pagelayer_contact_templates":[],"_pagelayer_content":"","footnotes":""},"class_list":["post-3622","page","type-page","status-publish","hentry"],"_links":{"self":[{"href":"https:\/\/realflex.com.br\/sitenovo\/wp-json\/wp\/v2\/pages\/3622","targetHints":{"allow":["GET"]}}],"collection":[{"href":"https:\/\/realflex.com.br\/sitenovo\/wp-json\/wp\/v2\/pages"}],"about":[{"href":"https:\/\/realflex.com.br\/sitenovo\/wp-json\/wp\/v2\/types\/page"}],"author":[{"embeddable":true,"href":"https:\/\/realflex.com.br\/sitenovo\/wp-json\/wp\/v2\/users\/1"}],"replies":[{"embeddable":true,"href":"https:\/\/realflex.com.br\/sitenovo\/wp-json\/wp\/v2\/comments?post=3622"}],"version-history":[{"count":12,"href":"https:\/\/realflex.com.br\/sitenovo\/wp-json\/wp\/v2\/pages\/3622\/revisions"}],"predecessor-version":[{"id":3817,"href":"https:\/\/realflex.com.br\/sitenovo\/wp-json\/wp\/v2\/pages\/3622\/revisions\/3817"}],"wp:attachment":[{"href":"https:\/\/realflex.com.br\/sitenovo\/wp-json\/wp\/v2\/media?parent=3622"}],"curies":[{"name":"wp","href":"https:\/\/api.w.org\/{rel}","templated":true}]}}