{"id":4099,"date":"2026-03-20T11:36:17","date_gmt":"2026-03-20T11:36:17","guid":{"rendered":"https:\/\/realflex.com.br\/sitenovo\/?page_id=4099"},"modified":"2026-03-20T11:46:31","modified_gmt":"2026-03-20T11:46:31","slug":"tecnologia","status":"publish","type":"page","link":"https:\/\/realflex.com.br\/sitenovo\/tecnologia\/","title":{"rendered":"Tecnologia"},"content":{"rendered":"\t\t<div data-elementor-type=\"wp-page\" data-elementor-id=\"4099\" class=\"elementor elementor-4099\" data-elementor-post-type=\"page\">\n\t\t\t\t<div class=\"elementor-element elementor-element-abf2682 e-flex e-con-boxed e-con e-parent\" data-id=\"abf2682\" data-element_type=\"container\">\n\t\t\t\t\t<div class=\"e-con-inner\">\n\t\t\t\t<div class=\"elementor-element elementor-element-4c17ea9 elementor-widget elementor-widget-text-editor\" data-id=\"4c17ea9\" data-element_type=\"widget\" data-widget_type=\"text-editor.default\">\n\t\t\t\t<div class=\"elementor-widget-container\">\n\t\t\t\t\t\t\t\t\t<h2 class=\"wp-block-heading\" style=\"text-align: center;\"><span style=\"color: #000000;\"><u>Tecnologia<\/u><\/span><\/h2><p><!-- \/wp:paragraph --><\/p>\t\t\t\t\t\t\t\t<\/div>\n\t\t\t\t<\/div>\n\t\t<div class=\"elementor-element elementor-element-b410b52 e-grid e-con-full e-con e-child\" data-id=\"b410b52\" data-element_type=\"container\">\n\t\t\t\t<div class=\"elementor-element elementor-element-435fc94 elementor-widget elementor-widget-image\" data-id=\"435fc94\" data-element_type=\"widget\" data-widget_type=\"image.default\">\n\t\t\t\t<div class=\"elementor-widget-container\">\n\t\t\t\t\t\t\t\t\t\t\t\t\t\t\t<img fetchpriority=\"high\" decoding=\"async\" width=\"600\" height=\"600\" src=\"data:image\/svg+xml,%3Csvg%20xmlns%3D&#39;http%3A%2F%2Fwww.w3.org%2F2000%2Fsvg&#39;%20width=&#39;600&#39;%20height=&#39;600&#39;%20viewBox%3D&#39;0%200%20600%20600&#39;%2F%3E\" data-czlz data-src=\"https:\/\/realflex.com.br\/sitenovo\/wp-content\/uploads\/2018\/09\/f5.jpg\" class=\"attachment-large size-large wp-image-289\" alt=\"\" data-srcset=\"https:\/\/realflex.com.br\/sitenovo\/wp-content\/uploads\/2018\/09\/f5.jpg 600w, https:\/\/realflex.com.br\/sitenovo\/wp-content\/uploads\/2018\/09\/f5-100x100.jpg 100w, https:\/\/realflex.com.br\/sitenovo\/wp-content\/uploads\/2018\/09\/f5-300x300.jpg 300w, https:\/\/realflex.com.br\/sitenovo\/wp-content\/uploads\/2018\/09\/f5-150x150.jpg 150w\" data-sizes=\"(max-width: 600px) 100vw, 600px\" \/>\t\t\t\t\t\t\t\t\t\t\t\t\t\t\t<\/div>\n\t\t\t\t<\/div>\n\t\t\t\t<div class=\"elementor-element elementor-element-c041d93 elementor-widget elementor-widget-text-editor\" data-id=\"c041d93\" data-element_type=\"widget\" data-widget_type=\"text-editor.default\">\n\t\t\t\t<div class=\"elementor-widget-container\">\n\t\t\t\t\t\t\t\t\t<p>A <b>Realflex<\/b> possui equipamentos laboratoriais e corpo t\u00e9cnico capacitado para fazer diversos tipos de an\u00e1lises f\u00edsicas e qu\u00edmicas de compostos de borracha, buscando atender as necessidades de nossos clientes em quaisquer requisitos de qualidade e desenvolvimentos de novos produtos, sempre com inova\u00e7\u00e3o tecnol\u00f3gica. O laborat\u00f3rio est\u00e1 tamb\u00e9m habilitado a prestar servi\u00e7os de testes em borracha natural, testes em produtos qu\u00edmicos e an\u00e1lise de compostos de borracha para terceiros. Para o desenvolvimento e ajuste de formula\u00e7\u00f5es em qualquer tipo de elast\u00f4mero ou novos produtos, possui uma mini f\u00e1brica piloto que oferece suporte t\u00e9cnico para todas as empresas do grupo e para clientes.<\/p><p>A <b>Realflex<\/b> possui equipe de engenharia habilitada para oferecer solu\u00e7\u00f5es em mangueiras e mangotes industriais para o seu projeto, especificar o produto correto para sua aplica\u00e7\u00e3o, desenvolver novos produtos que atendam as necessidades dos consumidores, emitir laudos e certificados t\u00e9cnicos, promover treinamentos de produtos, assim como dar apoio t\u00e9cnico e comercial no pr\u00e9 e p\u00f3s venda.<\/p>\t\t\t\t\t\t\t\t<\/div>\n\t\t\t\t<\/div>\n\t\t\t\t<\/div>\n\t\t\t\t<div class=\"elementor-element elementor-element-4a49d72 elementor-widget elementor-widget-text-editor\" data-id=\"4a49d72\" data-element_type=\"widget\" data-widget_type=\"text-editor.default\">\n\t\t\t\t<div class=\"elementor-widget-container\">\n\t\t\t\t\t\t\t\t\t<h2 class=\"wp-block-heading\" style=\"text-align: center;\"><span style=\"color: #000000;\"><u>Certificados e normas atendidas<\/u><\/span><\/h2><p><!-- \/wp:paragraph --><\/p>\t\t\t\t\t\t\t\t<\/div>\n\t\t\t\t<\/div>\n\t\t<div class=\"elementor-element elementor-element-901953e e-grid e-con-full e-con e-child\" data-id=\"901953e\" data-element_type=\"container\">\n\t\t\t\t<div class=\"elementor-element elementor-element-4cbf8b3 elementor-widget elementor-widget-image\" data-id=\"4cbf8b3\" data-element_type=\"widget\" data-widget_type=\"image.default\">\n\t\t\t\t<div class=\"elementor-widget-container\">\n\t\t\t\t\t\t\t\t\t\t\t\t\t\t\t<img decoding=\"async\" width=\"724\" height=\"1024\" src=\"data:image\/svg+xml,%3Csvg%20xmlns%3D&#39;http%3A%2F%2Fwww.w3.org%2F2000%2Fsvg&#39;%20width=&#39;724&#39;%20height=&#39;1024&#39;%20viewBox%3D&#39;0%200%20724%201024&#39;%2F%3E\" data-czlz data-src=\"https:\/\/realflex.com.br\/sitenovo\/wp-content\/uploads\/2026\/03\/iso-9001-2015.jpg\" class=\"attachment-large size-large wp-image-4065\" alt=\"\" data-srcset=\"https:\/\/realflex.com.br\/sitenovo\/wp-content\/uploads\/2026\/03\/iso-9001-2015.jpg 724w, https:\/\/realflex.com.br\/sitenovo\/wp-content\/uploads\/2026\/03\/iso-9001-2015-212x300.jpg 212w, https:\/\/realflex.com.br\/sitenovo\/wp-content\/uploads\/2026\/03\/iso-9001-2015-600x849.jpg 600w\" data-sizes=\"(max-width: 724px) 100vw, 724px\" \/>\t\t\t\t\t\t\t\t\t\t\t\t\t\t\t<\/div>\n\t\t\t\t<\/div>\n\t\t\t\t<div class=\"elementor-element elementor-element-3a9b2ed elementor-widget elementor-widget-image\" data-id=\"3a9b2ed\" data-element_type=\"widget\" data-widget_type=\"image.default\">\n\t\t\t\t<div class=\"elementor-widget-container\">\n\t\t\t\t\t\t\t\t\t\t\t\t\t\t\t<img decoding=\"async\" width=\"724\" height=\"1024\" src=\"data:image\/svg+xml,%3Csvg%20xmlns%3D&#39;http%3A%2F%2Fwww.w3.org%2F2000%2Fsvg&#39;%20width=&#39;724&#39;%20height=&#39;1024&#39;%20viewBox%3D&#39;0%200%20724%201024&#39;%2F%3E\" data-czlz data-src=\"https:\/\/realflex.com.br\/sitenovo\/wp-content\/uploads\/2026\/03\/iso-9001-2015-1.jpg\" class=\"attachment-large size-large wp-image-4066\" alt=\"\" data-srcset=\"https:\/\/realflex.com.br\/sitenovo\/wp-content\/uploads\/2026\/03\/iso-9001-2015-1.jpg 724w, https:\/\/realflex.com.br\/sitenovo\/wp-content\/uploads\/2026\/03\/iso-9001-2015-1-212x300.jpg 212w, https:\/\/realflex.com.br\/sitenovo\/wp-content\/uploads\/2026\/03\/iso-9001-2015-1-600x849.jpg 600w\" data-sizes=\"(max-width: 724px) 100vw, 724px\" \/>\t\t\t\t\t\t\t\t\t\t\t\t\t\t\t<\/div>\n\t\t\t\t<\/div>\n\t\t\t\t<div class=\"elementor-element elementor-element-7b6ef19 elementor-widget elementor-widget-image\" data-id=\"7b6ef19\" data-element_type=\"widget\" data-widget_type=\"image.default\">\n\t\t\t\t<div class=\"elementor-widget-container\">\n\t\t\t\t\t\t\t\t\t\t\t\t\t\t\t<img loading=\"lazy\" decoding=\"async\" width=\"724\" height=\"1024\" src=\"data:image\/svg+xml,%3Csvg%20xmlns%3D&#39;http%3A%2F%2Fwww.w3.org%2F2000%2Fsvg&#39;%20width=&#39;724&#39;%20height=&#39;1024&#39;%20viewBox%3D&#39;0%200%20724%201024&#39;%2F%3E\" data-czlz data-src=\"https:\/\/realflex.com.br\/sitenovo\/wp-content\/uploads\/2026\/03\/iso-9001-2015-2.jpg\" class=\"attachment-large size-large wp-image-4067\" alt=\"\" data-srcset=\"https:\/\/realflex.com.br\/sitenovo\/wp-content\/uploads\/2026\/03\/iso-9001-2015-2.jpg 724w, https:\/\/realflex.com.br\/sitenovo\/wp-content\/uploads\/2026\/03\/iso-9001-2015-2-212x300.jpg 212w, https:\/\/realflex.com.br\/sitenovo\/wp-content\/uploads\/2026\/03\/iso-9001-2015-2-600x849.jpg 600w\" data-sizes=\"(max-width: 724px) 100vw, 724px\" \/>\t\t\t\t\t\t\t\t\t\t\t\t\t\t\t<\/div>\n\t\t\t\t<\/div>\n\t\t\t\t<\/div>\n\t\t\t\t\t<\/div>\n\t\t\t\t<\/div>\n\t\t<div class=\"elementor-element elementor-element-fc06a31 e-grid e-con-boxed e-con e-parent\" data-id=\"fc06a31\" data-element_type=\"container\">\n\t\t\t\t\t<div class=\"e-con-inner\">\n\t\t\t\t<div class=\"elementor-element elementor-element-c9cb101 elementor-widget elementor-widget-text-editor\" data-id=\"c9cb101\" data-element_type=\"widget\" data-widget_type=\"text-editor.default\">\n\t\t\t\t<div class=\"elementor-widget-container\">\n\t\t\t\t\t\t\t\t\t<p>Dedicando-se \u00e0 qualidade total dos produtos fabricados e \u00e0 satisfa\u00e7\u00e3o de seus clientes, a empresa obteve a certifica\u00e7\u00e3o da ISO 9001 desde 2004. Conta com um completo laborat\u00f3rio para pesquisa e desenvolvimento de produtos, testes de mat\u00e9ria prima, controle e emiss\u00e3o de certificados de qualidade que acompanham todos os produtos industrializados pela empresa.<\/p><p>A <b>Realflex<\/b> possui certifica\u00e7\u00f5es e laudos para os mais diversos mercados industriais e em clientes espec\u00edficos que exigem qualidade assegurada, compromisso que a <b>Realflex<\/b> tem de manuten\u00e7\u00e3o de qualidade de produtos e servi\u00e7os.<\/p>\t\t\t\t\t\t\t\t<\/div>\n\t\t\t\t<\/div>\n\t\t\t\t\t<\/div>\n\t\t\t\t<\/div>\n\t\t\t\t<section class=\"elementor-section elementor-top-section elementor-element elementor-element-5ed01bfd elementor-section-stretched elementor-section-boxed elementor-section-height-default elementor-section-height-default\" data-id=\"5ed01bfd\" data-element_type=\"section\" data-settings=\"{&quot;stretch_section&quot;:&quot;section-stretched&quot;,&quot;background_background&quot;:&quot;classic&quot;}\">\n\t\t\t\t\t\t<div class=\"elementor-container elementor-column-gap-default\">\n\t\t\t\t\t<div class=\"elementor-column elementor-col-100 elementor-top-column elementor-element elementor-element-73a2de59\" data-id=\"73a2de59\" data-element_type=\"column\">\n\t\t\t<div class=\"elementor-widget-wrap elementor-element-populated\">\n\t\t\t\t\t\t<div class=\"elementor-element elementor-element-62ad5e3c elementor-widget elementor-widget-cz_gallery\" data-id=\"62ad5e3c\" data-element_type=\"widget\" data-widget_type=\"cz_gallery.default\">\n\t\t\t\t<div class=\"elementor-widget-container\">\n\t\t\t\t\t<div class=\"slick no_arrows no_dots overflow_visible\" data-slick='{\"selector\":\"\",\"slidesToShow\":5,\"slidesToScroll\":1,\"rows\":1,\"fade\":false,\"vertical\":false,\"verticalSwiping\":false,\"infinite\":true,\"speed\":1000,\"swipeToSlide\":true,\"centerMode\":false,\"centerPadding\":{\"unit\":\"px\",\"size\":10,\"sizes\":[]},\"variableWidth\":false,\"autoplay\":true,\"autoplaySpeed\":3000,\"dots\":true,\"counts\":false,\"adaptiveHeight\":false,\"responsive\":[{\"breakpoint\":769,\"settings\":{\"slidesToShow\":3,\"slidesToScroll\":1,\"infinite\":true,\"touchMove\":true}},{\"breakpoint\":481,\"settings\":{\"slidesToShow\":1,\"slidesToScroll\":1,\"infinite\":true,\"touchMove\":true}}]}' data-slick-prev=\"\" data-slick-next=\"\"><div class=\"cz_grid_p\"><div class=\"cz_grid cz_grid_1 clr cz_grid_carousel cz_grid_1_no_hover cz_grid_disable_links\"><div class=\"cz_grid_item cz_grid_first\"><\/div><div class=\"cz_grid_item \"><div><a class=\"cz_grid_link \" aria-lable=\"Image: cert8\" href=\"https:\/\/realflex.com.br\/sitenovo\/wp-content\/uploads\/2026\/01\/cert8.jpg\" data-xtra-lightbox><img loading=\"lazy\" decoding=\"async\" width=\"262\" height=\"133\" src=\"data:image\/svg+xml,%3Csvg%20xmlns%3D&#39;http%3A%2F%2Fwww.w3.org%2F2000%2Fsvg&#39;%20width=&#39;262&#39;%20height=&#39;133&#39;%20viewBox%3D&#39;0%200%20262%20133&#39;%2F%3E\" data-czlz data-src=\"https:\/\/realflex.com.br\/sitenovo\/wp-content\/uploads\/2026\/01\/cert8.jpg\" class=\"attachment-codevz_600_600 size-codevz_600_600 wp-image-4053\" alt=\"\" \/><div class=\"cz_grid_details\"><\/div><\/a><\/div><\/div><div class=\"cz_grid_item \"><div><a class=\"cz_grid_link \" aria-lable=\"Image: cert7\" href=\"https:\/\/realflex.com.br\/sitenovo\/wp-content\/uploads\/2026\/01\/cert7.jpg\" data-xtra-lightbox><img loading=\"lazy\" decoding=\"async\" width=\"262\" height=\"133\" src=\"data:image\/svg+xml,%3Csvg%20xmlns%3D&#39;http%3A%2F%2Fwww.w3.org%2F2000%2Fsvg&#39;%20width=&#39;262&#39;%20height=&#39;133&#39;%20viewBox%3D&#39;0%200%20262%20133&#39;%2F%3E\" data-czlz data-src=\"https:\/\/realflex.com.br\/sitenovo\/wp-content\/uploads\/2026\/01\/cert7.jpg\" class=\"attachment-codevz_600_600 size-codevz_600_600 wp-image-4054\" alt=\"\" \/><div class=\"cz_grid_details\"><\/div><\/a><\/div><\/div><div class=\"cz_grid_item \"><div><a class=\"cz_grid_link \" aria-lable=\"Image: cert6\" href=\"https:\/\/realflex.com.br\/sitenovo\/wp-content\/uploads\/2026\/01\/cert6.jpg\" data-xtra-lightbox><img loading=\"lazy\" decoding=\"async\" width=\"262\" height=\"133\" src=\"data:image\/svg+xml,%3Csvg%20xmlns%3D&#39;http%3A%2F%2Fwww.w3.org%2F2000%2Fsvg&#39;%20width=&#39;262&#39;%20height=&#39;133&#39;%20viewBox%3D&#39;0%200%20262%20133&#39;%2F%3E\" data-czlz data-src=\"https:\/\/realflex.com.br\/sitenovo\/wp-content\/uploads\/2026\/01\/cert6.jpg\" class=\"attachment-codevz_600_600 size-codevz_600_600 wp-image-4055\" alt=\"\" \/><div class=\"cz_grid_details\"><\/div><\/a><\/div><\/div><div class=\"cz_grid_item \"><div><a class=\"cz_grid_link \" aria-lable=\"Image: cert5\" href=\"https:\/\/realflex.com.br\/sitenovo\/wp-content\/uploads\/2026\/01\/cert5.jpg\" data-xtra-lightbox><img loading=\"lazy\" decoding=\"async\" width=\"262\" height=\"133\" src=\"data:image\/svg+xml,%3Csvg%20xmlns%3D&#39;http%3A%2F%2Fwww.w3.org%2F2000%2Fsvg&#39;%20width=&#39;262&#39;%20height=&#39;133&#39;%20viewBox%3D&#39;0%200%20262%20133&#39;%2F%3E\" data-czlz data-src=\"https:\/\/realflex.com.br\/sitenovo\/wp-content\/uploads\/2026\/01\/cert5.jpg\" class=\"attachment-codevz_600_600 size-codevz_600_600 wp-image-4056\" alt=\"\" \/><div class=\"cz_grid_details\"><\/div><\/a><\/div><\/div><div class=\"cz_grid_item \"><div><a class=\"cz_grid_link \" aria-lable=\"Image: cert4\" href=\"https:\/\/realflex.com.br\/sitenovo\/wp-content\/uploads\/2026\/01\/cert4.jpg\" data-xtra-lightbox><img loading=\"lazy\" decoding=\"async\" width=\"262\" height=\"133\" src=\"data:image\/svg+xml,%3Csvg%20xmlns%3D&#39;http%3A%2F%2Fwww.w3.org%2F2000%2Fsvg&#39;%20width=&#39;262&#39;%20height=&#39;133&#39;%20viewBox%3D&#39;0%200%20262%20133&#39;%2F%3E\" data-czlz data-src=\"https:\/\/realflex.com.br\/sitenovo\/wp-content\/uploads\/2026\/01\/cert4.jpg\" class=\"attachment-codevz_600_600 size-codevz_600_600 wp-image-4057\" alt=\"\" \/><div class=\"cz_grid_details\"><\/div><\/a><\/div><\/div><div class=\"cz_grid_item \"><div><a class=\"cz_grid_link \" aria-lable=\"Image: cert3\" href=\"https:\/\/realflex.com.br\/sitenovo\/wp-content\/uploads\/2026\/01\/cert3.jpg\" data-xtra-lightbox><img loading=\"lazy\" decoding=\"async\" width=\"262\" height=\"133\" src=\"data:image\/svg+xml,%3Csvg%20xmlns%3D&#39;http%3A%2F%2Fwww.w3.org%2F2000%2Fsvg&#39;%20width=&#39;262&#39;%20height=&#39;133&#39;%20viewBox%3D&#39;0%200%20262%20133&#39;%2F%3E\" data-czlz data-src=\"https:\/\/realflex.com.br\/sitenovo\/wp-content\/uploads\/2026\/01\/cert3.jpg\" class=\"attachment-codevz_600_600 size-codevz_600_600 wp-image-4058\" alt=\"\" \/><div class=\"cz_grid_details\"><\/div><\/a><\/div><\/div><div class=\"cz_grid_item \"><div><a class=\"cz_grid_link \" aria-lable=\"Image: cert2\" href=\"https:\/\/realflex.com.br\/sitenovo\/wp-content\/uploads\/2026\/01\/cert2.jpg\" data-xtra-lightbox><img loading=\"lazy\" decoding=\"async\" width=\"262\" height=\"133\" src=\"data:image\/svg+xml,%3Csvg%20xmlns%3D&#39;http%3A%2F%2Fwww.w3.org%2F2000%2Fsvg&#39;%20width=&#39;262&#39;%20height=&#39;133&#39;%20viewBox%3D&#39;0%200%20262%20133&#39;%2F%3E\" data-czlz data-src=\"https:\/\/realflex.com.br\/sitenovo\/wp-content\/uploads\/2026\/01\/cert2.jpg\" class=\"attachment-codevz_600_600 size-codevz_600_600 wp-image-4059\" alt=\"\" \/><div class=\"cz_grid_details\"><\/div><\/a><\/div><\/div><div class=\"cz_grid_item \"><div><a class=\"cz_grid_link \" aria-lable=\"Image: cert1\" href=\"https:\/\/realflex.com.br\/sitenovo\/wp-content\/uploads\/2026\/01\/cert1.jpg\" data-xtra-lightbox><img loading=\"lazy\" decoding=\"async\" width=\"262\" height=\"133\" src=\"data:image\/svg+xml,%3Csvg%20xmlns%3D&#39;http%3A%2F%2Fwww.w3.org%2F2000%2Fsvg&#39;%20width=&#39;262&#39;%20height=&#39;133&#39;%20viewBox%3D&#39;0%200%20262%20133&#39;%2F%3E\" data-czlz data-src=\"https:\/\/realflex.com.br\/sitenovo\/wp-content\/uploads\/2026\/01\/cert1.jpg\" class=\"attachment-codevz_600_600 size-codevz_600_600 wp-image-4060\" alt=\"\" \/><div class=\"cz_grid_details\"><\/div><\/a><\/div><\/div><\/div><\/div><\/div>\t\t\t\t<\/div>\n\t\t\t\t<\/div>\n\t\t\t\t\t<\/div>\n\t\t<\/div>\n\t\t\t\t\t<\/div>\n\t\t<\/section>\n\t\t\t\t<\/div>\n\t\t","protected":false},"excerpt":{"rendered":"<p>Tecnologia A Realflex possui equipamentos laboratoriais e corpo t\u00e9cnico capacitado para &#8230; <\/p>\n","protected":false},"author":1,"featured_media":0,"parent":0,"menu_order":0,"comment_status":"closed","ping_status":"closed","template":"","meta":{"pagelayer_contact_templates":[],"_pagelayer_content":"","footnotes":""},"class_list":["post-4099","page","type-page","status-publish","hentry"],"_links":{"self":[{"href":"https:\/\/realflex.com.br\/sitenovo\/wp-json\/wp\/v2\/pages\/4099","targetHints":{"allow":["GET"]}}],"collection":[{"href":"https:\/\/realflex.com.br\/sitenovo\/wp-json\/wp\/v2\/pages"}],"about":[{"href":"https:\/\/realflex.com.br\/sitenovo\/wp-json\/wp\/v2\/types\/page"}],"author":[{"embeddable":true,"href":"https:\/\/realflex.com.br\/sitenovo\/wp-json\/wp\/v2\/users\/1"}],"replies":[{"embeddable":true,"href":"https:\/\/realflex.com.br\/sitenovo\/wp-json\/wp\/v2\/comments?post=4099"}],"version-history":[{"count":7,"href":"https:\/\/realflex.com.br\/sitenovo\/wp-json\/wp\/v2\/pages\/4099\/revisions"}],"predecessor-version":[{"id":4106,"href":"https:\/\/realflex.com.br\/sitenovo\/wp-json\/wp\/v2\/pages\/4099\/revisions\/4106"}],"wp:attachment":[{"href":"https:\/\/realflex.com.br\/sitenovo\/wp-json\/wp\/v2\/media?parent=4099"}],"curies":[{"name":"wp","href":"https:\/\/api.w.org\/{rel}","templated":true}]}}