{"id":3429,"date":"2025-05-12T20:00:04","date_gmt":"2025-05-12T20:00:04","guid":{"rendered":"https:\/\/realflex.com.br\/sitenovo\/?post_type=product&#038;p=3429"},"modified":"2026-01-04T13:07:40","modified_gmt":"2026-01-04T13:07:40","slug":"glflex","status":"publish","type":"product","link":"https:\/\/realflex.com.br\/sitenovo\/produto\/glflex\/","title":{"rendered":"Glflex"},"content":{"rendered":"<p>Indicada para transfer\u00eancia de GLP pressurizado.<\/p>\n<ul>\n<li>Tubo Interno: tubo de borracha sint\u00e9tica preta resistente a GLP<\/li>\n<li>Refor\u00e7o: fios t\u00eaxteis de alta resist\u00eancia com fio anti-est\u00e1tico de cobre intercalado.<\/li>\n<li>Cobertura: micro perfurada lisa (enfaixada) de borracha preta resistente a abras\u00e3o, intemp\u00e9ries e oz\u00f4nio.<\/li>\n<\/ul>\n<p><img decoding=\"async\" class=\"alignnone size-full wp-image-4031\" src=\"data:image\/svg+xml,%3Csvg%20xmlns%3D&#39;http%3A%2F%2Fwww.w3.org%2F2000%2Fsvg&#39;%20width=&#39;290&#39;%20height=&#39;156&#39;%20viewBox%3D&#39;0%200%20290%20156&#39;%2F%3E\" data-czlz data-src=\"https:\/\/realflex.com.br\/sitenovo\/wp-content\/uploads\/2025\/04\/terminais-escarfagem.jpg\" alt=\"\" width=\"290\" height=\"156\" \/><\/p>\n<p><a class=\"botaoDownload\" href=\"https:\/\/realflex.com.br\/sitenovo\/wp-content\/uploads\/2025\/12\/GLFLEX.pdf\" target=\"_blank\" rel=\"noopener\"><span style=\"vertical-align: inherit;\">&gt;&gt; Ficha T\u00e9cnica<\/span><\/a><\/p>\n","protected":false},"excerpt":{"rendered":"<p>Indicada para transfer\u00eancia de GLP pressurizado.<\/p>\n<ul>\n<li>Tubo Interno: tubo de borracha &#8230;<br \/>\n","protected":false},"featured_media":3562,"comment_status":"open","ping_status":"closed","template":"","meta":{"pagelayer_contact_templates":[],"_pagelayer_content":""},"product_brand":[96],"product_cat":[88],"product_tag":[104,97],"class_list":{"0":"post-3429","1":"product","2":"type-product","3":"status-publish","4":"has-post-thumbnail","6":"product_brand-realflex","7":"product_cat-mangueiras-industriais","8":"product_tag-gases","9":"product_tag-mangueiras-borracha","11":"first","12":"instock","13":"sold-individually","14":"shipping-taxable","15":"product-type-simple"},"_links":{"self":[{"href":"https:\/\/realflex.com.br\/sitenovo\/wp-json\/wp\/v2\/product\/3429","targetHints":{"allow":["GET"]}}],"collection":[{"href":"https:\/\/realflex.com.br\/sitenovo\/wp-json\/wp\/v2\/product"}],"about":[{"href":"https:\/\/realflex.com.br\/sitenovo\/wp-json\/wp\/v2\/types\/product"}],"replies":[{"embeddable":true,"href":"https:\/\/realflex.com.br\/sitenovo\/wp-json\/wp\/v2\/comments?post=3429"}],"wp:featuredmedia":[{"embeddable":true,"href":"https:\/\/realflex.com.br\/sitenovo\/wp-json\/wp\/v2\/media\/3562"}],"wp:attachment":[{"href":"https:\/\/realflex.com.br\/sitenovo\/wp-json\/wp\/v2\/media?parent=3429"}],"wp:term":[{"taxonomy":"product_brand","embeddable":true,"href":"https:\/\/realflex.com.br\/sitenovo\/wp-json\/wp\/v2\/product_brand?post=3429"},{"taxonomy":"product_cat","embeddable":true,"href":"https:\/\/realflex.com.br\/sitenovo\/wp-json\/wp\/v2\/product_cat?post=3429"},{"taxonomy":"product_tag","embeddable":true,"href":"https:\/\/realflex.com.br\/sitenovo\/wp-json\/wp\/v2\/product_tag?post=3429"}],"curies":[{"name":"wp","href":"https:\/\/api.w.org\/{rel}","templated":true}]}}