{"id":3441,"date":"2025-07-21T20:58:11","date_gmt":"2025-07-21T20:58:11","guid":{"rendered":"https:\/\/realflex.com.br\/sitenovo\/?post_type=product&#038;p=3441"},"modified":"2026-01-04T12:55:51","modified_gmt":"2026-01-04T12:55:51","slug":"isolaflex","status":"publish","type":"product","link":"https:\/\/realflex.com.br\/sitenovo\/produto\/isolaflex\/","title":{"rendered":"Isolaflex"},"content":{"rendered":"<p>Mangueira usada para refrigera\u00e7\u00e3o de cabos de fornos el\u00e9tricos em fundi\u00e7\u00f5es, na ind\u00fastria de vidro e em servi\u00e7os onde \u00e9 necess\u00e1ria uma total isola\u00e7\u00e3o el\u00e9trica na mangueira. Recomendada utiliza\u00e7\u00e3o em temperatura externa m\u00e1xima ambiente. Sistema de constru\u00e7\u00e3o mais tecnol\u00f3gico, garantindo total efici\u00eancia em uma mangueira mais leve, male\u00e1vel e de f\u00e1cil manuseio.<\/p>\n<ul>\n<li>Tubo Interno: tubo de borracha sint\u00e9tica preta n\u00e3o condutiva (resist\u00eancia el\u00e9trica acima de 1000 MOhms<br \/>\nensaiada de acordo com ABNT NBR14967).<\/li>\n<li>Refor\u00e7o: fios t\u00eaxteis de alta resist\u00eancia.<\/li>\n<li>Cobertura: lisa (enfaixada), de borracha sint\u00e9tica laranja n\u00e3o condutiva.<\/li>\n<\/ul>\n<p><img decoding=\"async\" class=\"alignnone size-full wp-image-4026\" src=\"data:image\/svg+xml,%3Csvg%20xmlns%3D&#39;http%3A%2F%2Fwww.w3.org%2F2000%2Fsvg&#39;%20width=&#39;290&#39;%20height=&#39;156&#39;%20viewBox%3D&#39;0%200%20290%20156&#39;%2F%3E\" data-czlz data-src=\"https:\/\/realflex.com.br\/sitenovo\/wp-content\/uploads\/2025\/07\/terminais-bocadeforno.jpg\" alt=\"\" width=\"290\" height=\"156\" \/><\/p>\n<p><a class=\"botaoDownload\" href=\"https:\/\/realflex.com.br\/sitenovo\/wp-content\/uploads\/2025\/03\/arquivo-teste.pdf\" target=\"_blank\" rel=\"noopener\"><span style=\"vertical-align: inherit;\">&gt;&gt; Ficha T\u00e9cnica<\/span><\/a><\/p>\n","protected":false},"excerpt":{"rendered":"<p>Mangueira usada para refrigera\u00e7\u00e3o de cabos de fornos el\u00e9tricos em fundi\u00e7\u00f5es, &#8230; <\/p>\n","protected":false},"featured_media":3600,"comment_status":"open","ping_status":"closed","template":"","meta":{"pagelayer_contact_templates":[],"_pagelayer_content":""},"product_brand":[96],"product_cat":[88],"product_tag":[107],"class_list":{"0":"post-3441","1":"product","2":"type-product","3":"status-publish","4":"has-post-thumbnail","6":"product_brand-realflex","7":"product_cat-mangueiras-industriais","8":"product_tag-isolantes","10":"first","11":"instock","12":"sold-individually","13":"shipping-taxable","14":"product-type-simple"},"_links":{"self":[{"href":"https:\/\/realflex.com.br\/sitenovo\/wp-json\/wp\/v2\/product\/3441","targetHints":{"allow":["GET"]}}],"collection":[{"href":"https:\/\/realflex.com.br\/sitenovo\/wp-json\/wp\/v2\/product"}],"about":[{"href":"https:\/\/realflex.com.br\/sitenovo\/wp-json\/wp\/v2\/types\/product"}],"replies":[{"embeddable":true,"href":"https:\/\/realflex.com.br\/sitenovo\/wp-json\/wp\/v2\/comments?post=3441"}],"wp:featuredmedia":[{"embeddable":true,"href":"https:\/\/realflex.com.br\/sitenovo\/wp-json\/wp\/v2\/media\/3600"}],"wp:attachment":[{"href":"https:\/\/realflex.com.br\/sitenovo\/wp-json\/wp\/v2\/media?parent=3441"}],"wp:term":[{"taxonomy":"product_brand","embeddable":true,"href":"https:\/\/realflex.com.br\/sitenovo\/wp-json\/wp\/v2\/product_brand?post=3441"},{"taxonomy":"product_cat","embeddable":true,"href":"https:\/\/realflex.com.br\/sitenovo\/wp-json\/wp\/v2\/product_cat?post=3441"},{"taxonomy":"product_tag","embeddable":true,"href":"https:\/\/realflex.com.br\/sitenovo\/wp-json\/wp\/v2\/product_tag?post=3441"}],"curies":[{"name":"wp","href":"https:\/\/api.w.org\/{rel}","templated":true}]}}