{"id":3444,"date":"2025-07-21T21:06:16","date_gmt":"2025-07-21T21:06:16","guid":{"rendered":"https:\/\/realflex.com.br\/sitenovo\/?post_type=product&#038;p=3444"},"modified":"2026-01-04T12:52:24","modified_gmt":"2026-01-04T12:52:24","slug":"exaustflex-fvbach","status":"publish","type":"product","link":"https:\/\/realflex.com.br\/sitenovo\/produto\/exaustflex-fvbach\/","title":{"rendered":"Exaustflex FVBACH"},"content":{"rendered":"<p>Indicada para passagem de ar quente e exaust\u00e3o de gases, p\u00f3s e part\u00edculas abrasivas em suspens\u00e3o ou exaust\u00e3o de ar para refrigera\u00e7\u00e3o dos indutores eletromagn\u00e9ticos em servi\u00e7os em que se necessita uma mangueira leve e flex\u00edvel, aliada a uma resist\u00eancia ao calor por irradia\u00e7\u00e3o, chama direta e respingos de materiais incandescentes.<\/p>\n<ul>\n<li>Tubo Interno: tubo de borracha sint\u00e9tica preta.<\/li>\n<li>Refor\u00e7o: fios t\u00eaxteis de alta resist\u00eancia com refor\u00e7o de a\u00e7o em mola intercalado.<\/li>\n<li>Cobertura: corrugada externamente de tecido Fiberglass vulcanizado, e borracha sint\u00e9tica laranja anti-chama com resist\u00eancia a temperatura externa m\u00e1xima de 550\u00b0C.<\/li>\n<\/ul>\n<p><img decoding=\"async\" class=\"alignnone size-full wp-image-4026\" src=\"data:image\/svg+xml,%3Csvg%20xmlns%3D&#39;http%3A%2F%2Fwww.w3.org%2F2000%2Fsvg&#39;%20width=&#39;290&#39;%20height=&#39;156&#39;%20viewBox%3D&#39;0%200%20290%20156&#39;%2F%3E\" data-czlz data-src=\"https:\/\/realflex.com.br\/sitenovo\/wp-content\/uploads\/2025\/07\/terminais-bocadeforno.jpg\" alt=\"\" width=\"290\" height=\"156\" \/><\/p>\n<p><a class=\"botaoDownload\" href=\"https:\/\/realflex.com.br\/sitenovo\/wp-content\/uploads\/2025\/12\/EXAUSTFLEX-FVBACH.pdf\" target=\"_blank\" rel=\"noopener\"><span style=\"vertical-align: inherit;\">&gt;&gt; Ficha T\u00e9cnica<\/span><\/a><\/p>\n","protected":false},"excerpt":{"rendered":"<p>Indicada para passagem de ar quente e exaust\u00e3o de gases, p\u00f3s &#8230; <\/p>\n","protected":false},"featured_media":3565,"comment_status":"open","ping_status":"closed","template":"","meta":{"pagelayer_contact_templates":[],"_pagelayer_content":""},"product_brand":[96],"product_cat":[88],"product_tag":[107],"class_list":{"0":"post-3444","1":"product","2":"type-product","3":"status-publish","4":"has-post-thumbnail","6":"product_brand-realflex","7":"product_cat-mangueiras-industriais","8":"product_tag-isolantes","10":"first","11":"instock","12":"sold-individually","13":"shipping-taxable","14":"product-type-simple"},"_links":{"self":[{"href":"https:\/\/realflex.com.br\/sitenovo\/wp-json\/wp\/v2\/product\/3444","targetHints":{"allow":["GET"]}}],"collection":[{"href":"https:\/\/realflex.com.br\/sitenovo\/wp-json\/wp\/v2\/product"}],"about":[{"href":"https:\/\/realflex.com.br\/sitenovo\/wp-json\/wp\/v2\/types\/product"}],"replies":[{"embeddable":true,"href":"https:\/\/realflex.com.br\/sitenovo\/wp-json\/wp\/v2\/comments?post=3444"}],"wp:featuredmedia":[{"embeddable":true,"href":"https:\/\/realflex.com.br\/sitenovo\/wp-json\/wp\/v2\/media\/3565"}],"wp:attachment":[{"href":"https:\/\/realflex.com.br\/sitenovo\/wp-json\/wp\/v2\/media?parent=3444"}],"wp:term":[{"taxonomy":"product_brand","embeddable":true,"href":"https:\/\/realflex.com.br\/sitenovo\/wp-json\/wp\/v2\/product_brand?post=3444"},{"taxonomy":"product_cat","embeddable":true,"href":"https:\/\/realflex.com.br\/sitenovo\/wp-json\/wp\/v2\/product_cat?post=3444"},{"taxonomy":"product_tag","embeddable":true,"href":"https:\/\/realflex.com.br\/sitenovo\/wp-json\/wp\/v2\/product_tag?post=3444"}],"curies":[{"name":"wp","href":"https:\/\/api.w.org\/{rel}","templated":true}]}}