{"id":3457,"date":"2025-07-28T18:53:23","date_gmt":"2025-07-28T18:53:23","guid":{"rendered":"https:\/\/realflex.com.br\/sitenovo\/?post_type=product&#038;p=3457"},"modified":"2025-12-18T04:20:27","modified_gmt":"2025-12-18T04:20:27","slug":"wash-flex-sw","status":"publish","type":"product","link":"https:\/\/realflex.com.br\/sitenovo\/produto\/wash-flex-sw\/","title":{"rendered":"Wash-Flex SW"},"content":{"rendered":"<p>Especialmente desenvolvido para utiliza\u00e7\u00e3o em lavagens e limpezas com \u00e1gua quente, at\u00e9 93\u00b0C, em f\u00e1bricas de processamento de alimentos, setores de latic\u00ednios, embalagens, engarrafadoras, cervejarias, entre outros segmentos do mercado aliment\u00edcio.<\/p>\n<p>Refor\u00e7o: fios t\u00eaxteis de alta resist\u00eancia.<br \/>\nTubo Interno: Tubo de borracha sint\u00e9tica resistente \u00e0 \u00e1gua quente.<br \/>\nCobertura: borracha lisa (enfaixada), branca, resistente \u00e0 abras\u00e3o e ao ataque de fungos e bact\u00e9rias.<\/p>\n<p><img decoding=\"async\" class=\"alignnone size-full wp-image-3994\" src=\"data:image\/svg+xml,%3Csvg%20xmlns%3D&#39;http%3A%2F%2Fwww.w3.org%2F2000%2Fsvg&#39;%20width=&#39;290&#39;%20height=&#39;110&#39;%20viewBox%3D&#39;0%200%20290%20110&#39;%2F%3E\" data-czlz data-src=\"https:\/\/realflex.com.br\/sitenovo\/wp-content\/uploads\/2025\/07\/terminais-wash.jpg\" alt=\"\" width=\"290\" height=\"110\" \/><\/p>\n<p><a class=\"botaoDownload\" href=\"https:\/\/realflex.com.br\/sitenovo\/wp-content\/uploads\/2025\/12\/WASH-FLEX-SW.pdf\" target=\"_blank\" rel=\"noopener\"><span style=\"vertical-align: inherit;\">&gt;&gt; Ficha T\u00e9cnica<\/span><\/a><\/p>\n","protected":false},"excerpt":{"rendered":"<p>Especialmente desenvolvido para utiliza\u00e7\u00e3o em lavagens e limpezas com \u00e1gua quente, &#8230; <\/p>\n","protected":false},"featured_media":3937,"comment_status":"open","ping_status":"closed","template":"","meta":{"pagelayer_contact_templates":[],"_pagelayer_content":""},"product_brand":[96],"product_cat":[88],"product_tag":[109],"class_list":{"0":"post-3457","1":"product","2":"type-product","3":"status-publish","4":"has-post-thumbnail","6":"product_brand-realflex","7":"product_cat-mangueiras-industriais","8":"product_tag-produtos-alimenticios","10":"first","11":"instock","12":"sold-individually","13":"shipping-taxable","14":"product-type-simple"},"_links":{"self":[{"href":"https:\/\/realflex.com.br\/sitenovo\/wp-json\/wp\/v2\/product\/3457","targetHints":{"allow":["GET"]}}],"collection":[{"href":"https:\/\/realflex.com.br\/sitenovo\/wp-json\/wp\/v2\/product"}],"about":[{"href":"https:\/\/realflex.com.br\/sitenovo\/wp-json\/wp\/v2\/types\/product"}],"replies":[{"embeddable":true,"href":"https:\/\/realflex.com.br\/sitenovo\/wp-json\/wp\/v2\/comments?post=3457"}],"wp:featuredmedia":[{"embeddable":true,"href":"https:\/\/realflex.com.br\/sitenovo\/wp-json\/wp\/v2\/media\/3937"}],"wp:attachment":[{"href":"https:\/\/realflex.com.br\/sitenovo\/wp-json\/wp\/v2\/media?parent=3457"}],"wp:term":[{"taxonomy":"product_brand","embeddable":true,"href":"https:\/\/realflex.com.br\/sitenovo\/wp-json\/wp\/v2\/product_brand?post=3457"},{"taxonomy":"product_cat","embeddable":true,"href":"https:\/\/realflex.com.br\/sitenovo\/wp-json\/wp\/v2\/product_cat?post=3457"},{"taxonomy":"product_tag","embeddable":true,"href":"https:\/\/realflex.com.br\/sitenovo\/wp-json\/wp\/v2\/product_tag?post=3457"}],"curies":[{"name":"wp","href":"https:\/\/api.w.org\/{rel}","templated":true}]}}