{"id":3459,"date":"2025-07-28T18:57:57","date_gmt":"2025-07-28T18:57:57","guid":{"rendered":"https:\/\/realflex.com.br\/sitenovo\/?post_type=product&#038;p=3459"},"modified":"2025-12-17T22:34:01","modified_gmt":"2025-12-17T22:34:01","slug":"atoxiflex-hd","status":"publish","type":"product","link":"https:\/\/realflex.com.br\/sitenovo\/produto\/atoxiflex-hd\/","title":{"rendered":"Atoxiflex HD"},"content":{"rendered":"<p>Mangueira para descarga de \u00e1gua pot\u00e1vel, produtos aliment\u00edcios, farmac\u00eauticos, bebidas em geral ou em<br \/>\naplica\u00e7\u00f5es pesadas onde se requer uma mangueira sanit\u00e1ria aprovada pelo FDA. Possui \u00f3tima performance.<br \/>\nTerminais full-face dispon\u00edveis at\u00e9 somente press\u00e3o de 150PSI, acima somente niples integrais.<br \/>\nTerminais prensados ou vulcanizados somente em inox 316-L. Pode ser esterilizada com vapor a 130\u00baC<br \/>\ndurante 30 minutos ou com solu\u00e7\u00e3o de soda a 5%.<\/p>\n<ul>\n<li>Refor\u00e7o: fios t\u00eaxteis de alta resist\u00eancia.<\/li>\n<li>Tubo Interno: tubo de borracha branca at\u00f3xica (FDA) e isento de ftalatos.<\/li>\n<li>Cobertura: lisa (enfaixada), de borracha branca resistente a abras\u00e3o e ao ataque de fungos e bact\u00e9rias.<\/li>\n<\/ul>\n<p><img decoding=\"async\" class=\"alignnone size-full wp-image-3981\" src=\"data:image\/svg+xml,%3Csvg%20xmlns%3D&#39;http%3A%2F%2Fwww.w3.org%2F2000%2Fsvg&#39;%20width=&#39;290&#39;%20height=&#39;156&#39;%20viewBox%3D&#39;0%200%20290%20156&#39;%2F%3E\" data-czlz data-src=\"https:\/\/realflex.com.br\/sitenovo\/wp-content\/uploads\/2025\/07\/terminais-atoxiflex-HD.jpg\" alt=\"\" width=\"290\" height=\"156\" \/><\/p>\n<p><a class=\"botaoDownload\" href=\"https:\/\/realflex.com.br\/sitenovo\/wp-content\/uploads\/2025\/12\/ATOXIFLEX-HD.pdf\" target=\"_blank\" rel=\"noopener\"><span style=\"vertical-align: inherit;\">&gt;&gt; Ficha T\u00e9cnica<\/span><\/a><\/p>\n","protected":false},"excerpt":{"rendered":"<p>Mangueira para descarga de \u00e1gua pot\u00e1vel, produtos aliment\u00edcios, farmac\u00eauticos, bebidas em &#8230; <\/p>\n","protected":false},"featured_media":3553,"comment_status":"open","ping_status":"closed","template":"","meta":{"pagelayer_contact_templates":[],"_pagelayer_content":""},"product_brand":[96],"product_cat":[88],"product_tag":[109],"class_list":{"0":"post-3459","1":"product","2":"type-product","3":"status-publish","4":"has-post-thumbnail","6":"product_brand-realflex","7":"product_cat-mangueiras-industriais","8":"product_tag-produtos-alimenticios","10":"first","11":"instock","12":"sold-individually","13":"shipping-taxable","14":"product-type-simple"},"_links":{"self":[{"href":"https:\/\/realflex.com.br\/sitenovo\/wp-json\/wp\/v2\/product\/3459","targetHints":{"allow":["GET"]}}],"collection":[{"href":"https:\/\/realflex.com.br\/sitenovo\/wp-json\/wp\/v2\/product"}],"about":[{"href":"https:\/\/realflex.com.br\/sitenovo\/wp-json\/wp\/v2\/types\/product"}],"replies":[{"embeddable":true,"href":"https:\/\/realflex.com.br\/sitenovo\/wp-json\/wp\/v2\/comments?post=3459"}],"wp:featuredmedia":[{"embeddable":true,"href":"https:\/\/realflex.com.br\/sitenovo\/wp-json\/wp\/v2\/media\/3553"}],"wp:attachment":[{"href":"https:\/\/realflex.com.br\/sitenovo\/wp-json\/wp\/v2\/media?parent=3459"}],"wp:term":[{"taxonomy":"product_brand","embeddable":true,"href":"https:\/\/realflex.com.br\/sitenovo\/wp-json\/wp\/v2\/product_brand?post=3459"},{"taxonomy":"product_cat","embeddable":true,"href":"https:\/\/realflex.com.br\/sitenovo\/wp-json\/wp\/v2\/product_cat?post=3459"},{"taxonomy":"product_tag","embeddable":true,"href":"https:\/\/realflex.com.br\/sitenovo\/wp-json\/wp\/v2\/product_tag?post=3459"}],"curies":[{"name":"wp","href":"https:\/\/api.w.org\/{rel}","templated":true}]}}