{"id":3463,"date":"2025-07-28T19:08:03","date_gmt":"2025-07-28T19:08:03","guid":{"rendered":"https:\/\/realflex.com.br\/sitenovo\/?post_type=product&#038;p=3463"},"modified":"2025-12-18T04:10:14","modified_gmt":"2025-12-18T04:10:14","slug":"brewflex-sd","status":"publish","type":"product","link":"https:\/\/realflex.com.br\/sitenovo\/produto\/brewflex-sd\/","title":{"rendered":"Brewflex SD"},"content":{"rendered":"<p>Suc\u00e7\u00e3o e descarga de cervejas, vinhos, refrigerantes, sucos de fSuc\u00e7\u00e3o e Descarga de cervejas, vinhos, refrigerantes, sucos de frutas e bebidas em geral nas ind\u00fastrias.<br \/>\nUtilizada na transfer\u00eancia de tanques, carregamento e descarregamento de caminh\u00f5es, navios, trens e etc.<br \/>\nPode ser esterilizada com vapor a 1300C durante 30 minutos ou com solu\u00e7\u00e3o de soda a 5%.<br \/>\nTerminais somente prensados ou vulcanizados em material inox 316-L.rutas e bebidas em geral nas ind\u00fastrias.<\/p>\n<ul>\n<li>Refor\u00e7o: fios t\u00eaxteis de alta resist\u00eancia, com espiral de a\u00e7o mola intercalada. Op\u00e7\u00e3o a\u00e7o mola em inox .<\/li>\n<li>Tubo Interno: tubo de borracha branca at\u00f3xica (FDA) e isento de ftalatos.<\/li>\n<li>Cobertura: lisa (enfaixada), de borracha vermelha resistente a abras\u00e3o e ao ataque de fungos e bact\u00e9rias<\/li>\n<\/ul>\n<p><img decoding=\"async\" class=\"alignnone size-full wp-image-3990\" src=\"data:image\/svg+xml,%3Csvg%20xmlns%3D&#39;http%3A%2F%2Fwww.w3.org%2F2000%2Fsvg&#39;%20width=&#39;290&#39;%20height=&#39;156&#39;%20viewBox%3D&#39;0%200%20290%20156&#39;%2F%3E\" data-czlz data-src=\"https:\/\/realflex.com.br\/sitenovo\/wp-content\/uploads\/2025\/07\/terminais-brewflex-SD.jpg\" alt=\"\" width=\"290\" height=\"156\" \/><\/p>\n<p><a class=\"botaoDownload\" href=\"https:\/\/realflex.com.br\/sitenovo\/wp-content\/uploads\/2025\/12\/BREWFLEX-SD.pdf\" target=\"_blank\" rel=\"noopener\"><span style=\"vertical-align: inherit;\">&gt;&gt; Ficha T\u00e9cnica<\/span><\/a><\/p>\n","protected":false},"excerpt":{"rendered":"<p>Suc\u00e7\u00e3o e descarga de cervejas, vinhos, refrigerantes, sucos de fSuc\u00e7\u00e3o e &#8230; <\/p>\n","protected":false},"featured_media":3559,"comment_status":"open","ping_status":"closed","template":"","meta":{"pagelayer_contact_templates":[],"_pagelayer_content":""},"product_brand":[96],"product_cat":[88],"product_tag":[109],"class_list":{"0":"post-3463","1":"product","2":"type-product","3":"status-publish","4":"has-post-thumbnail","6":"product_brand-realflex","7":"product_cat-mangueiras-industriais","8":"product_tag-produtos-alimenticios","10":"first","11":"instock","12":"sold-individually","13":"shipping-taxable","14":"product-type-simple"},"_links":{"self":[{"href":"https:\/\/realflex.com.br\/sitenovo\/wp-json\/wp\/v2\/product\/3463","targetHints":{"allow":["GET"]}}],"collection":[{"href":"https:\/\/realflex.com.br\/sitenovo\/wp-json\/wp\/v2\/product"}],"about":[{"href":"https:\/\/realflex.com.br\/sitenovo\/wp-json\/wp\/v2\/types\/product"}],"replies":[{"embeddable":true,"href":"https:\/\/realflex.com.br\/sitenovo\/wp-json\/wp\/v2\/comments?post=3463"}],"wp:featuredmedia":[{"embeddable":true,"href":"https:\/\/realflex.com.br\/sitenovo\/wp-json\/wp\/v2\/media\/3559"}],"wp:attachment":[{"href":"https:\/\/realflex.com.br\/sitenovo\/wp-json\/wp\/v2\/media?parent=3463"}],"wp:term":[{"taxonomy":"product_brand","embeddable":true,"href":"https:\/\/realflex.com.br\/sitenovo\/wp-json\/wp\/v2\/product_brand?post=3463"},{"taxonomy":"product_cat","embeddable":true,"href":"https:\/\/realflex.com.br\/sitenovo\/wp-json\/wp\/v2\/product_cat?post=3463"},{"taxonomy":"product_tag","embeddable":true,"href":"https:\/\/realflex.com.br\/sitenovo\/wp-json\/wp\/v2\/product_tag?post=3463"}],"curies":[{"name":"wp","href":"https:\/\/api.w.org\/{rel}","templated":true}]}}