{"id":3469,"date":"2025-08-04T14:56:42","date_gmt":"2025-08-04T14:56:42","guid":{"rendered":"https:\/\/realflex.com.br\/sitenovo\/?post_type=product&#038;p=3469"},"modified":"2025-12-17T20:47:14","modified_gmt":"2025-12-17T20:47:14","slug":"caminhao-tanque","status":"publish","type":"product","link":"https:\/\/realflex.com.br\/sitenovo\/produto\/caminhao-tanque\/","title":{"rendered":"Caminh\u00e3o Tanque"},"content":{"rendered":"<p>Indicada para suc\u00e7\u00e3o leve e descarga de gasolina, biodiesel, \u00f3leos e \u00e1lcool, em reservat\u00f3rios, descargas de vag\u00f5es e caminh\u00f5es tanque.<br \/>\nProduto extremamente flex\u00edvel que supera os requisitos da norma ABNT NBR 15416\/15690 entre outras.<\/p>\n<p>Refor\u00e7o: fios t\u00eaxteis de alta resist\u00eancia, com arame espiral e fio anti-est\u00e1tico de cobre intercalados.<br \/>\nTubo Interior: tubo de borracha sint\u00e9tica preta resistente a derivados de petr\u00f3leo, biodiesel e \u00e1lcool.<br \/>\nCobertura: corrugada (tipo enrolada) de borracha azul resistente a abras\u00e3o, intemp\u00e9ries e derivados de petr\u00f3leo em geral.<\/p>\n<p><img decoding=\"async\" class=\"alignnone size-full wp-image-3960\" src=\"data:image\/svg+xml,%3Csvg%20xmlns%3D&#39;http%3A%2F%2Fwww.w3.org%2F2000%2Fsvg&#39;%20width=&#39;290&#39;%20height=&#39;110&#39;%20viewBox%3D&#39;0%200%20290%20110&#39;%2F%3E\" data-czlz data-src=\"https:\/\/realflex.com.br\/sitenovo\/wp-content\/uploads\/2025\/08\/terminais-cminhao-tanque.jpg\" alt=\"\" width=\"290\" height=\"110\" \/><\/p>\n<p><a class=\"botaoDownload\" href=\"https:\/\/realflex.com.br\/sitenovo\/wp-content\/uploads\/2025\/12\/CAMINHAO-TANQUE.pdf\" target=\"_blank\" rel=\"noopener\"><span style=\"vertical-align: inherit;\">&gt;&gt; Ficha T\u00e9cnica<\/span><\/a><\/p>\n","protected":false},"excerpt":{"rendered":"<p>Indicada para suc\u00e7\u00e3o leve e descarga de gasolina, biodiesel, \u00f3leos e &#8230; <\/p>\n","protected":false},"featured_media":3561,"comment_status":"open","ping_status":"closed","template":"","meta":{"pagelayer_contact_templates":[],"_pagelayer_content":""},"product_brand":[96],"product_cat":[88],"product_tag":[110],"class_list":{"0":"post-3469","1":"product","2":"type-product","3":"status-publish","4":"has-post-thumbnail","6":"product_brand-realflex","7":"product_cat-mangueiras-industriais","8":"product_tag-oleo-e-derivados-de-petroleo","10":"first","11":"instock","12":"sold-individually","13":"shipping-taxable","14":"product-type-simple"},"_links":{"self":[{"href":"https:\/\/realflex.com.br\/sitenovo\/wp-json\/wp\/v2\/product\/3469","targetHints":{"allow":["GET"]}}],"collection":[{"href":"https:\/\/realflex.com.br\/sitenovo\/wp-json\/wp\/v2\/product"}],"about":[{"href":"https:\/\/realflex.com.br\/sitenovo\/wp-json\/wp\/v2\/types\/product"}],"replies":[{"embeddable":true,"href":"https:\/\/realflex.com.br\/sitenovo\/wp-json\/wp\/v2\/comments?post=3469"}],"wp:featuredmedia":[{"embeddable":true,"href":"https:\/\/realflex.com.br\/sitenovo\/wp-json\/wp\/v2\/media\/3561"}],"wp:attachment":[{"href":"https:\/\/realflex.com.br\/sitenovo\/wp-json\/wp\/v2\/media?parent=3469"}],"wp:term":[{"taxonomy":"product_brand","embeddable":true,"href":"https:\/\/realflex.com.br\/sitenovo\/wp-json\/wp\/v2\/product_brand?post=3469"},{"taxonomy":"product_cat","embeddable":true,"href":"https:\/\/realflex.com.br\/sitenovo\/wp-json\/wp\/v2\/product_cat?post=3469"},{"taxonomy":"product_tag","embeddable":true,"href":"https:\/\/realflex.com.br\/sitenovo\/wp-json\/wp\/v2\/product_tag?post=3469"}],"curies":[{"name":"wp","href":"https:\/\/api.w.org\/{rel}","templated":true}]}}