{"id":3476,"date":"2025-08-04T15:14:58","date_gmt":"2025-08-04T15:14:58","guid":{"rendered":"https:\/\/realflex.com.br\/sitenovo\/?post_type=product&#038;p=3476"},"modified":"2025-12-17T20:52:49","modified_gmt":"2025-12-17T20:52:49","slug":"oleo","status":"publish","type":"product","link":"https:\/\/realflex.com.br\/sitenovo\/produto\/oleo\/","title":{"rendered":"\u00d3leo"},"content":{"rendered":"<p>Indicada para servi\u00e7os de transfer\u00eancia e descarga de derivados de petr\u00f3leo contemplando uma diversa gama de combust\u00edveis tais como: gasolina, \u00e1lcool, biodiesel, \u00f3leo diesel entre outros. Produto leve e de f\u00e1cil manuseio. Consulte-nos para outras op\u00e7\u00f5es de terminais.<\/p>\n<ul>\n<li>Refor\u00e7o: fios t\u00eaxteis de alta resist\u00eancia, com fio anti-est\u00e1tico de cobre intercalado.<\/li>\n<li>Tubo Interior: tubo de borracha sint\u00e9tica preta resistente a derivados de petr\u00f3leo, biodiesel e \u00e1lcool.<\/li>\n<li>Cobertura: lisa (enfaixada), de borracha preta resistente a \u00f3leo, abras\u00e3o, oz\u00f4nio, intemp\u00e9ries e com faixa de grava\u00e7\u00e3o azul.<\/li>\n<\/ul>\n<p><a class=\"botaoDownload\" href=\"https:\/\/realflex.com.br\/sitenovo\/wp-content\/uploads\/2025\/12\/OLEO.pdf\" target=\"_blank\" rel=\"noopener\"><span style=\"vertical-align: inherit;\">&gt;&gt; Ficha T\u00e9cnica<\/span><\/a><\/p>\n","protected":false},"excerpt":{"rendered":"<p>Indicada para servi\u00e7os de transfer\u00eancia e descarga de derivados de petr\u00f3leo &#8230; <\/p>\n","protected":false},"featured_media":3594,"comment_status":"open","ping_status":"closed","template":"","meta":{"pagelayer_contact_templates":[],"_pagelayer_content":""},"product_brand":[96],"product_cat":[88],"product_tag":[110],"class_list":{"0":"post-3476","1":"product","2":"type-product","3":"status-publish","4":"has-post-thumbnail","6":"product_brand-realflex","7":"product_cat-mangueiras-industriais","8":"product_tag-oleo-e-derivados-de-petroleo","10":"first","11":"instock","12":"sold-individually","13":"shipping-taxable","14":"product-type-simple"},"_links":{"self":[{"href":"https:\/\/realflex.com.br\/sitenovo\/wp-json\/wp\/v2\/product\/3476","targetHints":{"allow":["GET"]}}],"collection":[{"href":"https:\/\/realflex.com.br\/sitenovo\/wp-json\/wp\/v2\/product"}],"about":[{"href":"https:\/\/realflex.com.br\/sitenovo\/wp-json\/wp\/v2\/types\/product"}],"replies":[{"embeddable":true,"href":"https:\/\/realflex.com.br\/sitenovo\/wp-json\/wp\/v2\/comments?post=3476"}],"wp:featuredmedia":[{"embeddable":true,"href":"https:\/\/realflex.com.br\/sitenovo\/wp-json\/wp\/v2\/media\/3594"}],"wp:attachment":[{"href":"https:\/\/realflex.com.br\/sitenovo\/wp-json\/wp\/v2\/media?parent=3476"}],"wp:term":[{"taxonomy":"product_brand","embeddable":true,"href":"https:\/\/realflex.com.br\/sitenovo\/wp-json\/wp\/v2\/product_brand?post=3476"},{"taxonomy":"product_cat","embeddable":true,"href":"https:\/\/realflex.com.br\/sitenovo\/wp-json\/wp\/v2\/product_cat?post=3476"},{"taxonomy":"product_tag","embeddable":true,"href":"https:\/\/realflex.com.br\/sitenovo\/wp-json\/wp\/v2\/product_tag?post=3476"}],"curies":[{"name":"wp","href":"https:\/\/api.w.org\/{rel}","templated":true}]}}