{"id":3480,"date":"2025-08-14T14:42:23","date_gmt":"2025-08-14T14:42:23","guid":{"rendered":"https:\/\/realflex.com.br\/sitenovo\/?post_type=product&#038;p=3480"},"modified":"2025-12-16T14:21:39","modified_gmt":"2025-12-16T14:21:39","slug":"aguabruta-floateflex","status":"publish","type":"product","link":"https:\/\/realflex.com.br\/sitenovo\/produto\/aguabruta-floateflex\/","title":{"rendered":"\u00c1guabruta Floatflex"},"content":{"rendered":"<p>Mangueira especial auto flutuante (dispensa o uso de flutuadores avulsos) para servi\u00e7os de bombeamento e suc\u00e7\u00e3o de \u00e1gua barrenta em minas, a\u00e7udes e em outros locais onde \u00e9 necess\u00e1rio o posicionamento das bombas sem ancoragem com a margem.<br \/>\nOutras informa\u00e7\u00f5es: Mangueira de carca\u00e7a simples para o uso como a principal mangueira flutuante da cadeia. Indicada somente para linha de recalque.<br \/>\nFlutuabilidade m\u00ednima: 20% do n\u00edvel da \u00e1gua ou conforme solicitado. Terminais full-face dispon\u00edveis at\u00e9 somente press\u00e3o de 150PSI, acima somente niples integrais<\/p>\n<p><img decoding=\"async\" class=\"alignnone size-full wp-image-3932\" src=\"data:image\/svg+xml,%3Csvg%20xmlns%3D&#39;http%3A%2F%2Fwww.w3.org%2F2000%2Fsvg&#39;%20width=&#39;290&#39;%20height=&#39;110&#39;%20viewBox%3D&#39;0%200%20290%20110&#39;%2F%3E\" data-czlz data-src=\"https:\/\/realflex.com.br\/sitenovo\/wp-content\/uploads\/2025\/08\/terminais-agua-bruta-floatflex.jpg\" alt=\"\" width=\"290\" height=\"110\" \/><\/p>\n<p><a class=\"botaoDownload\" href=\"https:\/\/realflex.com.br\/sitenovo\/wp-content\/uploads\/2025\/03\/arquivo-teste.pdf\" target=\"_blank\" rel=\"noopener\"><span style=\"vertical-align: inherit;\">&gt;&gt; Ficha T\u00e9cnica<\/span><\/a><\/p>\n","protected":false},"excerpt":{"rendered":"<p>Mangueira especial auto flutuante (dispensa o uso de flutuadores avulsos) para &#8230; <\/p>\n","protected":false},"featured_media":3933,"comment_status":"open","ping_status":"closed","template":"","meta":{"pagelayer_contact_templates":[],"_pagelayer_content":""},"product_brand":[96],"product_cat":[93,88],"product_tag":[111],"class_list":{"0":"post-3480","1":"product","2":"type-product","3":"status-publish","4":"has-post-thumbnail","6":"product_brand-realflex","7":"product_cat-linha-normal-oleo-e-derivados-de-petroleo","8":"product_cat-mangueiras-industriais","9":"product_tag-agua-e-ar","11":"first","12":"instock","13":"sold-individually","14":"shipping-taxable","15":"product-type-simple"},"_links":{"self":[{"href":"https:\/\/realflex.com.br\/sitenovo\/wp-json\/wp\/v2\/product\/3480","targetHints":{"allow":["GET"]}}],"collection":[{"href":"https:\/\/realflex.com.br\/sitenovo\/wp-json\/wp\/v2\/product"}],"about":[{"href":"https:\/\/realflex.com.br\/sitenovo\/wp-json\/wp\/v2\/types\/product"}],"replies":[{"embeddable":true,"href":"https:\/\/realflex.com.br\/sitenovo\/wp-json\/wp\/v2\/comments?post=3480"}],"wp:featuredmedia":[{"embeddable":true,"href":"https:\/\/realflex.com.br\/sitenovo\/wp-json\/wp\/v2\/media\/3933"}],"wp:attachment":[{"href":"https:\/\/realflex.com.br\/sitenovo\/wp-json\/wp\/v2\/media?parent=3480"}],"wp:term":[{"taxonomy":"product_brand","embeddable":true,"href":"https:\/\/realflex.com.br\/sitenovo\/wp-json\/wp\/v2\/product_brand?post=3480"},{"taxonomy":"product_cat","embeddable":true,"href":"https:\/\/realflex.com.br\/sitenovo\/wp-json\/wp\/v2\/product_cat?post=3480"},{"taxonomy":"product_tag","embeddable":true,"href":"https:\/\/realflex.com.br\/sitenovo\/wp-json\/wp\/v2\/product_tag?post=3480"}],"curies":[{"name":"wp","href":"https:\/\/api.w.org\/{rel}","templated":true}]}}