{"id":3481,"date":"2025-08-14T14:45:15","date_gmt":"2025-08-14T14:45:15","guid":{"rendered":"https:\/\/realflex.com.br\/sitenovo\/?post_type=product&#038;p=3481"},"modified":"2025-12-16T20:35:03","modified_gmt":"2025-12-16T20:35:03","slug":"hidroflex-lava-auto","status":"publish","type":"product","link":"https:\/\/realflex.com.br\/sitenovo\/produto\/hidroflex-lava-auto\/","title":{"rendered":"Hidroflex (Lava-Auto)"},"content":{"rendered":"<p>Mangueira indicada para a lavagem de ve\u00edculos, postos de servi\u00e7os automotivos e garagens em qualquer tipo de bomba independentemente do n\u00famero de pist\u00f5es. Alta resist\u00eancia \u00e0 abras\u00e3o e ao ataque de \u00f3leo, graxas,<br \/>\ndetergentes e outros produtos qu\u00edmicos encontrados nestes locais e a uma grande gama de defensivos agr\u00edcolas<br \/>\nutilizados no mercado. Fator de Seguran\u00e7a: 1:4 e suporta picos de at\u00e9 120 \u00b0C.<\/p>\n<p>Refor\u00e7o: Fios t\u00eaxteis de alta resist\u00eancia (2 tran\u00e7as).<br \/>\nTubo Interno: Tubo de borracha sint\u00e9tica na cor preta.<br \/>\nCobertura: lisa de borracha azul micro perfurada resistente\u00a0a abras\u00e3o, intemp\u00e9ries e oz\u00f4nio.<\/p>\n<ul>\n<li>Refor\u00e7o: Fios t\u00eaxteis de alta resist\u00eancia (2 tran\u00e7as).<\/li>\n<li>Tubo Interno: Tubo de borracha sint\u00e9tica na cor preta.<\/li>\n<li>Cobertura: lisa de borracha azul micro perfurada resistente a abras\u00e3o, intemp\u00e9ries e oz\u00f4nio.<\/li>\n<\/ul>\n<p><img decoding=\"async\" class=\"alignnone size-full wp-image-3948\" src=\"data:image\/svg+xml,%3Csvg%20xmlns%3D&#39;http%3A%2F%2Fwww.w3.org%2F2000%2Fsvg&#39;%20width=&#39;290&#39;%20height=&#39;110&#39;%20viewBox%3D&#39;0%200%20290%20110&#39;%2F%3E\" data-czlz data-src=\"https:\/\/realflex.com.br\/sitenovo\/wp-content\/uploads\/2025\/08\/terminais-hidroflex.jpg\" alt=\"\" width=\"290\" height=\"110\" \/><\/p>\n<p><a class=\"botaoDownload\" href=\"https:\/\/realflex.com.br\/sitenovo\/wp-content\/uploads\/2025\/12\/HIDROFLEX-LAVA-AUTO.pdf\" target=\"_blank\" rel=\"noopener\"><span style=\"vertical-align: inherit;\">&gt;&gt; Ficha T\u00e9cnica<\/span><\/a><\/p>\n","protected":false},"excerpt":{"rendered":"<p>Mangueira indicada para a lavagem de ve\u00edculos, postos de servi\u00e7os automotivos &#8230; <\/p>\n","protected":false},"featured_media":3937,"comment_status":"open","ping_status":"closed","template":"","meta":{"pagelayer_contact_templates":[],"_pagelayer_content":""},"product_brand":[96],"product_cat":[88],"product_tag":[111],"class_list":{"0":"post-3481","1":"product","2":"type-product","3":"status-publish","4":"has-post-thumbnail","6":"product_brand-realflex","7":"product_cat-mangueiras-industriais","8":"product_tag-agua-e-ar","10":"first","11":"instock","12":"sold-individually","13":"shipping-taxable","14":"product-type-simple"},"_links":{"self":[{"href":"https:\/\/realflex.com.br\/sitenovo\/wp-json\/wp\/v2\/product\/3481","targetHints":{"allow":["GET"]}}],"collection":[{"href":"https:\/\/realflex.com.br\/sitenovo\/wp-json\/wp\/v2\/product"}],"about":[{"href":"https:\/\/realflex.com.br\/sitenovo\/wp-json\/wp\/v2\/types\/product"}],"replies":[{"embeddable":true,"href":"https:\/\/realflex.com.br\/sitenovo\/wp-json\/wp\/v2\/comments?post=3481"}],"wp:featuredmedia":[{"embeddable":true,"href":"https:\/\/realflex.com.br\/sitenovo\/wp-json\/wp\/v2\/media\/3937"}],"wp:attachment":[{"href":"https:\/\/realflex.com.br\/sitenovo\/wp-json\/wp\/v2\/media?parent=3481"}],"wp:term":[{"taxonomy":"product_brand","embeddable":true,"href":"https:\/\/realflex.com.br\/sitenovo\/wp-json\/wp\/v2\/product_brand?post=3481"},{"taxonomy":"product_cat","embeddable":true,"href":"https:\/\/realflex.com.br\/sitenovo\/wp-json\/wp\/v2\/product_cat?post=3481"},{"taxonomy":"product_tag","embeddable":true,"href":"https:\/\/realflex.com.br\/sitenovo\/wp-json\/wp\/v2\/product_tag?post=3481"}],"curies":[{"name":"wp","href":"https:\/\/api.w.org\/{rel}","templated":true}]}}