{"id":3492,"date":"2025-08-14T19:41:45","date_gmt":"2025-08-14T19:41:45","guid":{"rendered":"https:\/\/realflex.com.br\/sitenovo\/?post_type=product&#038;p=3492"},"modified":"2025-12-16T20:09:02","modified_gmt":"2025-12-16T20:09:02","slug":"cordflex-hd","status":"publish","type":"product","link":"https:\/\/realflex.com.br\/sitenovo\/produto\/cordflex-hd\/","title":{"rendered":"Cordflex HD"},"content":{"rendered":"<p>Mangueira para ar comprimido em aplica\u00e7\u00f5es severas como as industrias da minera\u00e7\u00e3o, petr\u00f3leo, sider\u00fargica e constru\u00e7\u00e3o civil. Apesar da robustez \u00e9 um produto leve e flex\u00edvel de f\u00e1cil manuseio.<br \/>\nSuporta picos de at\u00e9 120\u00ba C.<\/p>\n<p><img decoding=\"async\" class=\"alignnone size-full wp-image-3940\" src=\"data:image\/svg+xml,%3Csvg%20xmlns%3D&#39;http%3A%2F%2Fwww.w3.org%2F2000%2Fsvg&#39;%20width=&#39;290&#39;%20height=&#39;110&#39;%20viewBox%3D&#39;0%200%20290%20110&#39;%2F%3E\" data-czlz data-src=\"https:\/\/realflex.com.br\/sitenovo\/wp-content\/uploads\/2025\/08\/terminais-cordfle-hd.jpg\" alt=\"\" width=\"290\" height=\"110\" \/><\/p>\n<p><a class=\"botaoDownload\" href=\"https:\/\/realflex.com.br\/sitenovo\/wp-content\/uploads\/2025\/12\/CORDFLEX-HD.pdf\" target=\"_blank\" rel=\"noopener\"><span style=\"vertical-align: inherit;\">&gt;&gt; Ficha T\u00e9cnica<\/span><\/a><\/p>\n","protected":false},"excerpt":{"rendered":"<p>Mangueira para ar comprimido em aplica\u00e7\u00f5es severas como as industrias da &#8230; <\/p>\n","protected":false},"featured_media":3578,"comment_status":"open","ping_status":"closed","template":"","meta":{"pagelayer_contact_templates":[],"_pagelayer_content":""},"product_brand":[96],"product_cat":[88],"product_tag":[111],"class_list":{"0":"post-3492","1":"product","2":"type-product","3":"status-publish","4":"has-post-thumbnail","6":"product_brand-realflex","7":"product_cat-mangueiras-industriais","8":"product_tag-agua-e-ar","10":"first","11":"instock","12":"sold-individually","13":"shipping-taxable","14":"product-type-simple"},"_links":{"self":[{"href":"https:\/\/realflex.com.br\/sitenovo\/wp-json\/wp\/v2\/product\/3492","targetHints":{"allow":["GET"]}}],"collection":[{"href":"https:\/\/realflex.com.br\/sitenovo\/wp-json\/wp\/v2\/product"}],"about":[{"href":"https:\/\/realflex.com.br\/sitenovo\/wp-json\/wp\/v2\/types\/product"}],"replies":[{"embeddable":true,"href":"https:\/\/realflex.com.br\/sitenovo\/wp-json\/wp\/v2\/comments?post=3492"}],"wp:featuredmedia":[{"embeddable":true,"href":"https:\/\/realflex.com.br\/sitenovo\/wp-json\/wp\/v2\/media\/3578"}],"wp:attachment":[{"href":"https:\/\/realflex.com.br\/sitenovo\/wp-json\/wp\/v2\/media?parent=3492"}],"wp:term":[{"taxonomy":"product_brand","embeddable":true,"href":"https:\/\/realflex.com.br\/sitenovo\/wp-json\/wp\/v2\/product_brand?post=3492"},{"taxonomy":"product_cat","embeddable":true,"href":"https:\/\/realflex.com.br\/sitenovo\/wp-json\/wp\/v2\/product_cat?post=3492"},{"taxonomy":"product_tag","embeddable":true,"href":"https:\/\/realflex.com.br\/sitenovo\/wp-json\/wp\/v2\/product_tag?post=3492"}],"curies":[{"name":"wp","href":"https:\/\/api.w.org\/{rel}","templated":true}]}}