{"id":3501,"date":"2025-08-15T11:02:58","date_gmt":"2025-08-15T11:02:58","guid":{"rendered":"https:\/\/realflex.com.br\/sitenovo\/?post_type=product&#038;p=3501"},"modified":"2025-12-29T12:50:06","modified_gmt":"2025-12-29T12:50:06","slug":"abrasiflex-auto-flutuante","status":"publish","type":"product","link":"https:\/\/realflex.com.br\/sitenovo\/produto\/abrasiflex-auto-flutuante\/","title":{"rendered":"Abrasiflex Auto-Flutuante"},"content":{"rendered":"<p>Mangueira especial auto-futuante (dispensa o uso de flutuadores avulsos) para servi\u00e7os de bombeamento e suc\u00e7\u00e3o de \u00e1gua barrenta em minas, a\u00e7udes e em outros locais onde \u00e9 necess\u00e1rio o posicionamento<br \/>\ndas bombas sem ancoragem com a margem.<br \/>\nOutras informa\u00e7\u00f5es: Mangueira de carca\u00e7a simples para o uso como a principal mangueira flutuante da cadeia. Indicada somente para linha de recalque.<br \/>\nFlutuabilidade m\u00ednima: 20% do n\u00edvel da \u00e1gua ou conforme solicitado. Terminais full-face dispon\u00edveis at\u00e9 somente press\u00e3o de 150PSI, acima somente niples integrais.<\/p>\n<ul>\n<li>Tubo Interno: tubo de borracha sint\u00e9tica preta com alta resist\u00eancia a abras\u00e3o.<\/li>\n<li>Refor\u00e7o: fios t\u00eaxteis de alta resist\u00eancia, com espiral de a\u00e7o mola intercalada.<\/li>\n<li>Cobertura: lisa (enfaixada), de borracha preta com faixa de grava\u00e7\u00e3o laranja, resistente \u00e0 abras\u00e3o, intemp\u00e9ries e oz\u00f4nio.<\/li>\n<\/ul>\n<p><img decoding=\"async\" class=\"alignnone size-full wp-image-3997\" src=\"data:image\/svg+xml,%3Csvg%20xmlns%3D&#39;http%3A%2F%2Fwww.w3.org%2F2000%2Fsvg&#39;%20width=&#39;290&#39;%20height=&#39;156&#39;%20viewBox%3D&#39;0%200%20290%20156&#39;%2F%3E\" data-czlz data-src=\"https:\/\/realflex.com.br\/sitenovo\/wp-content\/uploads\/2025\/08\/terminais-abrasiflex-auto.jpg\" alt=\"\" width=\"290\" height=\"156\" \/><\/p>\n<p><a class=\"botaoDownload\" href=\"https:\/\/realflex.com.br\/sitenovo\/wp-content\/uploads\/2025\/12\/ABRASIFLEX-AUTO-FLUTUANTE.pdf\" target=\"_blank\" rel=\"noopener\"><span style=\"vertical-align: inherit;\">&gt;&gt; Ficha T\u00e9cnica<\/span><\/a><\/p>\n","protected":false},"excerpt":{"rendered":"<p>Mangueira especial auto-futuante (dispensa o uso de flutuadores avulsos) para servi\u00e7os &#8230; <\/p>\n","protected":false},"featured_media":3933,"comment_status":"open","ping_status":"closed","template":"","meta":{"pagelayer_contact_templates":[],"_pagelayer_content":""},"product_brand":[96],"product_cat":[88],"product_tag":[112],"class_list":{"0":"post-3501","1":"product","2":"type-product","3":"status-publish","4":"has-post-thumbnail","6":"product_brand-realflex","7":"product_cat-mangueiras-industriais","8":"product_tag-abrasivos","10":"first","11":"instock","12":"sold-individually","13":"shipping-taxable","14":"product-type-simple"},"_links":{"self":[{"href":"https:\/\/realflex.com.br\/sitenovo\/wp-json\/wp\/v2\/product\/3501","targetHints":{"allow":["GET"]}}],"collection":[{"href":"https:\/\/realflex.com.br\/sitenovo\/wp-json\/wp\/v2\/product"}],"about":[{"href":"https:\/\/realflex.com.br\/sitenovo\/wp-json\/wp\/v2\/types\/product"}],"replies":[{"embeddable":true,"href":"https:\/\/realflex.com.br\/sitenovo\/wp-json\/wp\/v2\/comments?post=3501"}],"wp:featuredmedia":[{"embeddable":true,"href":"https:\/\/realflex.com.br\/sitenovo\/wp-json\/wp\/v2\/media\/3933"}],"wp:attachment":[{"href":"https:\/\/realflex.com.br\/sitenovo\/wp-json\/wp\/v2\/media?parent=3501"}],"wp:term":[{"taxonomy":"product_brand","embeddable":true,"href":"https:\/\/realflex.com.br\/sitenovo\/wp-json\/wp\/v2\/product_brand?post=3501"},{"taxonomy":"product_cat","embeddable":true,"href":"https:\/\/realflex.com.br\/sitenovo\/wp-json\/wp\/v2\/product_cat?post=3501"},{"taxonomy":"product_tag","embeddable":true,"href":"https:\/\/realflex.com.br\/sitenovo\/wp-json\/wp\/v2\/product_tag?post=3501"}],"curies":[{"name":"wp","href":"https:\/\/api.w.org\/{rel}","templated":true}]}}