{"id":3505,"date":"2025-08-15T11:16:26","date_gmt":"2025-08-15T11:16:26","guid":{"rendered":"https:\/\/realflex.com.br\/sitenovo\/?post_type=product&#038;p=3505"},"modified":"2026-01-04T03:17:58","modified_gmt":"2026-01-04T03:17:58","slug":"dragaflex","status":"publish","type":"product","link":"https:\/\/realflex.com.br\/sitenovo\/produto\/dragaflex\/","title":{"rendered":"Dragaflex"},"content":{"rendered":"<p>Indicado para servi\u00e7os pesados como conex\u00e3o flex\u00edvel na suc\u00e7\u00e3o e na linha de recalque em garimpos, pedreiras, minas e desassoreamento de portos e canais.<br \/>\nTerminais met\u00e1licos n\u00e3o dispon\u00edveis para este produto.<br \/>\nOBS: Di\u00e2metros externos da tabela abaixo considerando parede de 1 1\/4\u201d.<\/p>\n<ul>\n<li>Tubo Interno: tubo de borracha sint\u00e9tica preta resistente a abras\u00e3o.<\/li>\n<li>Refor\u00e7o: fios t\u00eaxteis de alta resist\u00eancia, com espiral de a\u00e7o mola intercalada.<\/li>\n<li>Cobertura: lisa (enfaixada), de borracha preta resistente a abras\u00e3o, intemp\u00e9ries e oz\u00f4nio.<\/li>\n<\/ul>\n<p><img decoding=\"async\" class=\"alignnone size-full wp-image-4002\" src=\"data:image\/svg+xml,%3Csvg%20xmlns%3D&#39;http%3A%2F%2Fwww.w3.org%2F2000%2Fsvg&#39;%20width=&#39;290&#39;%20height=&#39;156&#39;%20viewBox%3D&#39;0%200%20290%20156&#39;%2F%3E\" data-czlz data-src=\"https:\/\/realflex.com.br\/sitenovo\/wp-content\/uploads\/2025\/08\/terminais-dragaflex.jpg\" alt=\"\" width=\"290\" height=\"156\" \/><\/p>\n<p><a class=\"botaoDownload\" href=\"https:\/\/realflex.com.br\/sitenovo\/wp-content\/uploads\/2025\/12\/DRAGAFLEX.pdf\" target=\"_blank\" rel=\"noopener\"><span style=\"vertical-align: inherit;\">&gt;&gt; Ficha T\u00e9cnica<\/span><\/a><\/p>\n","protected":false},"excerpt":{"rendered":"<p>Indicado para servi\u00e7os pesados como conex\u00e3o flex\u00edvel na suc\u00e7\u00e3o e na &#8230; <\/p>\n","protected":false},"featured_media":3569,"comment_status":"open","ping_status":"closed","template":"","meta":{"pagelayer_contact_templates":[],"_pagelayer_content":""},"product_brand":[96],"product_cat":[88],"product_tag":[112],"class_list":{"0":"post-3505","1":"product","2":"type-product","3":"status-publish","4":"has-post-thumbnail","6":"product_brand-realflex","7":"product_cat-mangueiras-industriais","8":"product_tag-abrasivos","10":"first","11":"instock","12":"sold-individually","13":"shipping-taxable","14":"product-type-simple"},"_links":{"self":[{"href":"https:\/\/realflex.com.br\/sitenovo\/wp-json\/wp\/v2\/product\/3505","targetHints":{"allow":["GET"]}}],"collection":[{"href":"https:\/\/realflex.com.br\/sitenovo\/wp-json\/wp\/v2\/product"}],"about":[{"href":"https:\/\/realflex.com.br\/sitenovo\/wp-json\/wp\/v2\/types\/product"}],"replies":[{"embeddable":true,"href":"https:\/\/realflex.com.br\/sitenovo\/wp-json\/wp\/v2\/comments?post=3505"}],"wp:featuredmedia":[{"embeddable":true,"href":"https:\/\/realflex.com.br\/sitenovo\/wp-json\/wp\/v2\/media\/3569"}],"wp:attachment":[{"href":"https:\/\/realflex.com.br\/sitenovo\/wp-json\/wp\/v2\/media?parent=3505"}],"wp:term":[{"taxonomy":"product_brand","embeddable":true,"href":"https:\/\/realflex.com.br\/sitenovo\/wp-json\/wp\/v2\/product_brand?post=3505"},{"taxonomy":"product_cat","embeddable":true,"href":"https:\/\/realflex.com.br\/sitenovo\/wp-json\/wp\/v2\/product_cat?post=3505"},{"taxonomy":"product_tag","embeddable":true,"href":"https:\/\/realflex.com.br\/sitenovo\/wp-json\/wp\/v2\/product_tag?post=3505"}],"curies":[{"name":"wp","href":"https:\/\/api.w.org\/{rel}","templated":true}]}}