{"id":3956,"date":"2025-12-16T21:13:08","date_gmt":"2025-12-16T21:13:08","guid":{"rendered":"https:\/\/realflex.com.br\/sitenovo\/?post_type=product&#038;p=3956"},"modified":"2025-12-16T21:18:09","modified_gmt":"2025-12-16T21:18:09","slug":"tuboflex","status":"publish","type":"product","link":"https:\/\/realflex.com.br\/sitenovo\/produto\/tuboflex\/","title":{"rendered":"Tuboflex"},"content":{"rendered":"<p>Para radiadores industriais. Na ind\u00fastria, pode ainda ser utilizado em condi\u00e7\u00f5es n\u00e3o muito severas onde a press\u00e3o de trabalho n\u00e3o exceda 1 kgf\/cm2.<\/p>\n<ul>\n<li>Refor\u00e7o: fios t\u00eaxteis de alta resist\u00eancia.<\/li>\n<li>Tubo Interno: tubo de borracha sint\u00e9tica resistente ao calor.<\/li>\n<li>Cobertura: lisa (enfaixada), de borracha preta resistente a abras\u00e3o, intemp\u00e9ries e oz\u00f4nio.<\/li>\n<\/ul>\n<p><img decoding=\"async\" class=\"alignnone size-full wp-image-3950\" src=\"data:image\/svg+xml,%3Csvg%20xmlns%3D&#39;http%3A%2F%2Fwww.w3.org%2F2000%2Fsvg&#39;%20width=&#39;290&#39;%20height=&#39;110&#39;%20viewBox%3D&#39;0%200%20290%20110&#39;%2F%3E\" data-czlz data-src=\"https:\/\/realflex.com.br\/sitenovo\/wp-content\/uploads\/2025\/08\/terminais-irrigacao.jpg\" alt=\"\" width=\"290\" height=\"110\" \/><\/p>\n<p><a class=\"botaoDownload\" href=\"https:\/\/realflex.com.br\/sitenovo\/wp-content\/uploads\/2025\/12\/TUBOFLEX.pdf\" target=\"_blank\" rel=\"noopener\"><span style=\"vertical-align: inherit;\">&gt;&gt; Ficha T\u00e9cnica<\/span><\/a><\/p>\n","protected":false},"excerpt":{"rendered":"<p>Para radiadores industriais. Na ind\u00fastria, pode ainda ser utilizado em condi\u00e7\u00f5es &#8230; <\/p>\n","protected":false},"featured_media":3958,"comment_status":"open","ping_status":"closed","template":"","meta":{"pagelayer_contact_templates":[],"_pagelayer_content":""},"product_brand":[96],"product_cat":[89,88],"product_tag":[112],"class_list":{"0":"post-3956","1":"product","2":"type-product","3":"status-publish","4":"has-post-thumbnail","6":"product_brand-realflex","7":"product_cat-agua-e-ar","8":"product_cat-mangueiras-industriais","9":"product_tag-abrasivos","11":"first","12":"instock","13":"sold-individually","14":"shipping-taxable","15":"product-type-simple"},"_links":{"self":[{"href":"https:\/\/realflex.com.br\/sitenovo\/wp-json\/wp\/v2\/product\/3956","targetHints":{"allow":["GET"]}}],"collection":[{"href":"https:\/\/realflex.com.br\/sitenovo\/wp-json\/wp\/v2\/product"}],"about":[{"href":"https:\/\/realflex.com.br\/sitenovo\/wp-json\/wp\/v2\/types\/product"}],"replies":[{"embeddable":true,"href":"https:\/\/realflex.com.br\/sitenovo\/wp-json\/wp\/v2\/comments?post=3956"}],"wp:featuredmedia":[{"embeddable":true,"href":"https:\/\/realflex.com.br\/sitenovo\/wp-json\/wp\/v2\/media\/3958"}],"wp:attachment":[{"href":"https:\/\/realflex.com.br\/sitenovo\/wp-json\/wp\/v2\/media?parent=3956"}],"wp:term":[{"taxonomy":"product_brand","embeddable":true,"href":"https:\/\/realflex.com.br\/sitenovo\/wp-json\/wp\/v2\/product_brand?post=3956"},{"taxonomy":"product_cat","embeddable":true,"href":"https:\/\/realflex.com.br\/sitenovo\/wp-json\/wp\/v2\/product_cat?post=3956"},{"taxonomy":"product_tag","embeddable":true,"href":"https:\/\/realflex.com.br\/sitenovo\/wp-json\/wp\/v2\/product_tag?post=3956"}],"curies":[{"name":"wp","href":"https:\/\/api.w.org\/{rel}","templated":true}]}}